{"id":18037,"date":"2021-03-01T13:33:54","date_gmt":"2021-03-01T11:33:54","guid":{"rendered":"https:\/\/www.pussycatmerida.com\/eshop\/product\/kheper-games-juego-glow-in-the-dark-sex-es-en-fr-de\/"},"modified":"2026-03-11T12:26:55","modified_gmt":"2026-03-11T11:26:55","slug":"kheper-games-juego-glow-in-the-dark-sex-es-en-fr-de","status":"publish","type":"product","link":"https:\/\/www.pussycatmerida.com\/eshop\/producto\/kheper-games-juego-glow-in-the-dark-sex-es-en-fr-de\/","title":{"rendered":"KHEPER GAMES JUEGO GLOW IN THE DARK SEX! ES\/EN\/FR\/DE"},"content":{"rendered":"<p>\u00a1Hora de divertirse porque son dos juegos en uno! Puedes llevar a a cabo los preliminares en torno al tablero\u00a0y debes hacerlo antes de que la luz se vaya.\u00a0Adem\u00e1s las acciones para preliminares cambian si est\u00e1s jugando a oscuras o con luz. La primera persona que llegue al final, consigue una posici\u00f3n sexual. \u00a1Jugar en la oscuridad nunca ha sido tan divertido!<\/p>\n<p>Incluye:<\/p>\n<ul>\n<li>1 Tablero de juego<\/li>\n<li>1 Ruleta\u00a0<\/li>\n<li>2 Fichas\u00a0<\/li>\n<li>Reglas del juego.<\/li>\n<\/ul>\n<p>\u00a0<\/p>\n<p>\u00a0<\/p>\n<p>\u00a0<\/p>\n","protected":false},"excerpt":{"rendered":"<p>KHEPER GAMES JUEGO GLOW IN THE DARK SEX! ES\/EN\/FR\/DE<\/p>\n","protected":false},"featured_media":62873,"template":"","meta":[],"pwb-brand":[821],"product_brand":[],"product_cat":[375,379,376,443],"product_tag":[],"class_list":{"0":"post-18037","1":"product","2":"type-product","3":"status-publish","4":"has-post-thumbnail","6":"pwb-brand-kheper-games-inc","7":"product_cat-juegos","8":"product_cat-juegosjuegos-de-mesa","9":"product_cat-juegosjuegos-de-pareja","10":"product_cat-juegosjuegos-en-espanol","11":"post_count_is_0","12":"boutique_post_style_4","14":"first","15":"instock","16":"taxable","17":"shipping-taxable","18":"purchasable","19":"product-type-simple","20":"boutique_image_style_2"},"brands":[{"id":821,"name":"KHEPER GAMES, INC.","slug":"kheper-games-inc"}],"_links":{"self":[{"href":"https:\/\/www.pussycatmerida.com\/eshop\/wp-json\/wp\/v2\/product\/18037","targetHints":{"allow":["GET"]}}],"collection":[{"href":"https:\/\/www.pussycatmerida.com\/eshop\/wp-json\/wp\/v2\/product"}],"about":[{"href":"https:\/\/www.pussycatmerida.com\/eshop\/wp-json\/wp\/v2\/types\/product"}],"wp:featuredmedia":[{"embeddable":true,"href":"https:\/\/www.pussycatmerida.com\/eshop\/wp-json\/wp\/v2\/media\/62873"}],"wp:attachment":[{"href":"https:\/\/www.pussycatmerida.com\/eshop\/wp-json\/wp\/v2\/media?parent=18037"}],"wp:term":[{"taxonomy":"pwb-brand","embeddable":true,"href":"https:\/\/www.pussycatmerida.com\/eshop\/wp-json\/wp\/v2\/pwb-brand?post=18037"},{"taxonomy":"product_brand","embeddable":true,"href":"https:\/\/www.pussycatmerida.com\/eshop\/wp-json\/wp\/v2\/product_brand?post=18037"},{"taxonomy":"product_cat","embeddable":true,"href":"https:\/\/www.pussycatmerida.com\/eshop\/wp-json\/wp\/v2\/product_cat?post=18037"},{"taxonomy":"product_tag","embeddable":true,"href":"https:\/\/www.pussycatmerida.com\/eshop\/wp-json\/wp\/v2\/product_tag?post=18037"}],"curies":[{"name":"wp","href":"https:\/\/api.w.org\/{rel}","templated":true}]}}