{"id":18054,"date":"2021-03-06T15:02:24","date_gmt":"2021-03-06T13:02:24","guid":{"rendered":"https:\/\/www.pussycatmerida.com\/eshop\/product\/leather-body-arnes-cuero-azul-y-negro-chest-bulldog\/"},"modified":"2026-03-11T12:38:40","modified_gmt":"2026-03-11T11:38:40","slug":"leather-body-arnes-cuero-azul-y-negro-chest-bulldog","status":"publish","type":"product","link":"https:\/\/www.pussycatmerida.com\/eshop\/producto\/leather-body-arnes-cuero-azul-y-negro-chest-bulldog\/","title":{"rendered":"LEATHER BODY ARNES CUERO AZUL Y NEGRO CHEST BULLDOG"},"content":{"rendered":"<p>BDSM es un t\u00e9rmino creado para abarcar un grupo de pr\u00e1cticas y fantas\u00edas er\u00f3ticas. Se trata de una sigla formada con las iniciales de las siguientes palabras: Bondage, Disciplina; Dominaci\u00f3n, Sumisi\u00f3n y Sadismo Masoquismo. Abarca, por tanto, a una serie de pr\u00e1cticas y aficiones sexuales relacionadas entre s\u00ed y vinculadas a lo que se denomina sexualidades no convencionales o alternativa<\/p>\n<p>Practica el BDSM, con este Arnes leather para hombre, completamente enlazado y correas ajustables con cadenas de metal<\/p>\n<ul style=\"outline: 0px; box-sizing: border-box; margin-top: 0px; margin-bottom: 10px; line-height: 20.8px;\">\n<li style=\"outline: 0px; box-sizing: border-box;\">Apto para tallas de la S a la XL.<\/li>\n<li style=\"outline: 0px; box-sizing: border-box;\">Color: Azul y negro<\/li>\n<\/ul>\n<p style=\"outline: 0px; box-sizing: border-box; line-height: 20.8px;\">Consigue que tu experiencia BDSM sea la mejor!<\/p>\n","protected":false},"excerpt":{"rendered":"<p>LEATHER BODY ARNES CUERO AZUL Y NEGRO CHEST BULLDOG<\/p>\n","protected":false},"featured_media":35534,"template":"","meta":[],"pwb-brand":[551],"product_brand":[],"product_cat":[274,295],"product_tag":[],"class_list":{"0":"post-18054","1":"product","2":"type-product","3":"status-publish","4":"has-post-thumbnail","6":"pwb-brand-leather-body","7":"product_cat-juguetes-sexuales-xxx","8":"product_cat-juguetes-sexuales-xxxmetal","9":"post_count_is_0","10":"boutique_post_style_4","12":"first","13":"instock","14":"taxable","15":"shipping-taxable","16":"purchasable","17":"product-type-simple","18":"boutique_image_style_2"},"brands":[{"id":551,"name":"LEATHER BODY","slug":"leather-body"}],"_links":{"self":[{"href":"https:\/\/www.pussycatmerida.com\/eshop\/wp-json\/wp\/v2\/product\/18054","targetHints":{"allow":["GET"]}}],"collection":[{"href":"https:\/\/www.pussycatmerida.com\/eshop\/wp-json\/wp\/v2\/product"}],"about":[{"href":"https:\/\/www.pussycatmerida.com\/eshop\/wp-json\/wp\/v2\/types\/product"}],"wp:featuredmedia":[{"embeddable":true,"href":"https:\/\/www.pussycatmerida.com\/eshop\/wp-json\/wp\/v2\/media\/35534"}],"wp:attachment":[{"href":"https:\/\/www.pussycatmerida.com\/eshop\/wp-json\/wp\/v2\/media?parent=18054"}],"wp:term":[{"taxonomy":"pwb-brand","embeddable":true,"href":"https:\/\/www.pussycatmerida.com\/eshop\/wp-json\/wp\/v2\/pwb-brand?post=18054"},{"taxonomy":"product_brand","embeddable":true,"href":"https:\/\/www.pussycatmerida.com\/eshop\/wp-json\/wp\/v2\/product_brand?post=18054"},{"taxonomy":"product_cat","embeddable":true,"href":"https:\/\/www.pussycatmerida.com\/eshop\/wp-json\/wp\/v2\/product_cat?post=18054"},{"taxonomy":"product_tag","embeddable":true,"href":"https:\/\/www.pussycatmerida.com\/eshop\/wp-json\/wp\/v2\/product_tag?post=18054"}],"curies":[{"name":"wp","href":"https:\/\/api.w.org\/{rel}","templated":true}]}}