{"id":18056,"date":"2021-02-24T15:14:51","date_gmt":"2021-02-24T13:14:51","guid":{"rendered":"https:\/\/www.pussycatmerida.com\/eshop\/product\/metalhard-anillo-acero-con-plug-anal-45-x-45mm\/"},"modified":"2021-03-06T15:02:28","modified_gmt":"2021-03-06T13:02:28","slug":"metalhard-anillo-acero-con-plug-anal-45-x-45mm","status":"publish","type":"product","link":"https:\/\/www.pussycatmerida.com\/eshop\/producto\/metalhard-anillo-acero-con-plug-anal-45-x-45mm\/","title":{"rendered":"METALHARD ANILLO ACERO CON PLUG ANAL 45 X 45MM"},"content":{"rendered":"<p style=\"line-height: 18.9091px;\">Este anillo para test\u00edculos\u00a0es para BDSM pero puede ser utilizado por cualquiera que quiera un placer extra durante el acto sexual.<\/p>\n<p style=\"line-height: 18.9091px;\">Consiste en un aro de acero quir\u00fargico del que sale una barra con un plug anal c\u00f3nico en el otro extremo. Utiliza un poco de lubricante para introducirla. Est\u00e1 ergon\u00f3micamente dise\u00f1ado para que encaje perfectamente.<\/p>\n<p style=\"line-height: 18.9091px;\">Mantendr\u00e1 su funci\u00f3n de cockring para tu pene y test\u00edculos pero adem\u00e1s, con cada movimiento, sentir\u00e1s un placer incre\u00edble en el ano.<\/p>\n<ul style=\"line-height: 18.9091px;\">\n<li>Placer extremo!<\/li>\n<li>Tanto la bola como el cockring est\u00e1n fabricados en acero de grado quir\u00fargico y son hipoalerg\u00e9nicos.<\/li>\n<li>Colocar primero el pene y los test\u00edculos a trav\u00e9s del anillo y despu\u00e9s deslizar la bola<\/li>\n<\/ul>\n<p style=\"line-height: 18.9091px;\">El cockring de acero mantendr\u00e1 m\u00e1s fuerte la erecci\u00f3n mientras que el gancho con bola anal te dar\u00e1 estimulaci\u00f3n extra.\u00a0<\/p>\n<p style=\"line-height: 18.9091px;\">Medidas:<\/p>\n<ul>\n<li style=\"line-height: 18.9091px;\">Di\u00e1metro interior anillo: 5 cm\u00a0<\/li>\n<li style=\"line-height: 18.9091px;\">Di\u00e1metro exterior anillo:\u00a06.4 cm<\/li>\n<li style=\"line-height: 18.9091px;\">Di\u00e1metro m\u00e1ximo plug: 5 cm<\/li>\n<li style=\"line-height: 18.9091px;\">Peso: 1125 gramos<\/li>\n<\/ul>\n<p style=\"line-height: 18.9091px;\">\u00a0<\/p>\n","protected":false},"excerpt":{"rendered":"<p>METALHARD COCK RING WITH PLUG ANAL 45 X 45MM<\/p>\n","protected":false},"featured_media":35536,"template":"","meta":[],"pwb-brand":[472],"product_brand":[],"product_cat":[274,295],"product_tag":[],"class_list":{"0":"post-18056","1":"product","2":"type-product","3":"status-publish","4":"has-post-thumbnail","6":"pwb-brand-metal-hard","7":"product_cat-juguetes-sexuales-xxx","8":"product_cat-juguetes-sexuales-xxxmetal","9":"post_count_is_0","10":"boutique_post_style_4","12":"first","13":"instock","14":"taxable","15":"shipping-taxable","16":"purchasable","17":"product-type-simple","18":"boutique_image_style_2"},"brands":[{"id":472,"name":"METAL HARD","slug":"metal-hard"}],"_links":{"self":[{"href":"https:\/\/www.pussycatmerida.com\/eshop\/wp-json\/wp\/v2\/product\/18056","targetHints":{"allow":["GET"]}}],"collection":[{"href":"https:\/\/www.pussycatmerida.com\/eshop\/wp-json\/wp\/v2\/product"}],"about":[{"href":"https:\/\/www.pussycatmerida.com\/eshop\/wp-json\/wp\/v2\/types\/product"}],"wp:featuredmedia":[{"embeddable":true,"href":"https:\/\/www.pussycatmerida.com\/eshop\/wp-json\/wp\/v2\/media\/35536"}],"wp:attachment":[{"href":"https:\/\/www.pussycatmerida.com\/eshop\/wp-json\/wp\/v2\/media?parent=18056"}],"wp:term":[{"taxonomy":"pwb-brand","embeddable":true,"href":"https:\/\/www.pussycatmerida.com\/eshop\/wp-json\/wp\/v2\/pwb-brand?post=18056"},{"taxonomy":"product_brand","embeddable":true,"href":"https:\/\/www.pussycatmerida.com\/eshop\/wp-json\/wp\/v2\/product_brand?post=18056"},{"taxonomy":"product_cat","embeddable":true,"href":"https:\/\/www.pussycatmerida.com\/eshop\/wp-json\/wp\/v2\/product_cat?post=18056"},{"taxonomy":"product_tag","embeddable":true,"href":"https:\/\/www.pussycatmerida.com\/eshop\/wp-json\/wp\/v2\/product_tag?post=18056"}],"curies":[{"name":"wp","href":"https:\/\/api.w.org\/{rel}","templated":true}]}}