{"id":18064,"date":"2021-02-26T14:29:59","date_gmt":"2021-02-26T12:29:59","guid":{"rendered":"https:\/\/www.pussycatmerida.com\/eshop\/product\/control-xtra-dots-12-uds\/"},"modified":"2026-03-11T12:40:38","modified_gmt":"2026-03-11T11:40:38","slug":"control-xtra-dots-12-uds","status":"publish","type":"product","link":"https:\/\/www.pussycatmerida.com\/eshop\/producto\/control-xtra-dots-12-uds\/","title":{"rendered":"CONTROL XTRA DOTS 12 UDS"},"content":{"rendered":"<p>La gama mas excitante y atrevida de Control. Gracias a su especidal dise\u00f1o, lubricaci\u00f3n o sis innovadores texturas de puntos y estr\u00edas estrat\u00e9gicamente situadas, esta gama es la mas indicada para aquellos que deseen experimentar sensaciones intesamente apasionantes y excitantes.<\/p>\n<p>Tiene 264 Puntos de placer estrat\u00e9gicamente situados, ofrece a la mujer un placer superior<\/p>\n<ul>\n<li>Ancho nominal: 54 mm<\/li>\n<li>Longitud total. 190 mm<\/li>\n<li>12 unidades<\/li>\n<\/ul>\n<p style=\"text-align: center;\"><img loading=\"lazy\" decoding=\"async\" alt=\"\" height=\"230\" src=\"https:\/\/dreamlove.gesio.be\/UserFiles\/image\/homeGama.png\" style=\"text-align: center;\" width=\"505\" \/><\/p>\n","protected":false},"excerpt":{"rendered":"<p>CONTROL XTRA DOTS 12 UDS<\/p>\n","protected":false},"featured_media":47122,"template":"","meta":[],"pwb-brand":[50],"product_brand":[],"product_cat":[367,372],"product_tag":[],"class_list":{"0":"post-18064","1":"product","2":"type-product","3":"status-publish","4":"has-post-thumbnail","6":"pwb-brand-control","7":"product_cat-preservativos","8":"product_cat-preservativospreservativos-especiales","9":"post_count_is_0","10":"boutique_post_style_4","12":"first","13":"instock","14":"taxable","15":"shipping-taxable","16":"purchasable","17":"product-type-simple","18":"boutique_image_style_2"},"brands":[{"id":50,"name":"CONTROL","slug":"control"}],"_links":{"self":[{"href":"https:\/\/www.pussycatmerida.com\/eshop\/wp-json\/wp\/v2\/product\/18064","targetHints":{"allow":["GET"]}}],"collection":[{"href":"https:\/\/www.pussycatmerida.com\/eshop\/wp-json\/wp\/v2\/product"}],"about":[{"href":"https:\/\/www.pussycatmerida.com\/eshop\/wp-json\/wp\/v2\/types\/product"}],"wp:featuredmedia":[{"embeddable":true,"href":"https:\/\/www.pussycatmerida.com\/eshop\/wp-json\/wp\/v2\/media\/47122"}],"wp:attachment":[{"href":"https:\/\/www.pussycatmerida.com\/eshop\/wp-json\/wp\/v2\/media?parent=18064"}],"wp:term":[{"taxonomy":"pwb-brand","embeddable":true,"href":"https:\/\/www.pussycatmerida.com\/eshop\/wp-json\/wp\/v2\/pwb-brand?post=18064"},{"taxonomy":"product_brand","embeddable":true,"href":"https:\/\/www.pussycatmerida.com\/eshop\/wp-json\/wp\/v2\/product_brand?post=18064"},{"taxonomy":"product_cat","embeddable":true,"href":"https:\/\/www.pussycatmerida.com\/eshop\/wp-json\/wp\/v2\/product_cat?post=18064"},{"taxonomy":"product_tag","embeddable":true,"href":"https:\/\/www.pussycatmerida.com\/eshop\/wp-json\/wp\/v2\/product_tag?post=18064"}],"curies":[{"name":"wp","href":"https:\/\/api.w.org\/{rel}","templated":true}]}}