{"id":18464,"date":"2021-02-26T14:26:06","date_gmt":"2021-02-26T12:26:06","guid":{"rendered":"https:\/\/www.pussycatmerida.com\/eshop\/product\/secretplay-vibrador-liquido-fresh-stimulator-retard-15ml\/"},"modified":"2026-03-11T12:38:45","modified_gmt":"2026-03-11T11:38:45","slug":"secretplay-vibrador-liquido-fresh-stimulator-retard-15ml","status":"publish","type":"product","link":"https:\/\/www.pussycatmerida.com\/eshop\/producto\/secretplay-vibrador-liquido-fresh-stimulator-retard-15ml\/","title":{"rendered":"SECRETPLAY VIBRADOR LIQUIDO FRESH STIMULATOR RETARD 15ML"},"content":{"rendered":"<p>VIBRACIONES , ESTIMULOS Y CHOQUES DE PLACER!<\/p>\n<p>El vibrador l\u00edquido Fresh es un gel \u00edntimo unisex con aroma a menta, que produce sensaciones estimulantes debido a su efecto fr\u00edo y a las ondas de vibraci\u00f3n. Permite un mayor placer para ambos en las relaciones sexuales y una sensaci\u00f3n \u00fanica.<\/p>\n<p>MODO DE EMPLEO: Aplicar una peque\u00f1a cantidad sobre la zona \u00edntima con un suave masaje. Dejar actuar unos minutos.<\/p>\n<p>PRECAUCIONES: Producto cosm\u00e9tico de uso s\u00f3lo externo. No utilizar en caso de hipersensibilidad o alergia a alguno de los ingredientes. En caso de irritaci\u00f3n suspender el uso. No aplicar sobre los ojos o heridas. No ingerir. Mantener fuera del alcance de los ni\u00f1os. Conservar en un lugar fresco, seco y alejado de la luz solar.<\/p>\n<ul>\n<li>Envase con sistema \u201cAirless\u201d<\/li>\n<li>Capacidad: 15 ml<\/li>\n<li>Apto para veganos<\/li>\n<li>No testado en animales<\/li>\n<li>100% natural<\/li>\n<li>Hecho en Espa\u00f1a<\/li>\n<\/ul>\n","protected":false},"excerpt":{"rendered":"<p>SECRETPLAY LIQUID VIBRATOR FRESH RETARD 15ML<\/p>\n","protected":false},"featured_media":46775,"template":"","meta":[],"pwb-brand":[498,682],"product_brand":[],"product_cat":[337,328,359,361,331],"product_tag":[],"class_list":{"0":"post-18464","1":"product","2":"type-product","3":"status-publish","4":"has-post-thumbnail","6":"pwb-brand-secretplay","7":"pwb-brand-secretplaysecretplay-cosmetic","8":"product_cat-aceites-y-lubricantes","9":"product_cat-afrodisiacos","10":"product_cat-aceites-y-lubricantesorgasmo-femenino","11":"product_cat-aceites-y-lubricantesorgasmo-femeninopotenciador-orgasmo-femenino","12":"product_cat-afrodisiacosretardantes","13":"post_count_is_0","14":"boutique_post_style_4","16":"first","17":"instock","18":"taxable","19":"shipping-taxable","20":"purchasable","21":"product-type-simple","22":"boutique_image_style_2"},"brands":[{"id":498,"name":"SECRETPLAY","slug":"secretplay"},{"id":682,"name":"SECRETPLAY COSMETIC","slug":"secretplaysecretplay-cosmetic"}],"_links":{"self":[{"href":"https:\/\/www.pussycatmerida.com\/eshop\/wp-json\/wp\/v2\/product\/18464","targetHints":{"allow":["GET"]}}],"collection":[{"href":"https:\/\/www.pussycatmerida.com\/eshop\/wp-json\/wp\/v2\/product"}],"about":[{"href":"https:\/\/www.pussycatmerida.com\/eshop\/wp-json\/wp\/v2\/types\/product"}],"wp:featuredmedia":[{"embeddable":true,"href":"https:\/\/www.pussycatmerida.com\/eshop\/wp-json\/wp\/v2\/media\/46775"}],"wp:attachment":[{"href":"https:\/\/www.pussycatmerida.com\/eshop\/wp-json\/wp\/v2\/media?parent=18464"}],"wp:term":[{"taxonomy":"pwb-brand","embeddable":true,"href":"https:\/\/www.pussycatmerida.com\/eshop\/wp-json\/wp\/v2\/pwb-brand?post=18464"},{"taxonomy":"product_brand","embeddable":true,"href":"https:\/\/www.pussycatmerida.com\/eshop\/wp-json\/wp\/v2\/product_brand?post=18464"},{"taxonomy":"product_cat","embeddable":true,"href":"https:\/\/www.pussycatmerida.com\/eshop\/wp-json\/wp\/v2\/product_cat?post=18464"},{"taxonomy":"product_tag","embeddable":true,"href":"https:\/\/www.pussycatmerida.com\/eshop\/wp-json\/wp\/v2\/product_tag?post=18464"}],"curies":[{"name":"wp","href":"https:\/\/api.w.org\/{rel}","templated":true}]}}