{"id":18465,"date":"2021-02-26T14:28:17","date_gmt":"2021-02-26T12:28:17","guid":{"rendered":"https:\/\/www.pussycatmerida.com\/eshop\/product\/secretplay-love-vibrations-duo-pack\/"},"modified":"2026-03-11T12:38:46","modified_gmt":"2026-03-11T11:38:46","slug":"secretplay-love-vibrations-duo-pack","status":"publish","type":"product","link":"https:\/\/www.pussycatmerida.com\/eshop\/producto\/secretplay-love-vibrations-duo-pack\/","title":{"rendered":"SECRETPLAY LOVE VIBRATIONS DUO  PACK"},"content":{"rendered":"<p>Pack love vibration<\/p>\n<p>Para Ella: un sedoso gel que aporta una sensaci\u00f3n de calory cosquilleo. &#8211; Para \u00c9l: un gel retardante que da una sensaci\u00f3n de cosquilleo y frescor. Estimulantes pensados para parejas.<\/p>\n<p>Formado por dos envases de 15ml cada uno.<\/p>\n<p>Que es el vibrador liquido? Es un gel unisex que se extiende sobre la zona intima mediante un suave masaje, despues de su aplicacion produce unas sensaciones estimulantes con ondas de vibracion.\u00a0<\/p>\n<p>Permite un mayor placer para la pareja y una sensacion \u00fanica.\u00a0<\/p>\n<p>Envase con sistema AIRLESS<\/p>\n<ul>\n<li>Retardante efecto frio con aroma a MENTA.<\/li>\n<\/ul>\n<p>&#8212;&#8212;&#8212;&#8212;&#8212;&#8212;&#8212;&#8212;&#8212;&#8211;<\/p>\n<p>Qu\u00e9 es el Vibrador L\u00edquido? Es un gel unisex que se extiende sobre la piel mediante un suave masaje , despu\u00e9s de su aplicaci\u00f3n produce unas sensaciones estimulantes con ondas de vibraci\u00f3n.<\/p>\n<p>Permite un mayor placer para la pareja y una sensaci\u00f3n \u00fanica.<\/p>\n<ul>\n<li>Envase con sistema \u201cAirless\u201d.<\/li>\n<\/ul>\n","protected":false},"excerpt":{"rendered":"<p>SECRETPLAY LIQUID VIBRATOR &#8211; LOVE VIBRATIONS PACK<\/p>\n","protected":false},"featured_media":46965,"template":"","meta":[],"pwb-brand":[498,682],"product_brand":[],"product_cat":[342,337,328,340,353,336,356,359,361,330,334,365],"product_tag":[],"class_list":{"0":"post-18465","1":"product","2":"type-product","3":"status-publish","4":"has-post-thumbnail","6":"pwb-brand-secretplay","7":"pwb-brand-secretplaysecretplay-cosmetic","8":"product_cat-aceites-y-lubricantesaceites-y-cremas-de-masaje","9":"product_cat-aceites-y-lubricantes","10":"product_cat-afrodisiacos","11":"product_cat-aceites-y-lubricantesaumenta-la-potencia-en-el-hombre","12":"product_cat-aceites-y-lubricantesaceites-y-cremas-de-masajeclima-erotico","13":"product_cat-afrodisiacoscremas-potenciadores-orgasmo-femenino","14":"product_cat-aceites-y-lubricantesaceites-y-cremas-de-masajeefecto-afrodisiaco","15":"product_cat-aceites-y-lubricantesorgasmo-femenino","16":"product_cat-aceites-y-lubricantesorgasmo-femeninopotenciador-orgasmo-femenino","17":"product_cat-afrodisiacospotenciadores","18":"product_cat-afrodisiacossensibilizantes","19":"product_cat-aceites-y-lubricantesaumenta-la-potencia-en-el-hombrevigorizantes","20":"post_count_is_0","21":"boutique_post_style_4","23":"first","24":"instock","25":"taxable","26":"shipping-taxable","27":"purchasable","28":"product-type-simple","29":"boutique_image_style_2"},"brands":[{"id":498,"name":"SECRETPLAY","slug":"secretplay"},{"id":682,"name":"SECRETPLAY COSMETIC","slug":"secretplaysecretplay-cosmetic"}],"_links":{"self":[{"href":"https:\/\/www.pussycatmerida.com\/eshop\/wp-json\/wp\/v2\/product\/18465","targetHints":{"allow":["GET"]}}],"collection":[{"href":"https:\/\/www.pussycatmerida.com\/eshop\/wp-json\/wp\/v2\/product"}],"about":[{"href":"https:\/\/www.pussycatmerida.com\/eshop\/wp-json\/wp\/v2\/types\/product"}],"wp:featuredmedia":[{"embeddable":true,"href":"https:\/\/www.pussycatmerida.com\/eshop\/wp-json\/wp\/v2\/media\/46965"}],"wp:attachment":[{"href":"https:\/\/www.pussycatmerida.com\/eshop\/wp-json\/wp\/v2\/media?parent=18465"}],"wp:term":[{"taxonomy":"pwb-brand","embeddable":true,"href":"https:\/\/www.pussycatmerida.com\/eshop\/wp-json\/wp\/v2\/pwb-brand?post=18465"},{"taxonomy":"product_brand","embeddable":true,"href":"https:\/\/www.pussycatmerida.com\/eshop\/wp-json\/wp\/v2\/product_brand?post=18465"},{"taxonomy":"product_cat","embeddable":true,"href":"https:\/\/www.pussycatmerida.com\/eshop\/wp-json\/wp\/v2\/product_cat?post=18465"},{"taxonomy":"product_tag","embeddable":true,"href":"https:\/\/www.pussycatmerida.com\/eshop\/wp-json\/wp\/v2\/product_tag?post=18465"}],"curies":[{"name":"wp","href":"https:\/\/api.w.org\/{rel}","templated":true}]}}