{"id":20148,"date":"2021-02-26T15:09:17","date_gmt":"2021-02-26T13:09:17","guid":{"rendered":"https:\/\/www.pussycatmerida.com\/eshop\/product\/secretplay-monodosis-lubricante-fresas-nata-10ml\/"},"modified":"2026-03-11T12:26:43","modified_gmt":"2026-03-11T11:26:43","slug":"secretplay-monodosis-lubricante-fresas-nata-10ml","status":"publish","type":"product","link":"https:\/\/www.pussycatmerida.com\/eshop\/producto\/secretplay-monodosis-lubricante-fresas-nata-10ml\/","title":{"rendered":"SECRETPLAY MONODOSIS LUBRICANTE FRESAS  NATA 10ML"},"content":{"rendered":"<p>Nueva colecci\u00f3n de 2 en 1 lubricantes y masaje\u00a0 efecto calor. Sabores para todos los gustos. Sin az\u00facar ni parabenos, ideal para todas las zonas er\u00f3genas: Pezones, cuello, test\u00edculos, etc.<\/p>\n<p>\u2022 Puede usarse como aceite de masaje y como lubricante<br \/>\u2022 Compatible con preservativos y juguetes<br \/>\u2022 Sin az\u00facares, sin gluten y 100% vegano.<\/p>\n<p>Sachet<\/p>\n<ul>\n<li>Capacidad: 10 ml<\/li>\n<li>Aroma: Fresas con nata<\/li>\n<li>No testado en animales<\/li>\n<li>Puede usarse como aceite de masaje y como lubricante<\/li>\n<li>Compatible con preservativos y juguetes<\/li>\n<li>Sin az\u00facares, sin gluten y 100% vegano<\/li>\n<\/ul>\n","protected":false},"excerpt":{"rendered":"<p>SECRETPLAY SINGLE DOSE LUBRICANT STRAWBERRIES  CREAM 10ML<\/p>\n","protected":false},"featured_media":50423,"template":"","meta":[],"pwb-brand":[498,682],"product_brand":[],"product_cat":[337,338,400],"product_tag":[],"class_list":{"0":"post-20148","1":"product","2":"type-product","3":"status-publish","4":"has-post-thumbnail","6":"pwb-brand-secretplay","7":"pwb-brand-secretplaysecretplay-cosmetic","8":"product_cat-aceites-y-lubricantes","9":"product_cat-aceites-y-lubricanteslubricantes","10":"product_cat-aceites-y-lubricanteslubricantesmonodosis","11":"post_count_is_0","12":"boutique_post_style_4","14":"first","15":"instock","16":"taxable","17":"shipping-taxable","18":"purchasable","19":"product-type-simple","20":"boutique_image_style_2"},"brands":[{"id":498,"name":"SECRETPLAY","slug":"secretplay"},{"id":682,"name":"SECRETPLAY COSMETIC","slug":"secretplaysecretplay-cosmetic"}],"_links":{"self":[{"href":"https:\/\/www.pussycatmerida.com\/eshop\/wp-json\/wp\/v2\/product\/20148","targetHints":{"allow":["GET"]}}],"collection":[{"href":"https:\/\/www.pussycatmerida.com\/eshop\/wp-json\/wp\/v2\/product"}],"about":[{"href":"https:\/\/www.pussycatmerida.com\/eshop\/wp-json\/wp\/v2\/types\/product"}],"wp:featuredmedia":[{"embeddable":true,"href":"https:\/\/www.pussycatmerida.com\/eshop\/wp-json\/wp\/v2\/media\/50423"}],"wp:attachment":[{"href":"https:\/\/www.pussycatmerida.com\/eshop\/wp-json\/wp\/v2\/media?parent=20148"}],"wp:term":[{"taxonomy":"pwb-brand","embeddable":true,"href":"https:\/\/www.pussycatmerida.com\/eshop\/wp-json\/wp\/v2\/pwb-brand?post=20148"},{"taxonomy":"product_brand","embeddable":true,"href":"https:\/\/www.pussycatmerida.com\/eshop\/wp-json\/wp\/v2\/product_brand?post=20148"},{"taxonomy":"product_cat","embeddable":true,"href":"https:\/\/www.pussycatmerida.com\/eshop\/wp-json\/wp\/v2\/product_cat?post=20148"},{"taxonomy":"product_tag","embeddable":true,"href":"https:\/\/www.pussycatmerida.com\/eshop\/wp-json\/wp\/v2\/product_tag?post=20148"}],"curies":[{"name":"wp","href":"https:\/\/api.w.org\/{rel}","templated":true}]}}