{"id":20184,"date":"2021-02-24T14:57:28","date_gmt":"2021-02-24T12:57:28","guid":{"rendered":"https:\/\/www.pussycatmerida.com\/eshop\/product\/pdx-elite-estimulador-para-pene-con-vibracion\/"},"modified":"2026-03-11T12:38:32","modified_gmt":"2026-03-11T11:38:32","slug":"pdx-elite-estimulador-para-pene-con-vibracion","status":"publish","type":"product","link":"https:\/\/www.pussycatmerida.com\/eshop\/producto\/pdx-elite-estimulador-para-pene-con-vibracion\/","title":{"rendered":"PDX ELITE ESTIMULADOR PARA PENE CON VIBRACION"},"content":{"rendered":"<p>Creado para estimular tus zonas mas sensitivas y para una experiencia de masturbaci\u00f3n intensa.<\/p>\n<p>Experimenta la masturbaci\u00f3n en su punto m\u00e1ximo de placer . Rodea comodamente tu pene con este estimulador de silicona con vibraci\u00f3n, tan s\u00f3lo tienes que colocarlo en la punta y disfrutar de un fabuloso y placentero masaje. Est\u00e1 exclusiva y espec\u00edficamente dise\u00f1ado para estimular la zona de abajo del pene, por la zona del frenillo.<\/p>\n<ul>\n<li>Es flexible para un ajuste c\u00f3modo y adapatable a todo tipo de tama\u00f1os.\u00a0<\/li>\n<li>Potentes vibraci\u00f3n. Tan s\u00f3lo pulsa un bot\u00f3n de la bala (que adem\u00e1s es extra\u00edble) y activar\u00e1s una vibraci\u00f3n super potente. Su motor, funciona con una pila AAA (No incluida).<\/li>\n<li>Silicona de alta calidad y dise\u00f1ado espec\u00edficamente para elevar la experiencia al m\u00e1ximo placer<\/li>\n<li>Resistente al agua<\/li>\n<li>Multivelocidad<\/li>\n<\/ul>\n<p>\u00a0<\/p>\n<p style=\"text-align: center;\"><iframe loading=\"lazy\" allowfullscreen=\"\" frameborder=\"0\" height=\"400\" mozallowfullscreen=\"\" src=\"https:\/\/player.vimeo.com\/video\/216220028\" webkitallowfullscreen=\"\" width=\"700\"><\/iframe><\/p>\n","protected":false},"excerpt":{"rendered":"<p>PDX ELITE ESTIMULADOR PARA PENE CON VIBRACION<\/p>\n","protected":false},"featured_media":34564,"template":"","meta":[],"pwb-brand":[527,476],"product_brand":[],"product_cat":[276,288,274],"product_tag":[],"class_list":{"0":"post-20184","1":"product","2":"type-product","3":"status-publish","4":"has-post-thumbnail","6":"pwb-brand-pipedreams-pdx-elite","7":"pwb-brand-pipedreams","8":"product_cat-juguetes-sexuales-xxxaccesorios-para-el-pene","9":"product_cat-juguetes-sexuales-xxxestimuladores","10":"product_cat-juguetes-sexuales-xxx","11":"post_count_is_0","12":"boutique_post_style_4","14":"first","15":"instock","16":"taxable","17":"shipping-taxable","18":"purchasable","19":"product-type-simple","20":"boutique_image_style_2"},"brands":[{"id":527,"name":"PDX ELITE","slug":"pipedreams-pdx-elite"},{"id":476,"name":"PIPEDREAMS","slug":"pipedreams"}],"_links":{"self":[{"href":"https:\/\/www.pussycatmerida.com\/eshop\/wp-json\/wp\/v2\/product\/20184","targetHints":{"allow":["GET"]}}],"collection":[{"href":"https:\/\/www.pussycatmerida.com\/eshop\/wp-json\/wp\/v2\/product"}],"about":[{"href":"https:\/\/www.pussycatmerida.com\/eshop\/wp-json\/wp\/v2\/types\/product"}],"wp:featuredmedia":[{"embeddable":true,"href":"https:\/\/www.pussycatmerida.com\/eshop\/wp-json\/wp\/v2\/media\/34564"}],"wp:attachment":[{"href":"https:\/\/www.pussycatmerida.com\/eshop\/wp-json\/wp\/v2\/media?parent=20184"}],"wp:term":[{"taxonomy":"pwb-brand","embeddable":true,"href":"https:\/\/www.pussycatmerida.com\/eshop\/wp-json\/wp\/v2\/pwb-brand?post=20184"},{"taxonomy":"product_brand","embeddable":true,"href":"https:\/\/www.pussycatmerida.com\/eshop\/wp-json\/wp\/v2\/product_brand?post=20184"},{"taxonomy":"product_cat","embeddable":true,"href":"https:\/\/www.pussycatmerida.com\/eshop\/wp-json\/wp\/v2\/product_cat?post=20184"},{"taxonomy":"product_tag","embeddable":true,"href":"https:\/\/www.pussycatmerida.com\/eshop\/wp-json\/wp\/v2\/product_tag?post=20184"}],"curies":[{"name":"wp","href":"https:\/\/api.w.org\/{rel}","templated":true}]}}