{"id":20187,"date":"2021-02-26T10:31:47","date_gmt":"2021-02-26T08:31:47","guid":{"rendered":"https:\/\/www.pussycatmerida.com\/eshop\/product\/pdx-elite-masturbador-masculino-diseno-ano\/"},"modified":"2026-03-11T12:40:43","modified_gmt":"2026-03-11T11:40:43","slug":"pdx-elite-masturbador-masculino-diseno-ano","status":"publish","type":"product","link":"https:\/\/www.pussycatmerida.com\/eshop\/producto\/pdx-elite-masturbador-masculino-diseno-ano\/","title":{"rendered":"PDX ELITE  MASTURBADOR MASCULINO DISE\u00d1O ANO"},"content":{"rendered":"<p>El sistema de aire por succi\u00f3n har\u00e1 que tu pene o\u00a0test\u00edculos tengan la mejor sensaci\u00f3n de succion y masturbaci\u00f3n que hayas sentido jam\u00e1s.<\/p>\n<p>Su carcasa es solida y ribeada para un agarre \u00f3ptimo y su manga interior\u00a0est\u00e1 hecha\u00a0del famoso material Fanta Flesh con texturas que cumplir\u00e1n tus mejores fantasias de placer. Para cambiar la sensaci\u00f3n de estimulaci\u00f3n, solo quita el sticker de control de succi\u00f3n y pon tu dedo para ajustar el nivel manualmente. Su manga adem\u00e1s es extraible.\u00a0<\/p>\n<ul>\n<li>Sistema de succi\u00f3n por aire: Este sistema de succi\u00f3n, asegura la mas increible experiencia anal\u00a0posible. Controla el nivel de succi\u00f3n y ponlo a tu gusto en cada momento.<\/li>\n<li>Carcasa ergon\u00f3mica y dise\u00f1ada para un agarre \u00f3ptimo.<\/li>\n<li>Manga extraible con texturas que se calienta con la temperatura de tu cuerpo haciendo mas real y placentera la experiencia.<\/li>\n<li>Limpiar con limpiador de juguetes y agua tibia despues de usar<\/li>\n<li>Resistente al agua.<\/li>\n<li>Dise\u00f1o: Ano<\/li>\n<\/ul>\n<p style=\"text-align: center;\"><iframe loading=\"lazy\" allowfullscreen=\"\" frameborder=\"0\" height=\"400\" mozallowfullscreen=\"\" src=\"https:\/\/player.vimeo.com\/video\/210508660\" webkitallowfullscreen=\"\" width=\"700\"><\/iframe><\/p>\n","protected":false},"excerpt":{"rendered":"<p>PDX ELITE  MASTURBADOR MASCULINO DISE\u00d1O ANO<\/p>\n","protected":false},"featured_media":37385,"template":"","meta":[],"pwb-brand":[527,476],"product_brand":[],"product_cat":[288,274,293,305],"product_tag":[],"class_list":{"0":"post-20187","1":"product","2":"type-product","3":"status-publish","4":"has-post-thumbnail","6":"pwb-brand-pipedreams-pdx-elite","7":"pwb-brand-pipedreams","8":"product_cat-juguetes-sexuales-xxxestimuladores","9":"product_cat-juguetes-sexuales-xxx","10":"product_cat-juguetes-sexuales-xxxmasturbadores-para-ellos","11":"product_cat-juguetes-sexuales-xxxvaginas-y-anos","12":"post_count_is_0","13":"boutique_post_style_4","15":"first","16":"instock","17":"taxable","18":"shipping-taxable","19":"purchasable","20":"product-type-simple","21":"boutique_image_style_2"},"brands":[{"id":527,"name":"PDX ELITE","slug":"pipedreams-pdx-elite"},{"id":476,"name":"PIPEDREAMS","slug":"pipedreams"}],"_links":{"self":[{"href":"https:\/\/www.pussycatmerida.com\/eshop\/wp-json\/wp\/v2\/product\/20187","targetHints":{"allow":["GET"]}}],"collection":[{"href":"https:\/\/www.pussycatmerida.com\/eshop\/wp-json\/wp\/v2\/product"}],"about":[{"href":"https:\/\/www.pussycatmerida.com\/eshop\/wp-json\/wp\/v2\/types\/product"}],"wp:featuredmedia":[{"embeddable":true,"href":"https:\/\/www.pussycatmerida.com\/eshop\/wp-json\/wp\/v2\/media\/37385"}],"wp:attachment":[{"href":"https:\/\/www.pussycatmerida.com\/eshop\/wp-json\/wp\/v2\/media?parent=20187"}],"wp:term":[{"taxonomy":"pwb-brand","embeddable":true,"href":"https:\/\/www.pussycatmerida.com\/eshop\/wp-json\/wp\/v2\/pwb-brand?post=20187"},{"taxonomy":"product_brand","embeddable":true,"href":"https:\/\/www.pussycatmerida.com\/eshop\/wp-json\/wp\/v2\/product_brand?post=20187"},{"taxonomy":"product_cat","embeddable":true,"href":"https:\/\/www.pussycatmerida.com\/eshop\/wp-json\/wp\/v2\/product_cat?post=20187"},{"taxonomy":"product_tag","embeddable":true,"href":"https:\/\/www.pussycatmerida.com\/eshop\/wp-json\/wp\/v2\/product_tag?post=20187"}],"curies":[{"name":"wp","href":"https:\/\/api.w.org\/{rel}","templated":true}]}}