{"id":20191,"date":"2021-02-26T10:31:51","date_gmt":"2021-02-26T08:31:51","guid":{"rendered":"https:\/\/www.pussycatmerida.com\/eshop\/product\/pdx-elite-masturbador-masculino-moto-bator\/"},"modified":"2026-03-11T12:40:47","modified_gmt":"2026-03-11T11:40:47","slug":"pdx-elite-masturbador-masculino-moto-bator","status":"publish","type":"product","link":"https:\/\/www.pussycatmerida.com\/eshop\/producto\/pdx-elite-masturbador-masculino-moto-bator\/","title":{"rendered":"PDX ELITE MASTURBADOR MASCULINO MOTO BATOR"},"content":{"rendered":"<p>\u00a1Disfruta de la mejor experiencia con manos libres! Experimenta su increible sensaci\u00f3n de succi\u00f3n y sus potentes vibraciones que intensificar\u00e1n tus orgamos y maximizar\u00e1 tu placer. Adem\u00e1s puedes usarlo solo o en pareja.\u00a0<\/p>\n<p>Deslizate primero los suaves labios del\u00a0Moto-Bator y siente su fabulosa textura interior. Adem\u00e1s su potente motor y su sistema de presi\u00f3n te asergurar\u00e1n la mejor experiencia de masturbaci\u00f3n que hayas tenido. Escoge qu\u00e9 tipo de placer quieres, ya que puedes elegir con sus dos motores independientes si disfrutar de la sensaci\u00f3n de succi\u00f3n o de vibraci\u00f3n \u00a1o de las dos!\u00a0<\/p>\n<ul>\n<li>Masturbador masculino con doble motor<\/li>\n<li>Funci\u00f3n de succi\u00f3n.<\/li>\n<li>Manga suave y ajustada. Se adepata al calor del cuerpo.<\/li>\n<li>Limpiar manga despues de usar con limpiador de juguetes y agua tibia<\/li>\n<li>No\u00a0sumergir en agua<\/li>\n<\/ul>\n<p style=\"text-align: center;\"><iframe loading=\"lazy\" allowfullscreen=\"\" frameborder=\"0\" height=\"400\" mozallowfullscreen=\"\" src=\"https:\/\/player.vimeo.com\/video\/206586600\" webkitallowfullscreen=\"\" width=\"700\"><\/iframe><\/p>\n","protected":false},"excerpt":{"rendered":"<p>PDX ELITE MASTURBADOR MASCULINO MOTO BATOR<\/p>\n","protected":false},"featured_media":37400,"template":"","meta":[],"pwb-brand":[527,476],"product_brand":[],"product_cat":[274,902,293,305],"product_tag":[],"class_list":{"0":"post-20191","1":"product","2":"type-product","3":"status-publish","4":"has-post-thumbnail","6":"pwb-brand-pipedreams-pdx-elite","7":"pwb-brand-pipedreams","8":"product_cat-juguetes-sexuales-xxx","9":"product_cat-masturbador-hi-tech","10":"product_cat-juguetes-sexuales-xxxmasturbadores-para-ellos","11":"product_cat-juguetes-sexuales-xxxvaginas-y-anos","12":"post_count_is_0","13":"boutique_post_style_4","15":"first","16":"instock","17":"taxable","18":"shipping-taxable","19":"purchasable","20":"product-type-simple","21":"boutique_image_style_2"},"brands":[{"id":527,"name":"PDX ELITE","slug":"pipedreams-pdx-elite"},{"id":476,"name":"PIPEDREAMS","slug":"pipedreams"}],"_links":{"self":[{"href":"https:\/\/www.pussycatmerida.com\/eshop\/wp-json\/wp\/v2\/product\/20191","targetHints":{"allow":["GET"]}}],"collection":[{"href":"https:\/\/www.pussycatmerida.com\/eshop\/wp-json\/wp\/v2\/product"}],"about":[{"href":"https:\/\/www.pussycatmerida.com\/eshop\/wp-json\/wp\/v2\/types\/product"}],"wp:featuredmedia":[{"embeddable":true,"href":"https:\/\/www.pussycatmerida.com\/eshop\/wp-json\/wp\/v2\/media\/37400"}],"wp:attachment":[{"href":"https:\/\/www.pussycatmerida.com\/eshop\/wp-json\/wp\/v2\/media?parent=20191"}],"wp:term":[{"taxonomy":"pwb-brand","embeddable":true,"href":"https:\/\/www.pussycatmerida.com\/eshop\/wp-json\/wp\/v2\/pwb-brand?post=20191"},{"taxonomy":"product_brand","embeddable":true,"href":"https:\/\/www.pussycatmerida.com\/eshop\/wp-json\/wp\/v2\/product_brand?post=20191"},{"taxonomy":"product_cat","embeddable":true,"href":"https:\/\/www.pussycatmerida.com\/eshop\/wp-json\/wp\/v2\/product_cat?post=20191"},{"taxonomy":"product_tag","embeddable":true,"href":"https:\/\/www.pussycatmerida.com\/eshop\/wp-json\/wp\/v2\/product_tag?post=20191"}],"curies":[{"name":"wp","href":"https:\/\/api.w.org\/{rel}","templated":true}]}}