{"id":20192,"date":"2021-02-26T10:31:53","date_gmt":"2021-02-26T08:31:53","guid":{"rendered":"https:\/\/www.pussycatmerida.com\/eshop\/product\/pdx-elite-blowjob-power-pump\/"},"modified":"2026-03-11T12:27:58","modified_gmt":"2026-03-11T11:27:58","slug":"pdx-elite-blowjob-power-pump","status":"publish","type":"product","link":"https:\/\/www.pussycatmerida.com\/eshop\/producto\/pdx-elite-blowjob-power-pump\/","title":{"rendered":"PDX ELITE BLOWJOB POWER PUMP"},"content":{"rendered":"<p>Introduciendo la tecnologia IST se ha conseguido crear la increiblemente real\u00edstica sensaci\u00f3n de succi\u00f3n conocida como \u00abmilking\u00bb. Personaliza tu placer c\u00f3mo quieras y cuando quieras. Disfruta de una sensaci\u00f3n de succi\u00f3n intermitente o goza con una increible garganta profunda con la sensaci\u00f3n realista de estrecharse a medida que se introduce. Su cristal es transparente e incorpora una entrada estrecha con forma de labios para que puedas usarlo como masturbador.<\/p>\n<ul>\n<li>Tecnolog\u00eda avanzada IST. Disfruta de un placer sin l\u00edmites con su sensaci\u00f3n de succi\u00f3n intermitente que har\u00e1 increiblemente real\u00edstica la experiencia.<\/li>\n<li>Tubo transparente.<\/li>\n<li>Entrada forma de boca extraible.\u00a0<\/li>\n<li>Limpiar despues de usar<\/li>\n<li>Dos modos de succi\u00f3n , continua e intermitente.<\/li>\n<li>Sistema de liberaci\u00f3n de presi\u00f3n r\u00e1pida.<\/li>\n<\/ul>\n<p>\u00a0<\/p>\n<p style=\"text-align: center;\"><iframe loading=\"lazy\" allowfullscreen=\"\" frameborder=\"0\" height=\"400\" mozallowfullscreen=\"\" src=\"https:\/\/player.vimeo.com\/video\/215891263\" webkitallowfullscreen=\"\" width=\"700\"><\/iframe><\/p>\n","protected":false},"excerpt":{"rendered":"<p>PDX ELITE BLOWJOB POWER PUMP<\/p>\n","protected":false},"featured_media":37405,"template":"","meta":[],"pwb-brand":[527,476],"product_brand":[],"product_cat":[288,274,293,305],"product_tag":[],"class_list":{"0":"post-20192","1":"product","2":"type-product","3":"status-publish","4":"has-post-thumbnail","6":"pwb-brand-pipedreams-pdx-elite","7":"pwb-brand-pipedreams","8":"product_cat-juguetes-sexuales-xxxestimuladores","9":"product_cat-juguetes-sexuales-xxx","10":"product_cat-juguetes-sexuales-xxxmasturbadores-para-ellos","11":"product_cat-juguetes-sexuales-xxxvaginas-y-anos","12":"post_count_is_0","13":"boutique_post_style_4","15":"first","16":"instock","17":"taxable","18":"shipping-taxable","19":"purchasable","20":"product-type-simple","21":"boutique_image_style_2"},"brands":[{"id":527,"name":"PDX ELITE","slug":"pipedreams-pdx-elite"},{"id":476,"name":"PIPEDREAMS","slug":"pipedreams"}],"_links":{"self":[{"href":"https:\/\/www.pussycatmerida.com\/eshop\/wp-json\/wp\/v2\/product\/20192","targetHints":{"allow":["GET"]}}],"collection":[{"href":"https:\/\/www.pussycatmerida.com\/eshop\/wp-json\/wp\/v2\/product"}],"about":[{"href":"https:\/\/www.pussycatmerida.com\/eshop\/wp-json\/wp\/v2\/types\/product"}],"wp:featuredmedia":[{"embeddable":true,"href":"https:\/\/www.pussycatmerida.com\/eshop\/wp-json\/wp\/v2\/media\/37405"}],"wp:attachment":[{"href":"https:\/\/www.pussycatmerida.com\/eshop\/wp-json\/wp\/v2\/media?parent=20192"}],"wp:term":[{"taxonomy":"pwb-brand","embeddable":true,"href":"https:\/\/www.pussycatmerida.com\/eshop\/wp-json\/wp\/v2\/pwb-brand?post=20192"},{"taxonomy":"product_brand","embeddable":true,"href":"https:\/\/www.pussycatmerida.com\/eshop\/wp-json\/wp\/v2\/product_brand?post=20192"},{"taxonomy":"product_cat","embeddable":true,"href":"https:\/\/www.pussycatmerida.com\/eshop\/wp-json\/wp\/v2\/product_cat?post=20192"},{"taxonomy":"product_tag","embeddable":true,"href":"https:\/\/www.pussycatmerida.com\/eshop\/wp-json\/wp\/v2\/product_tag?post=20192"}],"curies":[{"name":"wp","href":"https:\/\/api.w.org\/{rel}","templated":true}]}}