{"id":20219,"date":"2021-02-24T14:53:25","date_gmt":"2021-02-24T12:53:25","guid":{"rendered":"https:\/\/www.pussycatmerida.com\/eshop\/product\/dillio-dildo-con-ventosa-20-32-cm-lila\/"},"modified":"2026-03-11T12:27:43","modified_gmt":"2026-03-11T11:27:43","slug":"dillio-dildo-con-ventosa-20-32-cm-lila","status":"publish","type":"product","link":"https:\/\/www.pussycatmerida.com\/eshop\/producto\/dillio-dildo-con-ventosa-20-32-cm-lila\/","title":{"rendered":"DILLIO DILDO CON VENTOSA 20.32 CM LILA"},"content":{"rendered":"<p>La l\u00ednea Dillio de PIPEDREAM est\u00e1 dise\u00f1ada para que alcances siempre el puntito exacto. Con una gran gama de diferentes tama\u00f1os, grosores y formas, las posibilidades son ilimitadas.<\/p>\n<p>Cada dildo tiene una ventosa super fuerte\u00a0en su base para adherirlo\u00a0casi a cualquier superficie y\u00a0que puedas disfrutarlo donde quieras. Adem\u00e1s, es compatible con arneses. Te sientes aventurera? Atr\u00e9vete a probar tambi\u00e9n\u00a0nuestros dildos dobles o con arn\u00e9s con tu pareja<\/p>\n<p>Creados de una goma fabricada en Am\u00e9rica de alt\u00edsima calidad. Son 100 % libre de ftalatos, l\u00e1tes y adem\u00e1s son hipoalerg\u00e9nicos.<\/p>\n<ul>\n<li>Libres de ftalatos y l\u00e1tex<\/li>\n<li>Material: Goma<\/li>\n<li>Hipoalerg\u00e9nicos\u00a0<\/li>\n<li>Color: Lila<\/li>\n<\/ul>\n<p style=\"text-align: center;\"><iframe loading=\"lazy\" allowfullscreen=\"\" frameborder=\"0\" height=\"400\" mozallowfullscreen=\"\" src=\"https:\/\/player.vimeo.com\/video\/199742267\" webkitallowfullscreen=\"\" width=\"700\"><\/iframe><\/p>\n","protected":false},"excerpt":{"rendered":"<p>DILLIO DILDO CON VENTOSA 20.32 CM LILA<\/p>\n","protected":false},"featured_media":33933,"template":"","meta":[],"pwb-brand":[492,476],"product_brand":[],"product_cat":[287,274],"product_tag":[],"class_list":{"0":"post-20219","1":"product","2":"type-product","3":"status-publish","4":"has-post-thumbnail","6":"pwb-brand-pipedreams-dillio","7":"pwb-brand-pipedreams","8":"product_cat-juguetes-sexuales-xxxdildos","9":"product_cat-juguetes-sexuales-xxx","10":"post_count_is_0","11":"boutique_post_style_4","13":"first","14":"instock","15":"taxable","16":"shipping-taxable","17":"purchasable","18":"product-type-simple","19":"boutique_image_style_2"},"brands":[{"id":492,"name":"DILLIO","slug":"pipedreams-dillio"},{"id":476,"name":"PIPEDREAMS","slug":"pipedreams"}],"_links":{"self":[{"href":"https:\/\/www.pussycatmerida.com\/eshop\/wp-json\/wp\/v2\/product\/20219","targetHints":{"allow":["GET"]}}],"collection":[{"href":"https:\/\/www.pussycatmerida.com\/eshop\/wp-json\/wp\/v2\/product"}],"about":[{"href":"https:\/\/www.pussycatmerida.com\/eshop\/wp-json\/wp\/v2\/types\/product"}],"wp:featuredmedia":[{"embeddable":true,"href":"https:\/\/www.pussycatmerida.com\/eshop\/wp-json\/wp\/v2\/media\/33933"}],"wp:attachment":[{"href":"https:\/\/www.pussycatmerida.com\/eshop\/wp-json\/wp\/v2\/media?parent=20219"}],"wp:term":[{"taxonomy":"pwb-brand","embeddable":true,"href":"https:\/\/www.pussycatmerida.com\/eshop\/wp-json\/wp\/v2\/pwb-brand?post=20219"},{"taxonomy":"product_brand","embeddable":true,"href":"https:\/\/www.pussycatmerida.com\/eshop\/wp-json\/wp\/v2\/product_brand?post=20219"},{"taxonomy":"product_cat","embeddable":true,"href":"https:\/\/www.pussycatmerida.com\/eshop\/wp-json\/wp\/v2\/product_cat?post=20219"},{"taxonomy":"product_tag","embeddable":true,"href":"https:\/\/www.pussycatmerida.com\/eshop\/wp-json\/wp\/v2\/product_tag?post=20219"}],"curies":[{"name":"wp","href":"https:\/\/api.w.org\/{rel}","templated":true}]}}