{"id":20300,"date":"2021-03-01T10:24:00","date_gmt":"2021-03-01T09:24:00","guid":{"rendered":"https:\/\/www.pussycatmerida.com\/eshop\/product\/king-cock-vibrador-realistico-stiffy-23-cm-natural\/"},"modified":"2026-03-11T12:26:13","modified_gmt":"2026-03-11T11:26:13","slug":"king-cock-vibrador-realistico-stiffy-23-cm-natural","status":"publish","type":"product","link":"https:\/\/www.pussycatmerida.com\/eshop\/producto\/king-cock-vibrador-realistico-stiffy-23-cm-natural\/","title":{"rendered":"KING COCK VIBRADOR REALISTICO STIFFY 23 CM &#8211; NATURAL"},"content":{"rendered":"<p>Si est\u00e1s buscando un real\u00edstico que siempre est\u00e9 listo para la acci\u00f3n, el vibrador Stiffy de King Cock es la perfecta elecci\u00f3n para disfrutar al m\u00e1ximo de un placer inigualable.<\/p>\n<p>Este dildo est\u00e1 fabricado en Am\u00e9rica. Con multiples velocidades selecciona la que prefieras y dejate llevar por sus increibles batidas. Adem\u00e1s es body safe y no tiene ftalatos. \u00a1Es incluso mejor que una real! Pru\u00e9balo\u00a0en la ducha o en el spa y convierte en tiempo del ba\u00f1o en tiempo para placer.<\/p>\n<p>Sumergible<\/p>\n<ul>\n<li>Libre de ftalatos<\/li>\n<li>Multivelocidad\u00a0<\/li>\n<li>Di\u00e1metro: 6.4\u00a0cm<\/li>\n<li>Color: Natural<\/li>\n<li>Pilas: 2C\u00a0 ( No incluidas. Pues encontrarla en la secci\u00f3n pilas).<\/li>\n<\/ul>\n<p>\u00a0<\/p>\n<p style=\"text-align: center;\"><sup><iframe loading=\"lazy\" allowfullscreen=\"\" frameborder=\"0\" height=\"400\" mozallowfullscreen=\"\" src=\"https:\/\/player.vimeo.com\/video\/199738020\" webkitallowfullscreen=\"\" width=\"700\"><\/iframe><\/sup><\/p>\n","protected":false},"excerpt":{"rendered":"<p>KING COCK VIBRADOR REALISTICO STIFFY 23 CM &#8211; NATURAL<\/p>\n","protected":false},"featured_media":56427,"template":"","meta":[],"pwb-brand":[493,476],"product_brand":[],"product_cat":[274,302,910],"product_tag":[],"class_list":{"0":"post-20300","1":"product","2":"type-product","3":"status-publish","4":"has-post-thumbnail","6":"pwb-brand-pipedreams-king-cock","7":"pwb-brand-pipedreams","8":"product_cat-juguetes-sexuales-xxx","9":"product_cat-juguetes-sexuales-xxxpenes","10":"product_cat-realisticos-con-vibracion","11":"post_count_is_0","12":"boutique_post_style_4","14":"first","15":"instock","16":"taxable","17":"shipping-taxable","18":"purchasable","19":"product-type-simple","20":"boutique_image_style_2"},"brands":[{"id":493,"name":"KING COCK","slug":"pipedreams-king-cock"},{"id":476,"name":"PIPEDREAMS","slug":"pipedreams"}],"_links":{"self":[{"href":"https:\/\/www.pussycatmerida.com\/eshop\/wp-json\/wp\/v2\/product\/20300","targetHints":{"allow":["GET"]}}],"collection":[{"href":"https:\/\/www.pussycatmerida.com\/eshop\/wp-json\/wp\/v2\/product"}],"about":[{"href":"https:\/\/www.pussycatmerida.com\/eshop\/wp-json\/wp\/v2\/types\/product"}],"wp:featuredmedia":[{"embeddable":true,"href":"https:\/\/www.pussycatmerida.com\/eshop\/wp-json\/wp\/v2\/media\/56427"}],"wp:attachment":[{"href":"https:\/\/www.pussycatmerida.com\/eshop\/wp-json\/wp\/v2\/media?parent=20300"}],"wp:term":[{"taxonomy":"pwb-brand","embeddable":true,"href":"https:\/\/www.pussycatmerida.com\/eshop\/wp-json\/wp\/v2\/pwb-brand?post=20300"},{"taxonomy":"product_brand","embeddable":true,"href":"https:\/\/www.pussycatmerida.com\/eshop\/wp-json\/wp\/v2\/product_brand?post=20300"},{"taxonomy":"product_cat","embeddable":true,"href":"https:\/\/www.pussycatmerida.com\/eshop\/wp-json\/wp\/v2\/product_cat?post=20300"},{"taxonomy":"product_tag","embeddable":true,"href":"https:\/\/www.pussycatmerida.com\/eshop\/wp-json\/wp\/v2\/product_tag?post=20300"}],"curies":[{"name":"wp","href":"https:\/\/api.w.org\/{rel}","templated":true}]}}