{"id":20306,"date":"2021-02-24T15:13:33","date_gmt":"2021-02-24T13:13:33","guid":{"rendered":"https:\/\/www.pussycatmerida.com\/eshop\/product\/pdx-elite-stroker-realistico-garganta-profunda-con-vibracion\/"},"modified":"2026-03-11T12:40:47","modified_gmt":"2026-03-11T11:40:47","slug":"pdx-elite-stroker-realistico-garganta-profunda-con-vibracion","status":"publish","type":"product","link":"https:\/\/www.pussycatmerida.com\/eshop\/producto\/pdx-elite-stroker-realistico-garganta-profunda-con-vibracion\/","title":{"rendered":"PDX ELITE STROKER REALISTICO GARGANTA PROFUNDA CON VIBRACION"},"content":{"rendered":"<p>Disfruta de lo \u00faltimo en experiencias con gargantas profundas con este fabuloso masturbador\u00a0de dise\u00f1o \u00fanico. \u00a1Es como una garganta de verdad! Fabricado con la silicona Fant-Flesh y con un exterior robusto, es perfecto para usar cuando quieras, s\u00f3lo abre y sentir\u00e1s el placer de una buena garganta profunda.<\/p>\n<p>Su dise\u00f1o de boca abre paso a un canal interior estrecho fabricado con silicona de alta calidad Fanta Flesh y sentir\u00e1s como si de una boca y una garganta de verdad se trataran. Sentir\u00e1s sus vibraciones sobre tu eje con solo pulsar un bot\u00f3n. Deslizate por la boca, peliizca en la nariz y siente un intenso orgasmo y un m\u00e1ximo placer.<\/p>\n<ul>\n<li>Dise\u00f1o real\u00edstico: Labios y lengua recibir\u00e1n primero tu miembro.<\/li>\n<li>Silicona de alta calidad. Se adapta a tu temperatura corporal<\/li>\n<li>Sensaci\u00f3n de succi\u00f3n intensa<\/li>\n<li>Sensaci\u00f3n garganta profunda.<\/li>\n<li>\u00a0Potentes vibraciones. Motor ultra potente que se activar\u00e1 f\u00e1cilmente con solo pulsar un bot\u00f3n<\/li>\n<li>Limpiar despues de usar con limpiador de juguetes y agua tibia.<\/li>\n<li>NO sumergible<\/li>\n<li>Se recomienda el uso de lubricantes de base agua<\/li>\n<\/ul>\n<p>Con PDX Elite podr\u00e1s disfrutar\u00a0del placer de una estimulaci\u00f3n vers\u00e1til y potente. Todo ello, adem\u00e1s, con motores de palta potencia\u00a0y silicona de primera calidad.<\/p>\n<p>\u00a0<\/p>\n<p style=\"text-align: center;\"><iframe loading=\"lazy\" allowfullscreen=\"\" frameborder=\"0\" height=\"400\" mozallowfullscreen=\"\" src=\"https:\/\/player.vimeo.com\/video\/213700114\" webkitallowfullscreen=\"\" width=\"700\"><\/iframe><\/p>\n<p>\u00a0<\/p>\n","protected":false},"excerpt":{"rendered":"<p>PDX ELITE STROKER REALISTICO GARGANTA PROFUNDA CON VIBRACION<\/p>\n","protected":false},"featured_media":35367,"template":"","meta":[],"pwb-brand":[527,476],"product_brand":[],"product_cat":[281,274,293],"product_tag":[],"class_list":{"0":"post-20306","1":"product","2":"type-product","3":"status-publish","4":"has-post-thumbnail","6":"pwb-brand-pipedreams-pdx-elite","7":"pwb-brand-pipedreams","8":"product_cat-juguetes-sexuales-xxxbocas-y-manos","9":"product_cat-juguetes-sexuales-xxx","10":"product_cat-juguetes-sexuales-xxxmasturbadores-para-ellos","11":"post_count_is_0","12":"boutique_post_style_4","14":"first","15":"instock","16":"taxable","17":"shipping-taxable","18":"purchasable","19":"product-type-simple","20":"boutique_image_style_2"},"brands":[{"id":527,"name":"PDX ELITE","slug":"pipedreams-pdx-elite"},{"id":476,"name":"PIPEDREAMS","slug":"pipedreams"}],"_links":{"self":[{"href":"https:\/\/www.pussycatmerida.com\/eshop\/wp-json\/wp\/v2\/product\/20306","targetHints":{"allow":["GET"]}}],"collection":[{"href":"https:\/\/www.pussycatmerida.com\/eshop\/wp-json\/wp\/v2\/product"}],"about":[{"href":"https:\/\/www.pussycatmerida.com\/eshop\/wp-json\/wp\/v2\/types\/product"}],"wp:featuredmedia":[{"embeddable":true,"href":"https:\/\/www.pussycatmerida.com\/eshop\/wp-json\/wp\/v2\/media\/35367"}],"wp:attachment":[{"href":"https:\/\/www.pussycatmerida.com\/eshop\/wp-json\/wp\/v2\/media?parent=20306"}],"wp:term":[{"taxonomy":"pwb-brand","embeddable":true,"href":"https:\/\/www.pussycatmerida.com\/eshop\/wp-json\/wp\/v2\/pwb-brand?post=20306"},{"taxonomy":"product_brand","embeddable":true,"href":"https:\/\/www.pussycatmerida.com\/eshop\/wp-json\/wp\/v2\/product_brand?post=20306"},{"taxonomy":"product_cat","embeddable":true,"href":"https:\/\/www.pussycatmerida.com\/eshop\/wp-json\/wp\/v2\/product_cat?post=20306"},{"taxonomy":"product_tag","embeddable":true,"href":"https:\/\/www.pussycatmerida.com\/eshop\/wp-json\/wp\/v2\/product_tag?post=20306"}],"curies":[{"name":"wp","href":"https:\/\/api.w.org\/{rel}","templated":true}]}}