{"id":20321,"date":"2021-02-26T15:45:10","date_gmt":"2021-02-26T13:45:10","guid":{"rendered":"https:\/\/www.pussycatmerida.com\/eshop\/product\/nina-cup-copa-menstrual-talla-l-lila\/"},"modified":"2026-03-11T12:26:40","modified_gmt":"2026-03-11T11:26:40","slug":"nina-cup-copa-menstrual-talla-l-lila","status":"publish","type":"product","link":"https:\/\/www.pussycatmerida.com\/eshop\/producto\/nina-cup-copa-menstrual-talla-l-lila\/","title":{"rendered":"NINA CUP COPA MENSTRUAL TALLA L LILA"},"content":{"rendered":"<p>NINACUP\u00a0es tu copa menstrual. Innovadora, c\u00f3moda y ecol\u00f3gica, es la soluci\u00f3n ideal para tu higiene \u00edntima. Elaborada en silicona 100% Silicona grado medico sin phalatos y su tolerancia es \u00f3ptima, permitiendo una utilizaci\u00f3n prolongada hasta 12 horas.<\/p>\n<p>La copa menstrual, conocida tambi\u00e9n como copa vaginal o simplemente copa de silicona, es un sustituto ecol\u00f3gico a los m\u00e9todos de higiene femenina corrientes com o pueden ser los tampones y las compresas<\/p>\n<p><img decoding=\"async\" alt=\"\" src=\"https:\/\/dreamlove.gesio.be\/UserFiles\/images\/4%283%29.png\" style=\"text-align: center; width: 305px; height: 500px; float: right;\" \/><\/p>\n<ul>\n<li>Ec\u00f3logica<\/li>\n<li>Hipoalergenica<\/li>\n<li>F\u00e1cil aplicacion<\/li>\n<li>Sin irritaciones<\/li>\n<li>12 horas de proteccion<\/li>\n<li>La Silicona con varios\u00a0controles de calidad mejor elaborada del mundo.<\/li>\n<\/ul>\n<p>El mecanismo de funcionamiento de una copa menstrual es sencillo. Se trata de una copa de silicona \u00a0que se introduce en la vagina durante los d\u00ed\u00adas de menstruaci\u00f3n. Al contrario que tampones y compresas, la copa menstrual no absorbe el flujo, lo retiene en su copa para que podamos deshacernos de \u00e9l m\u00e1s adelante.y un largo etc\u2026<\/p>\n<p>C\u00f3mo se usa NinaCup? ( Ver Imagen )\u00a0<\/p>\n<p style=\"text-align: center;\">Las copas menstruales NINACUP\u00a0se reutilizan, por ello son ecol\u00f3gicas para el medio ambiente y para el bolsillo, ya que\u00a0<strong>nos ahorramos dinero<\/strong>\u00a0al no tener que reponer tampones o compresas cada vez que tengamos la menstruaci\u00f3n.<\/p>\n<p _mce_style=\"text-align: justify;\" style=\"text-align: justify;\">Las copas menstruales no s\u00f3lo s<strong>on ecol\u00f3gicas y nos hacen ahorrar dinero<\/strong>\u00a0adem\u00e1s son beneficiosas para nuestra salud. El uso de compresas y tampones est\u00e1n asociado a problemas de sequedad, candidiasis, S\u00edndrome de Shock T\u00f3xico. Sin embargo,<strong>\u00a0las copas menstruales no afectan negativamente a nuestra salud<\/strong>, no son molestas y no alteran nuestra menstruaci\u00f3n.<\/p>\n<p _mce_style=\"text-align: justify;\" style=\"text-align: justify;\">Cada embase ha sido cuidado minuciosamente, en su interior contiene;<\/p>\n<ul>\n<li _mce_style=\"text-align: justify;\" style=\"text-align: justify;\">Copa NINA CUP<\/li>\n<li _mce_style=\"text-align: justify;\" style=\"text-align: justify;\">Bolsa de tela higi\u00e9nica<\/li>\n<li _mce_style=\"text-align: justify;\" style=\"text-align: justify;\">Instrucciones de uso en 6 idiomas, Espa\u00f1ol, Ingles, Frances, Aleman, Italiano, Portugues.<\/li>\n<\/ul>\n<p style=\"text-align: justify;\">Medidas;<\/p>\n<ul>\n<li style=\"text-align: justify;\">43mm diametro \u00a0x 30ml capacidad<\/li>\n<\/ul>\n<p style=\"text-align: justify;\">Se recomienda tras el uso limpiarlo con el\u00a0<strong>toycleaner NinaCup,\u00a0<\/strong>y guardar en la bolsa de dise\u00f1o incluida.<\/p>\n","protected":false},"excerpt":{"rendered":"<p>NINA CUP MENSTRUAL CUP SIZE PURPLE L<\/p>\n","protected":false},"featured_media":54218,"template":"","meta":[],"pwb-brand":[803],"product_brand":[],"product_cat":[417,380,382,274,292,322],"product_tag":[],"class_list":{"0":"post-20321","1":"product","2":"type-product","3":"status-publish","4":"has-post-thumbnail","6":"pwb-brand-nina-kiki","7":"product_cat-juguetes-sexuales-xxxarticulos-limpieza-e-higiene","8":"product_cat-articulos-variados","9":"product_cat-articulos-variadoscopa-vaginal","10":"product_cat-juguetes-sexuales-xxx","11":"product_cat-juguetes-sexuales-xxxlimpieza-y-conservacion","12":"product_cat-seccion-tuppersex","13":"post_count_is_0","14":"boutique_post_style_4","16":"first","17":"instock","18":"taxable","19":"shipping-taxable","20":"purchasable","21":"product-type-simple","22":"boutique_image_style_2"},"brands":[{"id":803,"name":"NINA KIK\u00cd","slug":"nina-kiki"}],"_links":{"self":[{"href":"https:\/\/www.pussycatmerida.com\/eshop\/wp-json\/wp\/v2\/product\/20321","targetHints":{"allow":["GET"]}}],"collection":[{"href":"https:\/\/www.pussycatmerida.com\/eshop\/wp-json\/wp\/v2\/product"}],"about":[{"href":"https:\/\/www.pussycatmerida.com\/eshop\/wp-json\/wp\/v2\/types\/product"}],"wp:featuredmedia":[{"embeddable":true,"href":"https:\/\/www.pussycatmerida.com\/eshop\/wp-json\/wp\/v2\/media\/54218"}],"wp:attachment":[{"href":"https:\/\/www.pussycatmerida.com\/eshop\/wp-json\/wp\/v2\/media?parent=20321"}],"wp:term":[{"taxonomy":"pwb-brand","embeddable":true,"href":"https:\/\/www.pussycatmerida.com\/eshop\/wp-json\/wp\/v2\/pwb-brand?post=20321"},{"taxonomy":"product_brand","embeddable":true,"href":"https:\/\/www.pussycatmerida.com\/eshop\/wp-json\/wp\/v2\/product_brand?post=20321"},{"taxonomy":"product_cat","embeddable":true,"href":"https:\/\/www.pussycatmerida.com\/eshop\/wp-json\/wp\/v2\/product_cat?post=20321"},{"taxonomy":"product_tag","embeddable":true,"href":"https:\/\/www.pussycatmerida.com\/eshop\/wp-json\/wp\/v2\/product_tag?post=20321"}],"curies":[{"name":"wp","href":"https:\/\/api.w.org\/{rel}","templated":true}]}}