{"id":20327,"date":"2021-02-26T15:45:22","date_gmt":"2021-02-26T13:45:22","guid":{"rendered":"https:\/\/www.pussycatmerida.com\/eshop\/product\/nina-kiki-esterilizador-copa-menstrual\/"},"modified":"2026-03-11T12:38:53","modified_gmt":"2026-03-11T11:38:53","slug":"nina-kiki-esterilizador-copa-menstrual","status":"publish","type":"product","link":"https:\/\/www.pussycatmerida.com\/eshop\/producto\/nina-kiki-esterilizador-copa-menstrual\/","title":{"rendered":"NINA KIK\u00cd ESTERILIZADOR COPA MENSTRUAL"},"content":{"rendered":"<p>Fabuloso vaso para esterilizar plegable, puedes desinfectar tu copa menstrual sin problemas.<\/p>\n<ul>\n<li>100% Silicona medica libre de phalatos.<\/li>\n<li>M\u00e1x. D\u00e1metro interior: 7 cm\u00a0<\/li>\n<li>Longitud (con tapa) 8.6 cm\u00a0<\/li>\n<li>V\u00e1lido para la mayor\u00eda de los tama\u00f1os de copa.\u00a0<\/li>\n<\/ul>\n<p>Instrucciones de uso: rellenar el vaso con agua, introducir la copa menstrual dentro del vaso y hervir dentro del microondas con la tapa abierta 2 \u00f3 3 minutos.<\/p>\n<p>Con este sencillo proceso podras esterilizar tu copa menstrual en menos de 5 minutos de una forma eficaz y sencilla.<\/p>\n<p>Gracias a su tama\u00f1o, podr\u00e1s llevarlo de viaje a cualquier lugar.<\/p>\n<p>Eficaz y Rapido!!<\/p>\n","protected":false},"excerpt":{"rendered":"<p>NINA KIK\u00cd CUP STERILIZER<\/p>\n","protected":false},"featured_media":54246,"template":"","meta":[],"pwb-brand":[803],"product_brand":[],"product_cat":[417,380,382,274,292,322],"product_tag":[],"class_list":{"0":"post-20327","1":"product","2":"type-product","3":"status-publish","4":"has-post-thumbnail","6":"pwb-brand-nina-kiki","7":"product_cat-juguetes-sexuales-xxxarticulos-limpieza-e-higiene","8":"product_cat-articulos-variados","9":"product_cat-articulos-variadoscopa-vaginal","10":"product_cat-juguetes-sexuales-xxx","11":"product_cat-juguetes-sexuales-xxxlimpieza-y-conservacion","12":"product_cat-seccion-tuppersex","13":"post_count_is_0","14":"boutique_post_style_4","16":"first","17":"instock","18":"taxable","19":"shipping-taxable","20":"purchasable","21":"product-type-simple","22":"boutique_image_style_2"},"brands":[{"id":803,"name":"NINA KIK\u00cd","slug":"nina-kiki"}],"_links":{"self":[{"href":"https:\/\/www.pussycatmerida.com\/eshop\/wp-json\/wp\/v2\/product\/20327","targetHints":{"allow":["GET"]}}],"collection":[{"href":"https:\/\/www.pussycatmerida.com\/eshop\/wp-json\/wp\/v2\/product"}],"about":[{"href":"https:\/\/www.pussycatmerida.com\/eshop\/wp-json\/wp\/v2\/types\/product"}],"wp:featuredmedia":[{"embeddable":true,"href":"https:\/\/www.pussycatmerida.com\/eshop\/wp-json\/wp\/v2\/media\/54246"}],"wp:attachment":[{"href":"https:\/\/www.pussycatmerida.com\/eshop\/wp-json\/wp\/v2\/media?parent=20327"}],"wp:term":[{"taxonomy":"pwb-brand","embeddable":true,"href":"https:\/\/www.pussycatmerida.com\/eshop\/wp-json\/wp\/v2\/pwb-brand?post=20327"},{"taxonomy":"product_brand","embeddable":true,"href":"https:\/\/www.pussycatmerida.com\/eshop\/wp-json\/wp\/v2\/product_brand?post=20327"},{"taxonomy":"product_cat","embeddable":true,"href":"https:\/\/www.pussycatmerida.com\/eshop\/wp-json\/wp\/v2\/product_cat?post=20327"},{"taxonomy":"product_tag","embeddable":true,"href":"https:\/\/www.pussycatmerida.com\/eshop\/wp-json\/wp\/v2\/product_tag?post=20327"}],"curies":[{"name":"wp","href":"https:\/\/api.w.org\/{rel}","templated":true}]}}