{"id":20329,"date":"2021-02-26T14:38:28","date_gmt":"2021-02-26T12:38:28","guid":{"rendered":"https:\/\/www.pussycatmerida.com\/eshop\/product\/intense-flippy-ii-huevo-recargable-remoto-lila\/"},"modified":"2026-03-11T12:38:00","modified_gmt":"2026-03-11T11:38:00","slug":"intense-flippy-ii-huevo-recargable-remoto-lila","status":"publish","type":"product","link":"https:\/\/www.pussycatmerida.com\/eshop\/producto\/intense-flippy-ii-huevo-recargable-remoto-lila\/","title":{"rendered":"INTENSE FLIPPY II HUEVO RECARGABLE REMOTO LILA"},"content":{"rendered":"<p>Intense incorpora un innovador sistema de vibraci\u00f3n inteligente potente y silencioso, un huevo control remoto en que puedes elegir entre 10 excitantes velocidades de vibraci\u00f3n org\u00e1smicos.<\/p>\n<p>Dise\u00f1ado para la estimulaci\u00f3n vaginal como frotar su cl\u00edtoris.<\/p>\n<p>SU mando a distancia de largo alcance INTENSE, le otorga con las mejores prestaciones del mercado.<\/p>\n<p>En cualquier lugar, disfruta del placer control remoto&#8230; ohh s\u00ed! Goza de placer y vibra bajo el control remoto de tu pareja. FLIPPY EGG II Es un huevo control remoto vaginal que permite a las parejas y a los solteros osados convertir en realidad sus Fantasias. Siente una fabulosa excitaci\u00f3n en cualquier momento. El d\u00f3nde y el c\u00f3mo lo eliges t\u00fa.<\/p>\n<p>Con un radio de control remoto de 10 metros, tus veladas ya no volver\u00e1n a ser lo mismo. Disfruta de la anticipaci\u00f3n del placer privado en lugares p\u00fablicos. Los 12 niveles de vibraci\u00f3n dejan mucho poder en tus manos y en las de tu pareja: el poder de usarlo con picard\u00eda y dejarte pidiendo m\u00e1s.<\/p>\n<p>Adem\u00e1s el Flippy II incluye un sistema inteligente de apagado autom\u00e1tico con lo que si no lo usas durante cinco minutos, se apagar\u00e1 autom\u00e1ticamente para optimizar el uso de la bater\u00eda.<\/p>\n<p>INTENSE est\u00e1 fabricado en silicona suave como la seda.<\/p>\n<ul>\n<li>12 Funciones de vibraci\u00f3n<\/li>\n<li>Control Remoto<\/li>\n<li>Usb recargable (Cable USB incluido)<\/li>\n<li>100% silicona suave + Abs<\/li>\n<li>Silencioso<\/li>\n<li>Medidas Huevo: 70 x 28 mm<\/li>\n<li>Medidas Mando: 75 x 45 mm<\/li>\n<li>Libre de Phthalate<\/li>\n<\/ul>\n<p>Debido a que este huevo vibrador potente es sensible a la temperatura, cuando lo insertes sentir\u00e1s su cuerpo redondeado y peque\u00f1o y notar\u00e1s c\u00f3mo su calor aumenta gradualmente. La forma de sus cuerdas consigue una extracci\u00f3n f\u00e1cil y c\u00f3moda. Al mostrarse simp\u00e1tico con tus<\/p>\n<p>Es completamente hipo alerg\u00e9nico, suave y seguro al tacto.<\/p>\n<p>Perfectamente empaquetado en caja blanca elegante. Abrir un huevo Intense es todo un lujo, contiene;<\/p>\n<ul>\n<li>Huevo control remoto<\/li>\n<li>Mando<\/li>\n<li>Cable Usb<\/li>\n<\/ul>\n<p style=\"text-align: center;\"><img decoding=\"async\" alt=\"\" src=\"https:\/\/dreamlove.gesio.be\/UserFiles\/images\/1qe71e.gif\" style=\"text-align: center; width: 360px; height: 360px;\" \/><\/p>\n<p style=\"text-align: center;\"><img decoding=\"async\" alt=\"\" src=\"https:\/\/dreamlove.gesio.be\/UserFiles\/images\/INTENSE.jpg\" style=\"width: 800px; height: 364px;\" \/><\/p>\n","protected":false},"excerpt":{"rendered":"<p>INTENSE FLIPPY II  VIBRATING EGG WITH REMOTE CONTROL PURPLE<\/p>\n","protected":false},"featured_media":48013,"template":"","meta":[],"pwb-brand":[146,466,465],"product_brand":[],"product_cat":[284,289,274,294,322],"product_tag":[],"class_list":{"0":"post-20329","1":"product","2":"type-product","3":"status-publish","4":"has-post-thumbnail","6":"pwb-brand-intense","7":"pwb-brand-intenseintense-toysintense-couples-toys","8":"pwb-brand-intenseintense-toys","9":"product_cat-juguetes-sexuales-xxxcontrol-remoto","10":"product_cat-juguetes-sexuales-xxxhuevos-vibradores","11":"product_cat-juguetes-sexuales-xxx","12":"product_cat-juguetes-sexuales-xxxmasturbadores-para-ellas","13":"product_cat-seccion-tuppersex","14":"post_count_is_0","15":"boutique_post_style_4","17":"first","18":"instock","19":"taxable","20":"shipping-taxable","21":"purchasable","22":"product-type-simple","23":"boutique_image_style_2"},"brands":[{"id":146,"name":"INTENSE","slug":"intense"},{"id":466,"name":"INTENSE COUPLES TOYS","slug":"intenseintense-toysintense-couples-toys"},{"id":465,"name":"INTENSE TOYS","slug":"intenseintense-toys"}],"_links":{"self":[{"href":"https:\/\/www.pussycatmerida.com\/eshop\/wp-json\/wp\/v2\/product\/20329","targetHints":{"allow":["GET"]}}],"collection":[{"href":"https:\/\/www.pussycatmerida.com\/eshop\/wp-json\/wp\/v2\/product"}],"about":[{"href":"https:\/\/www.pussycatmerida.com\/eshop\/wp-json\/wp\/v2\/types\/product"}],"wp:featuredmedia":[{"embeddable":true,"href":"https:\/\/www.pussycatmerida.com\/eshop\/wp-json\/wp\/v2\/media\/48013"}],"wp:attachment":[{"href":"https:\/\/www.pussycatmerida.com\/eshop\/wp-json\/wp\/v2\/media?parent=20329"}],"wp:term":[{"taxonomy":"pwb-brand","embeddable":true,"href":"https:\/\/www.pussycatmerida.com\/eshop\/wp-json\/wp\/v2\/pwb-brand?post=20329"},{"taxonomy":"product_brand","embeddable":true,"href":"https:\/\/www.pussycatmerida.com\/eshop\/wp-json\/wp\/v2\/product_brand?post=20329"},{"taxonomy":"product_cat","embeddable":true,"href":"https:\/\/www.pussycatmerida.com\/eshop\/wp-json\/wp\/v2\/product_cat?post=20329"},{"taxonomy":"product_tag","embeddable":true,"href":"https:\/\/www.pussycatmerida.com\/eshop\/wp-json\/wp\/v2\/product_tag?post=20329"}],"curies":[{"name":"wp","href":"https:\/\/api.w.org\/{rel}","templated":true}]}}