{"id":20333,"date":"2021-02-26T14:38:37","date_gmt":"2021-02-26T12:38:37","guid":{"rendered":"https:\/\/www.pussycatmerida.com\/eshop\/product\/intense-flippy-i-huevo-control-remoto-lila\/"},"modified":"2026-03-11T12:38:00","modified_gmt":"2026-03-11T11:38:00","slug":"intense-flippy-i-huevo-control-remoto-lila","status":"publish","type":"product","link":"https:\/\/www.pussycatmerida.com\/eshop\/producto\/intense-flippy-i-huevo-control-remoto-lila\/","title":{"rendered":"INTENSE FLIPPY I HUEVO CONTROL REMOTO LILA"},"content":{"rendered":"<p>Potente, silencioso y compacto!!\u00a0<\/p>\n<p>En cualquier lugar, disfruta del placer control remoto&#8230; ohh s\u00ed! Goza de placer y vibra bajo el control remoto de tu pareja. FLIPPY EGG I Bala vibradora control remoto vaginal que permite a las parejas y a los solteros osados convertir en realidad sus fantas\u00edas.\u00a0<br \/>Siente una fabulosa excitaci\u00f3n en cualquier momento. El d\u00f3nde y el c\u00f3mo lo eliges t\u00fa. Con un radio de control remoto de 10 metros, tus veladas ya no volver\u00e1n a ser lo mismo.\u00a0<\/p>\n<p>Disfruta de la anticipaci\u00f3n del placer privado en lugares p\u00fablicos. Los 12 niveles de vibraci\u00f3n dejan mucho poder en tus manos y en las de tu pareja: el poder de usarlo con picard\u00eda y dejarte pidiendo m\u00e1s.<br \/>INTENSE est\u00e1 fabricado en silicona suave como la seda.<\/p>\n<ul>\n<li>12 Funciones de vibraci\u00f3n<\/li>\n<li>2 Bater\u00edas AAA + 1 Bater\u00eda AAA ( No incluidas)\u00a0<\/li>\n<li>100% Silicona suave  Abs<\/li>\n<li>Silencioso<\/li>\n<li>Medidas Bala 79 x 32 mm<\/li>\n<li>Medidas Mando: 35 x 70 mm<\/li>\n<li>Libre de Phthalate<\/li>\n<\/ul>\n<p style=\"text-align: center;\"><img decoding=\"async\" alt=\"\" src=\"https:\/\/dreamlove.gesio.be\/UserFiles\/images\/1qe71e.gif\" style=\"text-align: center; width: 360px; height: 360px;\" \/><\/p>\n<p style=\"text-align: center;\"><img decoding=\"async\" alt=\"\" src=\"https:\/\/dreamlove.gesio.be\/UserFiles\/images\/habits-couples-have-sex%281%29.jpg\" style=\"text-align: center; width: 700px; height: 319px;\" \/><\/p>\n","protected":false},"excerpt":{"rendered":"<p>INTENSE FLIPPY I VIBRATING EGG WITH REMOTE CONTROL PURPLE<\/p>\n","protected":false},"featured_media":48029,"template":"","meta":[],"pwb-brand":[146,466,465],"product_brand":[],"product_cat":[284,289,274,294,322],"product_tag":[],"class_list":{"0":"post-20333","1":"product","2":"type-product","3":"status-publish","4":"has-post-thumbnail","6":"pwb-brand-intense","7":"pwb-brand-intenseintense-toysintense-couples-toys","8":"pwb-brand-intenseintense-toys","9":"product_cat-juguetes-sexuales-xxxcontrol-remoto","10":"product_cat-juguetes-sexuales-xxxhuevos-vibradores","11":"product_cat-juguetes-sexuales-xxx","12":"product_cat-juguetes-sexuales-xxxmasturbadores-para-ellas","13":"product_cat-seccion-tuppersex","14":"post_count_is_0","15":"boutique_post_style_4","17":"first","18":"instock","19":"taxable","20":"shipping-taxable","21":"purchasable","22":"product-type-simple","23":"boutique_image_style_2"},"brands":[{"id":146,"name":"INTENSE","slug":"intense"},{"id":466,"name":"INTENSE COUPLES TOYS","slug":"intenseintense-toysintense-couples-toys"},{"id":465,"name":"INTENSE TOYS","slug":"intenseintense-toys"}],"_links":{"self":[{"href":"https:\/\/www.pussycatmerida.com\/eshop\/wp-json\/wp\/v2\/product\/20333","targetHints":{"allow":["GET"]}}],"collection":[{"href":"https:\/\/www.pussycatmerida.com\/eshop\/wp-json\/wp\/v2\/product"}],"about":[{"href":"https:\/\/www.pussycatmerida.com\/eshop\/wp-json\/wp\/v2\/types\/product"}],"wp:featuredmedia":[{"embeddable":true,"href":"https:\/\/www.pussycatmerida.com\/eshop\/wp-json\/wp\/v2\/media\/48029"}],"wp:attachment":[{"href":"https:\/\/www.pussycatmerida.com\/eshop\/wp-json\/wp\/v2\/media?parent=20333"}],"wp:term":[{"taxonomy":"pwb-brand","embeddable":true,"href":"https:\/\/www.pussycatmerida.com\/eshop\/wp-json\/wp\/v2\/pwb-brand?post=20333"},{"taxonomy":"product_brand","embeddable":true,"href":"https:\/\/www.pussycatmerida.com\/eshop\/wp-json\/wp\/v2\/product_brand?post=20333"},{"taxonomy":"product_cat","embeddable":true,"href":"https:\/\/www.pussycatmerida.com\/eshop\/wp-json\/wp\/v2\/product_cat?post=20333"},{"taxonomy":"product_tag","embeddable":true,"href":"https:\/\/www.pussycatmerida.com\/eshop\/wp-json\/wp\/v2\/product_tag?post=20333"}],"curies":[{"name":"wp","href":"https:\/\/api.w.org\/{rel}","templated":true}]}}