{"id":20344,"date":"2021-03-01T10:27:30","date_gmt":"2021-03-01T08:27:30","guid":{"rendered":"https:\/\/www.pussycatmerida.com\/eshop\/product\/magnifique-collar-metalico-con-flecos-dorado\/"},"modified":"2026-03-11T12:39:41","modified_gmt":"2026-03-11T11:39:41","slug":"magnifique-collar-metalico-con-flecos-dorado","status":"publish","type":"product","link":"https:\/\/www.pussycatmerida.com\/eshop\/producto\/magnifique-collar-metalico-con-flecos-dorado\/","title":{"rendered":"MAGNIFIQUE COLLAR MET\u00c1LICO CON FLECOS  DORADO"},"content":{"rendered":"<p>Collar con acabado en forma de mini l\u00e1tigo. Perfecto con tus looks favoritos, lencer\u00eda o, simplemente, sobre la piel.<\/p>\n<ul>\n<li>Accesorios inspirados en las bailarinas de los cabarets neoyorquinos de los a\u00f1os 20, mujeres inconformistas, sensuales, atractivas,\u2026<\/li>\n<\/ul>\n<p>Contenido: Magnifique collar met\u00e1lico con flecos &#8211; Dorado<\/p>\n","protected":false},"excerpt":{"rendered":"<p>MAGNIFIQUE TICKLER PENDANT CHAIN &#8211; GOLD<\/p>\n","protected":false},"featured_media":56711,"template":"","meta":[],"pwb-brand":[51,632],"product_brand":[],"product_cat":[422,313,282,912,274,309,295],"product_tag":[],"class_list":{"0":"post-20344","1":"product","2":"type-product","3":"status-publish","4":"has-post-thumbnail","6":"pwb-brand-bijoux-indiscrets","7":"pwb-brand-bijoux-indiscretsbijoux-magnifique","8":"product_cat-juguetes-sexuales-xxxfetish-bondagebdsm-collares","9":"product_cat-lenceriacomplementos-lenceria","10":"product_cat-juguetes-sexuales-xxxfetish-bondage","11":"product_cat-joyeria-corporal","12":"product_cat-juguetes-sexuales-xxx","13":"product_cat-lenceria","14":"product_cat-juguetes-sexuales-xxxmetal","15":"post_count_is_0","16":"boutique_post_style_4","18":"first","19":"instock","20":"taxable","21":"shipping-taxable","22":"purchasable","23":"product-type-simple","24":"boutique_image_style_2"},"brands":[{"id":51,"name":"BIJOUX INDISCRETS","slug":"bijoux-indiscrets"},{"id":632,"name":"BIJOUX MAGNIFIQUE","slug":"bijoux-indiscretsbijoux-magnifique"}],"_links":{"self":[{"href":"https:\/\/www.pussycatmerida.com\/eshop\/wp-json\/wp\/v2\/product\/20344","targetHints":{"allow":["GET"]}}],"collection":[{"href":"https:\/\/www.pussycatmerida.com\/eshop\/wp-json\/wp\/v2\/product"}],"about":[{"href":"https:\/\/www.pussycatmerida.com\/eshop\/wp-json\/wp\/v2\/types\/product"}],"wp:featuredmedia":[{"embeddable":true,"href":"https:\/\/www.pussycatmerida.com\/eshop\/wp-json\/wp\/v2\/media\/56711"}],"wp:attachment":[{"href":"https:\/\/www.pussycatmerida.com\/eshop\/wp-json\/wp\/v2\/media?parent=20344"}],"wp:term":[{"taxonomy":"pwb-brand","embeddable":true,"href":"https:\/\/www.pussycatmerida.com\/eshop\/wp-json\/wp\/v2\/pwb-brand?post=20344"},{"taxonomy":"product_brand","embeddable":true,"href":"https:\/\/www.pussycatmerida.com\/eshop\/wp-json\/wp\/v2\/product_brand?post=20344"},{"taxonomy":"product_cat","embeddable":true,"href":"https:\/\/www.pussycatmerida.com\/eshop\/wp-json\/wp\/v2\/product_cat?post=20344"},{"taxonomy":"product_tag","embeddable":true,"href":"https:\/\/www.pussycatmerida.com\/eshop\/wp-json\/wp\/v2\/product_tag?post=20344"}],"curies":[{"name":"wp","href":"https:\/\/api.w.org\/{rel}","templated":true}]}}