{"id":20432,"date":"2021-03-01T10:46:19","date_gmt":"2021-03-01T08:46:19","guid":{"rendered":"https:\/\/www.pussycatmerida.com\/eshop\/product\/intimichic-copa-menstrual-silicona-medica-l\/"},"modified":"2026-03-11T12:26:40","modified_gmt":"2026-03-11T11:26:40","slug":"intimichic-copa-menstrual-silicona-medica-l","status":"publish","type":"product","link":"https:\/\/www.pussycatmerida.com\/eshop\/producto\/intimichic-copa-menstrual-silicona-medica-l\/","title":{"rendered":"INTIMICHIC COPA MENSTRUAL SILICONA MEDICA L"},"content":{"rendered":"<p>Intimichic Cup ha sido desarrollado con m\u00e9dicos especializados. Es la alternativa m\u00e1s innovadora y saludable al uso de tampones y compresas desechables. Intimichic Cup es una copa menstrual reutilizable que se adapta perfectamente a las paredes vaginales recogiendo el flujo menstrual, en lugar de absorberlo, sin p\u00e9rdidas, sin alterar la mucosa vaginal y sin impedir la lubricaci\u00f3n natural.<\/p>\n<ul>\n<li>Fabricada 100% en medical grade silicone, el material m\u00e1s seguro al contacto con la piel biocompatible que no causa ning\u00fan tipo de reacci\u00f3n al\u00e9rgica o inflamaci\u00f3n.<\/li>\n<li>Compatible con el DIU y el anillo anticonceptivo.<\/li>\n<li>Perfecto para el uso de la copa mientras haces deporte, viajas o duermes.<\/li>\n<\/ul>\n<p>C\u00f3mo elegir la talla correcta?<\/p>\n<ul>\n<li>Si eres menor de 25 a\u00f1os utiliza la talla S, si en cambio eres menor de 25 a\u00f1os pero has tenido un parto VAGINAL, (sin ces\u00e1rea ) utiliza la talla L.<\/li>\n<li>Si eres mayor de 25 a\u00f1os, utiliza la talla L, si en cambio eres mayor de 25 a\u00f1os pero has tenido un parto por CESAREA, utiliza la talla S.<\/li>\n<\/ul>\n<p>La copa menstrual INTIMICHIC es tambi\u00e9n la alternativa m\u00e1s econ\u00f3mica al uso de otros productos desechables, ya que su resistencia permite utilizarla durante 10 a\u00f1os aproximadamente. Su coste se amortiza en 6 meses.<\/p>\n<p>C\u00f3mo se usa?<\/p>\n<p>Intimichic es de muy f\u00e1cil uso y colocaci\u00f3n, lo m\u00e1s importante es estar relajada y encontrar la posici\u00f3n m\u00e1s c\u00f3moda tanto para la inserci\u00f3n como para la extracci\u00f3n.<\/p>\n<p>Los pasos a seguir son;<\/p>\n<ol>\n<li>Tener las manos completamente limpias<\/li>\n<li>Esterilice INTIMICHIC CUP durante 3 minutos en agua hirviendo.<\/li>\n<li>Aplique el esterilizador INTIMICHIC CLEANER y deje secar la copa.<\/li>\n<li>Aplique un poco de lubricante a base de agua antes de la primera introducci\u00f3n, facilitar\u00e1 la inserci\u00f3n.<\/li>\n<li>Es recomendable encuentre la postura m\u00e1s c\u00f3moda para una inserci\u00f3n f\u00e1cil.<\/li>\n<li>Sujete la copa con los dedos y compr\u00edmala en la posici\u00f3n m\u00e1s baja posible e introd\u00fazcala oblicuamente en la vagina hacia el fondo, la colocaci\u00f3n de una copa vaginal es m\u00e1s baja que un tamp\u00f3n.<\/li>\n<li>Tras la introducci\u00f3n en la vagina su\u00e9ltela y d\u00e9jela desplegar, autom\u00e1ticamente se adaptar\u00e1 a la pared vaginal.<\/li>\n<\/ol>\n<p style=\"text-align: center;\"><img decoding=\"async\" alt=\"\" src=\"https:\/\/dreamlove.gesio.be\/UserFiles\/images\/5%281%29.jpg\" style=\"width: 500px; height: 328px;\" \/><\/p>\n<p>La extracci\u00f3n es muy sencilla, tire del manguito inferior y autom\u00e1ticamente con cuidado ret\u00edrela, para vaciar el contenido.<\/p>\n<p>Una vez haya finalizado su uso.<\/p>\n<ol>\n<li>Limpie la copa menstrual con agua caliente, jab\u00f3n ph neutro y term\u00ednelo limpiando con el esterilizador INTIMICHIC.<\/li>\n<li>Guarde INTIMCHIC CUP, en la bolsa incluida en el interior de la caja.<\/li>\n<\/ol>\n<p>En cada envase encontrar\u00e1<\/p>\n<ul>\n<li>Copa INTIMICHIC medical silicone grade<\/li>\n<li>Bolsa tela<\/li>\n<li>Instrucciones de uso.<\/li>\n<\/ul>\n<p>INTIMICHIC CUP es la copa menstrual mejor desarrollada del mundo gracias a la colaboraci\u00f3n de m\u00e9dicos especialistas y obtenci\u00f3n de certificados por el material de fabricaci\u00f3n.<\/p>\n<ul>\n<li>Cl\u00ednicamente testada y 100% hipoalerg\u00e9nica<\/li>\n<li>Larga vida \u00fatil<\/li>\n<li>Textura interior suave y lisa.<\/li>\n<li>Biocompatible<\/li>\n<li>Gracias a su material, la limpieza es muy sencilla y completamente libre de bacterias.<\/li>\n<\/ul>\n<p style=\"text-align: center;\"><iframe loading=\"lazy\" allow=\"autoplay; encrypted-media\" allowfullscreen=\"\" frameborder=\"0\" height=\"400\" scrolling=\"no\" src=\"https:\/\/www.youtube.com\/embed\/-bFrHJ8DfOk\" width=\"800\"><\/iframe><\/p>\n","protected":false},"excerpt":{"rendered":"<p>INTIMICHIC MENSTRUAL CUP MEDICAL GRADE SILICONE SIZE L<\/p>\n","protected":false},"featured_media":58171,"template":"","meta":[],"pwb-brand":[550],"product_brand":[],"product_cat":[380,382,322],"product_tag":[],"class_list":{"0":"post-20432","1":"product","2":"type-product","3":"status-publish","4":"has-post-thumbnail","6":"pwb-brand-intimichic","7":"product_cat-articulos-variados","8":"product_cat-articulos-variadoscopa-vaginal","9":"product_cat-seccion-tuppersex","10":"post_count_is_0","11":"boutique_post_style_4","13":"first","14":"instock","15":"taxable","16":"shipping-taxable","17":"purchasable","18":"product-type-simple","19":"boutique_image_style_2"},"brands":[{"id":550,"name":"INTIMICHIC","slug":"intimichic"}],"_links":{"self":[{"href":"https:\/\/www.pussycatmerida.com\/eshop\/wp-json\/wp\/v2\/product\/20432","targetHints":{"allow":["GET"]}}],"collection":[{"href":"https:\/\/www.pussycatmerida.com\/eshop\/wp-json\/wp\/v2\/product"}],"about":[{"href":"https:\/\/www.pussycatmerida.com\/eshop\/wp-json\/wp\/v2\/types\/product"}],"wp:featuredmedia":[{"embeddable":true,"href":"https:\/\/www.pussycatmerida.com\/eshop\/wp-json\/wp\/v2\/media\/58171"}],"wp:attachment":[{"href":"https:\/\/www.pussycatmerida.com\/eshop\/wp-json\/wp\/v2\/media?parent=20432"}],"wp:term":[{"taxonomy":"pwb-brand","embeddable":true,"href":"https:\/\/www.pussycatmerida.com\/eshop\/wp-json\/wp\/v2\/pwb-brand?post=20432"},{"taxonomy":"product_brand","embeddable":true,"href":"https:\/\/www.pussycatmerida.com\/eshop\/wp-json\/wp\/v2\/product_brand?post=20432"},{"taxonomy":"product_cat","embeddable":true,"href":"https:\/\/www.pussycatmerida.com\/eshop\/wp-json\/wp\/v2\/product_cat?post=20432"},{"taxonomy":"product_tag","embeddable":true,"href":"https:\/\/www.pussycatmerida.com\/eshop\/wp-json\/wp\/v2\/product_tag?post=20432"}],"curies":[{"name":"wp","href":"https:\/\/api.w.org\/{rel}","templated":true}]}}