{"id":20464,"date":"2021-02-26T14:38:47","date_gmt":"2021-02-26T12:38:47","guid":{"rendered":"https:\/\/www.pussycatmerida.com\/eshop\/product\/coverme-huevo-control-remoto-lapi-lila\/"},"modified":"2026-03-11T12:26:12","modified_gmt":"2026-03-11T11:26:12","slug":"coverme-huevo-control-remoto-lapi-lila","status":"publish","type":"product","link":"https:\/\/www.pussycatmerida.com\/eshop\/producto\/coverme-huevo-control-remoto-lapi-lila\/","title":{"rendered":"COVERME HUEVO CONTROL REMOTO LAPI LILA"},"content":{"rendered":"<p>Embellece el Sexo! Elige a tu pareja y comparte las sensaciones!<\/p>\n<p>Lapi es belleza, elegancia y tecnolog\u00eda! Incorpora un motor con vibraciones de baja frecuencia, potente y silencioso que se controla por un mando control remoto discreto.<\/p>\n<p>Piensa en compartir el placer con tu pareja en cualquier lugar y en cualquier momento sin que nadie del alrededor se percate de vuestro juego.<\/p>\n<ul>\n<li>Equipado con un potente motor y un manejo sencillo 12 Modos de vibraci\u00f3n<\/li>\n<li>Dise\u00f1ado y manufacturado en Alemania<\/li>\n<li>Silencioso, menos de 50db<\/li>\n<li>Libre de Phthalate<\/li>\n<li>Recargable con bater\u00eda de Lithium Polymer. \u00a0Porque debes proteger al planeta<\/li>\n<li>Fabricado con silicona medica anti alerg\u00e9nica porque debes proteger tu cuerpo.<\/li>\n<li>F\u00e1cil limpieza con el toy cleaner Intimichic o con agua y jab\u00f3n ph neutro.<\/li>\n<li>Longitud; 7 Cm<\/li>\n<li>Ancho;\u00a0 2.9 cm<\/li>\n<\/ul>\n<p>LAPI pesa tan solo 50g gramos, muy f\u00e1cil de manejar.<\/p>\n<p>Adem\u00e1s el Lapi incluye un sistema inteligente de apagado autom\u00e1tico con lo que si no lo usas durante cinco minutos, se apagar\u00e1 autom\u00e1ticamente para optimizar el uso de la bater\u00eda.<\/p>\n<p>Coverme arrasa gracias a sus potentes motores de baja frecuencia .La silicona suave y sedosa realza la belleza de un juguete que siempre deja el deseo de volver a utilizarlo.<\/p>\n<p>La nueva colecci\u00f3n PURPLE COVERME, est\u00e1 dise\u00f1ada y pensada para desarrollar las Fantasias que siempre has pensado y que han llenado tu mente con la garant\u00eda de un juguete de primera calidad.<\/p>\n<p>\u00a0<\/p>\n<p style=\"text-align: center;\"><iframe loading=\"lazy\" allow=\"autoplay; encrypted-media\" allowfullscreen=\"\" frameborder=\"0\" height=\"350\" scrolling=\"no\" src=\"https:\/\/www.youtube.com\/embed\/m9B-jnMJBKA\" width=\"800\"><\/iframe><\/p>\n","protected":false},"excerpt":{"rendered":"<p>COVERME REMOTE CONTROL LAPI  PURPLE<\/p>\n","protected":false},"featured_media":48052,"template":"","meta":[],"pwb-brand":[469],"product_brand":[],"product_cat":[284,289,274,322],"product_tag":[],"class_list":{"0":"post-20464","1":"product","2":"type-product","3":"status-publish","4":"has-post-thumbnail","6":"pwb-brand-coverme","7":"product_cat-juguetes-sexuales-xxxcontrol-remoto","8":"product_cat-juguetes-sexuales-xxxhuevos-vibradores","9":"product_cat-juguetes-sexuales-xxx","10":"product_cat-seccion-tuppersex","11":"post_count_is_0","12":"boutique_post_style_4","14":"first","15":"instock","16":"taxable","17":"shipping-taxable","18":"purchasable","19":"product-type-simple","20":"boutique_image_style_2"},"brands":[{"id":469,"name":"COVERME","slug":"coverme"}],"_links":{"self":[{"href":"https:\/\/www.pussycatmerida.com\/eshop\/wp-json\/wp\/v2\/product\/20464","targetHints":{"allow":["GET"]}}],"collection":[{"href":"https:\/\/www.pussycatmerida.com\/eshop\/wp-json\/wp\/v2\/product"}],"about":[{"href":"https:\/\/www.pussycatmerida.com\/eshop\/wp-json\/wp\/v2\/types\/product"}],"wp:featuredmedia":[{"embeddable":true,"href":"https:\/\/www.pussycatmerida.com\/eshop\/wp-json\/wp\/v2\/media\/48052"}],"wp:attachment":[{"href":"https:\/\/www.pussycatmerida.com\/eshop\/wp-json\/wp\/v2\/media?parent=20464"}],"wp:term":[{"taxonomy":"pwb-brand","embeddable":true,"href":"https:\/\/www.pussycatmerida.com\/eshop\/wp-json\/wp\/v2\/pwb-brand?post=20464"},{"taxonomy":"product_brand","embeddable":true,"href":"https:\/\/www.pussycatmerida.com\/eshop\/wp-json\/wp\/v2\/product_brand?post=20464"},{"taxonomy":"product_cat","embeddable":true,"href":"https:\/\/www.pussycatmerida.com\/eshop\/wp-json\/wp\/v2\/product_cat?post=20464"},{"taxonomy":"product_tag","embeddable":true,"href":"https:\/\/www.pussycatmerida.com\/eshop\/wp-json\/wp\/v2\/product_tag?post=20464"}],"curies":[{"name":"wp","href":"https:\/\/api.w.org\/{rel}","templated":true}]}}