{"id":20472,"date":"2021-02-26T14:38:53","date_gmt":"2021-02-26T12:38:53","guid":{"rendered":"https:\/\/www.pussycatmerida.com\/eshop\/product\/waterfeel-lubricante-natural-150ml-en-it-nl-fr-de\/"},"modified":"2026-03-11T12:26:15","modified_gmt":"2026-03-11T11:26:15","slug":"waterfeel-lubricante-natural-150ml-en-it-nl-fr-de","status":"publish","type":"product","link":"https:\/\/www.pussycatmerida.com\/eshop\/producto\/waterfeel-lubricante-natural-150ml-en-it-nl-fr-de\/","title":{"rendered":"WATERFEEL LUBRICANTE NATURAL 150ML EN IT NL FR DE"},"content":{"rendered":"<p>Hemos desarrollado un lubricante de base agua, suave y sedoso, sin olor, transparente y natural, respetuoso con tu piel.<\/p>\n<p>Con los lubricantes\u00a0<span style=\"color: rgb(0, 0, 0);\">Waterfeel\u00ae tendras una experiencia de calidad.<\/span><\/p>\n<ul>\n<li>Instrucciones de uso: aplica la cantidad de lubricante que quieras en las partes del cuerpo deseadas y rep\u00edtalo todas las veces que quieras.\u00a0<\/li>\n<\/ul>\n<p>Los lubricantes\u00a0<span style=\"color: rgb(0, 0, 0);\">Waterfeel\u00ae son compatibles con preservativos de Latex.<\/span><\/p>\n<ul>\n<li><span style=\"color: rgb(0, 0, 0);\">Perfecto para lubricacion y masajes<\/span><\/li>\n<li><span style=\"color: rgb(0, 0, 0);\">Apto para el sexo oral<\/span><\/li>\n<li>Ideal para utilizarlo con juguetes sexuales<\/li>\n<\/ul>\n<p>Envase de 150ml.<\/p>\n<p>Water-based lubricant. Suitable for body massages, sexual intercourse and for use with latex condoms.<br \/>Directions for use: apply as much lubricant as you want on the body parts you want and repeat as often as you like. Before using the lubricant on a regular basis; apply a small amount to your forearm. If an allergic reaction occurs, discontinue use. Keep out of reach of children. Store in a cool dark place. Best before use \/ Batch number: see package.<\/p>\n<p>DE<br \/>Gleitmittel auf Wasserbasis. Geeignet f\u00fcr K\u00f6rpermassagen, Geschlechtsverkehr und f\u00fcr Verwendung mit Latex Kondomen.<br \/>Gebrauchsanweisung: Schmieren Sie so viel Gleitmittel auf die gew\u00fcnschten K\u00f6rperteile wie Sie wollen und wiederholen Sie so oft Sie wollen.<br \/>Test Ehe Sie das Gleitmittel regelm\u00e4\u00dfig benutzen, testen Sie es erst, indem Sie ein wenig davon\u00a0<br \/>an der Innenseite Ihres Unterarms einmassieren. Stoppen Sie die Anwendung bei einer allergischen Reaktion. Au\u00dferhalb der Reichweite von Kindern aufbewahren.<br \/>K\u00fchl und dunkel aufbewahren.\u00a0<br \/>Mindestens haltbar bis Ende\/ Chargennummer: siehe Verpackung.<\/p>\n<p>FR\u00a0<br \/>Lubrifiant \u00e0 base deau. Adapt\u00e9 aux massages. Peut \u00eatre utilis\u00e9 avec des pr\u00e9servatifs en latex.\u00a0<br \/>Mode demploi: \u00e9tendre la quantit\u00e9 de lubrifiant souhait\u00e9e sur la partie du corps choisie. Usage illimit\u00e9. Avant dutiliser ce produit, testez une petite quantit\u00e9 de lubrifiant sur lint\u00e9rieur de votre avant-bras. Arr\u00eatez lutilisation d\u00e8s lapparition dune r\u00e9action allergique.<br \/>Tenir hors de port\u00e9e des enfants. Conserver dans un endroit sec et frais, \u00e0 labri de la lumi\u00e8re. \u00c0 consommer avant fin\/ Num\u00e9ro de lot: voir l&#8217;emballage.<\/p>\n<p>IT<br \/>Lubrificante a base d&#8217;acqua. \u00c8 particolarmente indicato per i massaggi su tutto il corpo e rapporto sessuale. \u00c8 \u00a0indicato per luso con profilattici in lattice.\u00a0<br \/>Istruzioni per luso: applicare lubrificante a piacimento sulle parti del corpo desiderate e ripetere lapplicazione ogni volta che volete. Prima di utilizzare il lubrificante sul corpo, applicare una piccola quantit\u00e0 sull&#8217;avambraccio. In caso di reazioni allergiche interrompere lapplicazione. \u00a0Tenere fuori dalla portata dei bambini. Conservare al fresco e al riparo dalla luce. Da consumarsi preferibilmente entro fine\/ Numero di lotto: vedere confezione<\/p>\n<p>NL<br \/>Glijmiddel op waterbasis. Geschikt voor lichaamsmassages, geslachtsverkeer en voor gebruik met latex-condooms.<br \/>Gebruiksaanwijzing: smeer zoveel glijmiddel als je wilt op de gewenste lichaamsdelen en herhaal zo vaak je wilt. Test voorafgaand aan regelmatig gebruik door het aanbrengen van een beetje glijmiddel op de binnenkant van de onderarm. Stop het gebruik bij een allergische reactie.<br \/>Buiten het bereik van kinderen bewaren. Koel en donker bewaren.\u00a0<br \/>Ten minste houdbaar tot einde \/ Lotnummer: zie verpakking.\u00a0<\/p>\n<p>Ingredients: Aqua, Hydroxyethylcellulose, Citric Acid, Glycerin, Potassium Sorbate, Sodium Benzoate<\/p>\n<p>150ml<\/p>\n<p style=\"text-align: center;\"><iframe loading=\"lazy\" allow=\"autoplay; encrypted-media\" allowfullscreen=\"\" frameborder=\"0\" height=\"315\" scrolling=\"no\" src=\"https:\/\/www.youtube.com\/embed\/kf_nm8-U3hw?rel=0controls=0showinfo=0\" width=\"800\"><\/iframe><\/p>\n<p>\u00a0<\/p>\n","protected":false},"excerpt":{"rendered":"<p>WATERFEEL LUBE NATURAL 150ML<\/p>\n","protected":false},"featured_media":48058,"template":"","meta":[],"pwb-brand":[48],"product_brand":[],"product_cat":[349,342,337,339,338,322],"product_tag":[],"class_list":{"0":"post-20472","1":"product","2":"type-product","3":"status-publish","4":"has-post-thumbnail","6":"pwb-brand-waterfeel","7":"product_cat-aceites-y-lubricantesaceites-y-cremas-de-masajeaceites-esenciales","8":"product_cat-aceites-y-lubricantesaceites-y-cremas-de-masaje","9":"product_cat-aceites-y-lubricantes","10":"product_cat-aceites-y-lubricanteslubricantesbase-de-agua","11":"product_cat-aceites-y-lubricanteslubricantes","12":"product_cat-seccion-tuppersex","13":"post_count_is_0","14":"boutique_post_style_4","16":"first","17":"instock","18":"taxable","19":"shipping-taxable","20":"purchasable","21":"product-type-simple","22":"boutique_image_style_2"},"brands":[{"id":48,"name":"WATERFEEL","slug":"waterfeel"}],"_links":{"self":[{"href":"https:\/\/www.pussycatmerida.com\/eshop\/wp-json\/wp\/v2\/product\/20472","targetHints":{"allow":["GET"]}}],"collection":[{"href":"https:\/\/www.pussycatmerida.com\/eshop\/wp-json\/wp\/v2\/product"}],"about":[{"href":"https:\/\/www.pussycatmerida.com\/eshop\/wp-json\/wp\/v2\/types\/product"}],"wp:featuredmedia":[{"embeddable":true,"href":"https:\/\/www.pussycatmerida.com\/eshop\/wp-json\/wp\/v2\/media\/48058"}],"wp:attachment":[{"href":"https:\/\/www.pussycatmerida.com\/eshop\/wp-json\/wp\/v2\/media?parent=20472"}],"wp:term":[{"taxonomy":"pwb-brand","embeddable":true,"href":"https:\/\/www.pussycatmerida.com\/eshop\/wp-json\/wp\/v2\/pwb-brand?post=20472"},{"taxonomy":"product_brand","embeddable":true,"href":"https:\/\/www.pussycatmerida.com\/eshop\/wp-json\/wp\/v2\/product_brand?post=20472"},{"taxonomy":"product_cat","embeddable":true,"href":"https:\/\/www.pussycatmerida.com\/eshop\/wp-json\/wp\/v2\/product_cat?post=20472"},{"taxonomy":"product_tag","embeddable":true,"href":"https:\/\/www.pussycatmerida.com\/eshop\/wp-json\/wp\/v2\/product_tag?post=20472"}],"curies":[{"name":"wp","href":"https:\/\/api.w.org\/{rel}","templated":true}]}}