{"id":20474,"date":"2021-03-01T13:24:35","date_gmt":"2021-03-01T11:24:35","guid":{"rendered":"https:\/\/www.pussycatmerida.com\/eshop\/product\/waterfeel-limpiador-juguetes-sterile-150ml-en-it-nl-fr-de\/"},"modified":"2026-03-11T12:38:52","modified_gmt":"2026-03-11T11:38:52","slug":"waterfeel-limpiador-juguetes-sterile-150ml-en-it-nl-fr-de","status":"publish","type":"product","link":"https:\/\/www.pussycatmerida.com\/eshop\/producto\/waterfeel-limpiador-juguetes-sterile-150ml-en-it-nl-fr-de\/","title":{"rendered":"WATERFEEL LIMPIADOR JUGUETES STERILE 150ML EN IT NL FR DE"},"content":{"rendered":"<p>Se trata de un spray higi\u00e9nico desinfectante, para producir un profundo efecto de limpieza en los juguetes er\u00f3ticos de todas las formas y superficies.<\/p>\n<p>En comparaci\u00f3n con otros desinfectantes del mercado Waterfeel Toy Cleaner\u00a0ha sido dise\u00f1ado especialmente con ingredientes espec\u00edficos para la limpieza de material er\u00f3tico.<\/p>\n<p>Su compuesto aplicado sobre los juguetes no permite que \u00e9stos generen hongos, bacterias ni virus, garantizando as\u00ed la desinfecci\u00f3n y limpieza del aparato.<\/p>\n<p>Tiene un aroma fresco y limpio y gracias a su potente spray permite limpiar los espacios m\u00e1s rec\u00f3nditos de los juguetes.<\/p>\n<p>Instrucciones de Uso;<\/p>\n<p>Dependiendo del tama\u00f1o del juguete, bastan con unas 5 o 6 pulsaciones de spray por toda su supercifie, dejarlo actuar durante un par de minutos y posteriormente aclarar con agua y secarlo bien.<\/p>\n<p>Caracter\u00edsticas<\/p>\n<ul>\n<li>\u00a0\u00a0\u00a0 Es compatible con el l\u00e1tex, silicona y gelatina.<\/li>\n<li>\u00a0\u00a0\u00a0 Antibacterias, hongos y g\u00e9rmenes.<\/li>\n<li>\u00a0\u00a0\u00a0 Es incoloro.<\/li>\n<li>\u00a0\u00a0\u00a0 Aroma fresco.<\/li>\n<li>\u00a0\u00a0\u00a0 Indispensable para todos tus juguetes.<\/li>\n<li>\u00a0\u00a0\u00a0 Spray de 150\u00a0ml<\/li>\n<\/ul>\n<p>Contains: < 5% - Non-ionic surfactants - Anionic surfactants, Parfum, Limonene, Methylchloroisothiazolinone, Methylisothiazolinone<\/p>\n<p style=\"text-align: center;\"><iframe loading=\"lazy\" allow=\"autoplay; encrypted-media\" allowfullscreen=\"\" frameborder=\"0\" height=\"315\" scrolling=\"no\" src=\"https:\/\/www.youtube.com\/embed\/kf_nm8-U3hw?rel=0controls=0showinfo=0\" width=\"800\"><\/iframe><\/p>\n","protected":false},"excerpt":{"rendered":"<p>WATERFEEL TOY CLEANER 150ML<\/p>\n","protected":false},"featured_media":62364,"template":"","meta":[],"pwb-brand":[48],"product_brand":[],"product_cat":[417,439,274,291,292,322],"product_tag":[],"class_list":{"0":"post-20474","1":"product","2":"type-product","3":"status-publish","4":"has-post-thumbnail","6":"pwb-brand-waterfeel","7":"product_cat-juguetes-sexuales-xxxarticulos-limpieza-e-higiene","8":"product_cat-covid-19","9":"product_cat-juguetes-sexuales-xxx","10":"product_cat-juguetes-sexuales-xxxlimpieza-intima","11":"product_cat-juguetes-sexuales-xxxlimpieza-y-conservacion","12":"product_cat-seccion-tuppersex","13":"post_count_is_0","14":"boutique_post_style_4","16":"first","17":"instock","18":"taxable","19":"shipping-taxable","20":"purchasable","21":"product-type-simple","22":"boutique_image_style_2"},"brands":[{"id":48,"name":"WATERFEEL","slug":"waterfeel"}],"_links":{"self":[{"href":"https:\/\/www.pussycatmerida.com\/eshop\/wp-json\/wp\/v2\/product\/20474","targetHints":{"allow":["GET"]}}],"collection":[{"href":"https:\/\/www.pussycatmerida.com\/eshop\/wp-json\/wp\/v2\/product"}],"about":[{"href":"https:\/\/www.pussycatmerida.com\/eshop\/wp-json\/wp\/v2\/types\/product"}],"wp:featuredmedia":[{"embeddable":true,"href":"https:\/\/www.pussycatmerida.com\/eshop\/wp-json\/wp\/v2\/media\/62364"}],"wp:attachment":[{"href":"https:\/\/www.pussycatmerida.com\/eshop\/wp-json\/wp\/v2\/media?parent=20474"}],"wp:term":[{"taxonomy":"pwb-brand","embeddable":true,"href":"https:\/\/www.pussycatmerida.com\/eshop\/wp-json\/wp\/v2\/pwb-brand?post=20474"},{"taxonomy":"product_brand","embeddable":true,"href":"https:\/\/www.pussycatmerida.com\/eshop\/wp-json\/wp\/v2\/product_brand?post=20474"},{"taxonomy":"product_cat","embeddable":true,"href":"https:\/\/www.pussycatmerida.com\/eshop\/wp-json\/wp\/v2\/product_cat?post=20474"},{"taxonomy":"product_tag","embeddable":true,"href":"https:\/\/www.pussycatmerida.com\/eshop\/wp-json\/wp\/v2\/product_tag?post=20474"}],"curies":[{"name":"wp","href":"https:\/\/api.w.org\/{rel}","templated":true}]}}