{"id":20475,"date":"2021-02-26T14:38:56","date_gmt":"2021-02-26T12:38:56","guid":{"rendered":"https:\/\/www.pussycatmerida.com\/eshop\/product\/waterfeel-lubricante-cannabis-150ml-en-it-nl-fr-de\/"},"modified":"2026-03-11T12:38:52","modified_gmt":"2026-03-11T11:38:52","slug":"waterfeel-lubricante-cannabis-150ml-en-it-nl-fr-de","status":"publish","type":"product","link":"https:\/\/www.pussycatmerida.com\/eshop\/producto\/waterfeel-lubricante-cannabis-150ml-en-it-nl-fr-de\/","title":{"rendered":"WATERFEEL LUBRICANTE CANNABIS 150ML EN IT NL FR DE"},"content":{"rendered":"<p>Cannabis Lubricant es un lubricante a base de\u00a0agua con aroma a Cannabis\u00a0que proporciona un efecto placentero. Es sumamente apto para los masajes corporales y las relaciones sexuales. Se puede usar en combinaci\u00f3n con condones de l\u00e1tex. \u00a0<\/p>\n<p>Con los lubricantes\u00a0<span style=\"color: rgb(0, 0, 0);\">Waterfeel\u00ae tendras una experiencia de calidad y un aroma unico.<\/span><\/p>\n<ul>\n<li>Instrucciones de uso: aplica la cantidad de lubricante que quieras en las partes del cuerpo deseadas y rep\u00edtalo todas las veces que quieras.\u00a0<\/li>\n<\/ul>\n<p>Los lubricantes\u00a0<span style=\"color: rgb(0, 0, 0);\">Waterfeel\u00ae son compatibles con preservativos de Latex.<\/span><\/p>\n<ul>\n<li><span style=\"color: rgb(0, 0, 0);\">Perfecto para lubricacion y masajes<\/span><\/li>\n<li><span style=\"color: rgb(0, 0, 0);\">Apto para el sexo oral<\/span><\/li>\n<li>Ideal para utilizarlo con juguetes sexuales<\/li>\n<\/ul>\n<p>Envase de 150ml<\/p>\n<p>EN Cannabis lubricant with hemp seed oil is a water based lubricant. Suitable for body massages, sexual intercourse and for use with latex condoms.<br \/>Directions for use: apply as much lubricant as you want on the body parts you want and repeat as often as you like. Before using the lubricant on a regular basis; apply a small amount to your forearm. If an allergic reaction occurs, discontinue use. Keep out of reach of children. Store in a cool dark place. Best before use\/Batch number: see package.<\/p>\n<p>DE<br \/>Cannabis lubricant mit Hanfsamen \u00d6l ist ein Gleitmittel auf Wasserbasis. Geeignet f\u00fcr K\u00f6rpermassagen, Geschlechtsverkehr und in Kombination mit Latex Kondomen.<br \/>Gebrauchsanweisung: Tragen Sie so viel Gleitmittel auf die gew\u00fcnschten K\u00f6rperteile auf, wie Sie wollen und wiederholen Sie dies so oft Sie wollen.<br \/>Testen Sie das Gleitmittel ehe Sie es regelm\u00e4\u00dfig benutzen, indem Sie ein wenig davon auf die Innenseite Ihres Unterarms einmassieren. Stoppen Sie die Anwendung bei einer allergischen Reaktion. Au\u00dferhalb der Reichweite von Kindern aufbewahren. K\u00fchl und dunkel lagern. Mindestens haltbar bis Ende\/Chargennummer: siehe Verpackung.<\/p>\n<p>FR\u00a0<br \/>Cannabis lubricant avec de lhuile de graines de chanvre est un lubrifiant \u00e0 base deau. Adapt\u00e9 aux massages du corps et aux rapports sexuels. Peut \u00eatre utilis\u00e9 avec des pr\u00e9servatifs en latex.<br \/>Mode demploi: \u00e9tendre la quantit\u00e9 de lubrifiant souhait\u00e9e sur la partie du corps choisie. Usage illimit\u00e9. Avant dutiliser ce produit, testez une petite quantit\u00e9 de lubrifiant sur lint\u00e9rieur de votre avant-bras. Arr\u00eatez lutilisation d\u00e8s lapparition dune r\u00e9action allergique.<br \/>Tenir hors de port\u00e9e des enfants. Conserver dans un endroit sec et frais, \u00e0 labri de la lumi\u00e8re. \u00c0 consommer avant fin\/Num\u00e9ro de lot: voir l&#8217;emballage.<br \/>IT<br \/>Cannabis lubricant con olio di semi di canapa \u00e8 un lubrificante a base d&#8217;acqua. \u00c8 particolarmente indicato per i massaggi su tutto il corpo e rapporto sessuale. \u00c8 indicato per luso con profilattici in lattice.\u00a0<br \/>Istruzioni per luso: applicare lubrificante a piacimento sulle parti del corpo desiderate e ripetere lapplicazione ogni volta che volete. Prima di utilizzare il lubrificante sul corpo, applicare una piccola quantit\u00e0 sull&#8217;avambraccio. In caso di reazioni allergiche interrompere lapplicazione. Tenere fuori dalla portata dei bambini. Conservare al fresco e al riparo dalla luce. Da consumarsi preferibilmente entro fine\/Numero di lotto: vedere confezione.<\/p>\n<p>NL<br \/>Cannabis lubricant met hennepzaadolie is een glijmiddel op waterbasis. Geschikt voor lichaamsmassages, geslachtsverkeer en voor gebruik met latex-condooms.<br \/>Gebruiksaanwijzing: smeer zoveel glijmiddel als je wilt op de gewenste lichaamsdelen en herhaal zo vaak je wilt. Test voorafgaand aan regelmatig gebruik door het aanbrengen van een beetje glijmiddel op de binnenkant van de onderarm. Stop het gebruik bij een allergische reactie.<br \/>Buiten het bereik van kinderen bewaren. Koel en donker bewaren.\u00a0<br \/>Ten minste houdbaar tot einde \/Lotnummer: zie verpakking.\u00a0<\/p>\n<p>Ingredients : Aqua, Glycerin, Propylene Glycol, Hydroxyethylcellulose, Cannabis Sativa Seed Oil, Sodium Benzoate, Peg-40 Hydrogenated Castor Oil, Polysorbate 20, Levulinic Acid, Aroma, Sodium Levulinate, Maltose, Sodium Hydroxide, Linalool, Agave Tequilana Leaf Extract, Sodium Saccharin, Parfum, Aspartame, Geraniol, Citric acid, D-Limonene<\/p>\n<p style=\"text-align: center;\"><iframe loading=\"lazy\" allow=\"autoplay; encrypted-media\" allowfullscreen=\"\" frameborder=\"0\" height=\"315\" scrolling=\"no\" src=\"https:\/\/www.youtube.com\/embed\/kf_nm8-U3hw?rel=0controls=0showinfo=0\" width=\"800\"><\/iframe><\/p>\n","protected":false},"excerpt":{"rendered":"<p>WATERFEEL LUBE CANNABIS 150ML<\/p>\n","protected":false},"featured_media":48060,"template":"","meta":[],"pwb-brand":[48],"product_brand":[],"product_cat":[337,339,338,346,345,322],"product_tag":[],"class_list":{"0":"post-20475","1":"product","2":"type-product","3":"status-publish","4":"has-post-thumbnail","6":"pwb-brand-waterfeel","7":"product_cat-aceites-y-lubricantes","8":"product_cat-aceites-y-lubricanteslubricantesbase-de-agua","9":"product_cat-aceites-y-lubricanteslubricantes","10":"product_cat-aceites-y-lubricanteslubricanteslubricantes-comestibles","11":"product_cat-aceites-y-lubricanteslubricanteslubricantes-con-sabores","12":"product_cat-seccion-tuppersex","13":"post_count_is_0","14":"boutique_post_style_4","16":"first","17":"instock","18":"taxable","19":"shipping-taxable","20":"purchasable","21":"product-type-simple","22":"boutique_image_style_2"},"brands":[{"id":48,"name":"WATERFEEL","slug":"waterfeel"}],"_links":{"self":[{"href":"https:\/\/www.pussycatmerida.com\/eshop\/wp-json\/wp\/v2\/product\/20475","targetHints":{"allow":["GET"]}}],"collection":[{"href":"https:\/\/www.pussycatmerida.com\/eshop\/wp-json\/wp\/v2\/product"}],"about":[{"href":"https:\/\/www.pussycatmerida.com\/eshop\/wp-json\/wp\/v2\/types\/product"}],"wp:featuredmedia":[{"embeddable":true,"href":"https:\/\/www.pussycatmerida.com\/eshop\/wp-json\/wp\/v2\/media\/48060"}],"wp:attachment":[{"href":"https:\/\/www.pussycatmerida.com\/eshop\/wp-json\/wp\/v2\/media?parent=20475"}],"wp:term":[{"taxonomy":"pwb-brand","embeddable":true,"href":"https:\/\/www.pussycatmerida.com\/eshop\/wp-json\/wp\/v2\/pwb-brand?post=20475"},{"taxonomy":"product_brand","embeddable":true,"href":"https:\/\/www.pussycatmerida.com\/eshop\/wp-json\/wp\/v2\/product_brand?post=20475"},{"taxonomy":"product_cat","embeddable":true,"href":"https:\/\/www.pussycatmerida.com\/eshop\/wp-json\/wp\/v2\/product_cat?post=20475"},{"taxonomy":"product_tag","embeddable":true,"href":"https:\/\/www.pussycatmerida.com\/eshop\/wp-json\/wp\/v2\/product_tag?post=20475"}],"curies":[{"name":"wp","href":"https:\/\/api.w.org\/{rel}","templated":true}]}}