{"id":20506,"date":"2021-02-26T10:42:31","date_gmt":"2021-02-26T08:42:31","guid":{"rendered":"https:\/\/www.pussycatmerida.com\/eshop\/product\/nalone-idol-rabbit-con-rotacion-clitorial-y-calor\/"},"modified":"2026-03-11T12:38:00","modified_gmt":"2026-03-11T11:38:00","slug":"nalone-idol-rabbit-con-rotacion-clitorial-y-calor","status":"publish","type":"product","link":"https:\/\/www.pussycatmerida.com\/eshop\/producto\/nalone-idol-rabbit-con-rotacion-clitorial-y-calor\/","title":{"rendered":"NALONE IDOL RABBIT CON ROTACION CLITORIAL Y CALOR"},"content":{"rendered":"<p>Un rabbit vibrador con rotaci\u00f3n en el estimulador cl\u00edtoris para un m\u00e1ximo placer. Completamente sumergible este fant\u00e1stico rabbit incorpora funci\u00f3n Heating, alcanzando una temperatura corporal en cuesti\u00f3n de segundos, adem\u00e1s con 7 funciones de vibraci\u00f3n.<\/p>\n<p>Fabricado en silicona Premium y completamente recargable.<\/p>\n<p>Ser\u00e1 una adicci\u00f3n de placer a tu colecci\u00f3n de juguetes.<\/p>\n<ul>\n<li>Material: Silicona y Abs<\/li>\n<li>Vibraci\u00f3n; 7 modos de vibraci\u00f3n<\/li>\n<li>Sumergible: 100% Sumergible.<\/li>\n<li>Tama\u00f1o; 224 x70 x 42<\/li>\n<\/ul>\n","protected":false},"excerpt":{"rendered":"<p>NALONE IDOL POWERFUL HEATING CONTROL WITH ROTATION EXTERNAL BRUSH<\/p>\n","protected":false},"featured_media":39103,"template":"","meta":[],"pwb-brand":[150],"product_brand":[],"product_cat":[275,288,274,294,301,299],"product_tag":[],"class_list":{"0":"post-20506","1":"product","2":"type-product","3":"status-publish","4":"has-post-thumbnail","6":"pwb-brand-nalone","7":"product_cat-juguetes-sexuales-xxxacuaticos","8":"product_cat-juguetes-sexuales-xxxestimuladores","9":"product_cat-juguetes-sexuales-xxx","10":"product_cat-juguetes-sexuales-xxxmasturbadores-para-ellas","11":"product_cat-juguetes-sexuales-xxxrotadores-y-vibradores","12":"product_cat-juguetes-sexuales-xxxvibradores","13":"post_count_is_0","14":"boutique_post_style_4","16":"first","17":"instock","18":"taxable","19":"shipping-taxable","20":"purchasable","21":"product-type-simple","22":"boutique_image_style_2"},"brands":[{"id":150,"name":"NALONE","slug":"nalone"}],"_links":{"self":[{"href":"https:\/\/www.pussycatmerida.com\/eshop\/wp-json\/wp\/v2\/product\/20506","targetHints":{"allow":["GET"]}}],"collection":[{"href":"https:\/\/www.pussycatmerida.com\/eshop\/wp-json\/wp\/v2\/product"}],"about":[{"href":"https:\/\/www.pussycatmerida.com\/eshop\/wp-json\/wp\/v2\/types\/product"}],"wp:featuredmedia":[{"embeddable":true,"href":"https:\/\/www.pussycatmerida.com\/eshop\/wp-json\/wp\/v2\/media\/39103"}],"wp:attachment":[{"href":"https:\/\/www.pussycatmerida.com\/eshop\/wp-json\/wp\/v2\/media?parent=20506"}],"wp:term":[{"taxonomy":"pwb-brand","embeddable":true,"href":"https:\/\/www.pussycatmerida.com\/eshop\/wp-json\/wp\/v2\/pwb-brand?post=20506"},{"taxonomy":"product_brand","embeddable":true,"href":"https:\/\/www.pussycatmerida.com\/eshop\/wp-json\/wp\/v2\/product_brand?post=20506"},{"taxonomy":"product_cat","embeddable":true,"href":"https:\/\/www.pussycatmerida.com\/eshop\/wp-json\/wp\/v2\/product_cat?post=20506"},{"taxonomy":"product_tag","embeddable":true,"href":"https:\/\/www.pussycatmerida.com\/eshop\/wp-json\/wp\/v2\/product_tag?post=20506"}],"curies":[{"name":"wp","href":"https:\/\/api.w.org\/{rel}","templated":true}]}}