{"id":20685,"date":"2021-02-26T15:44:17","date_gmt":"2021-02-26T13:44:17","guid":{"rendered":"https:\/\/www.pussycatmerida.com\/eshop\/product\/pdx-elite-masturbador-con-vibracion-y-efecto-compresor\/"},"modified":"2026-03-11T12:27:36","modified_gmt":"2026-03-11T11:27:36","slug":"pdx-elite-masturbador-con-vibracion-y-efecto-compresor","status":"publish","type":"product","link":"https:\/\/www.pussycatmerida.com\/eshop\/producto\/pdx-elite-masturbador-con-vibracion-y-efecto-compresor\/","title":{"rendered":"PDX ELITE &#8211; MASTURBADOR  CON VIBRACI\u00d3N Y EFECTO COMPRESOR"},"content":{"rendered":"<p>Este masturbador incorpora lo \u00faltimo en\u00a0tecnolog\u00eda para que consigas la mejor de las experiencias. Por un lado, incorpora la tecnolog\u00eda airbag que har\u00e1 efecto comprensor y que aumentar\u00e1 exponecialmente la estimulaci\u00f3n. Por otro lado, incorpora una potente bala capaz de transmitir sus increibles y silenciosas vibraciones por todo el eje. Todo esto adem\u00e1s, unido a unos excelentes materiales, que es recargable y que puedes provocar efecto succi\u00f3n regulando la entrada de aire, lo convierten posiblemente en el masturbador para hombes m\u00e1s completo del mercado.<\/p>\n<ul>\n<li>Efecto compresor provocado por la exclusiva e innovadora tecnolog\u00eda airbag<\/li>\n<li>Su manga es Fanta Flesh, lo que es sin\u00f3nimo de calidad y realismo por su\u00a0suavidad\u00a0e interior texturado.<\/li>\n<li>10 modos de Vibraci\u00f3n\u00a0<\/li>\n<li>5 modos de compresion del sistema Airbag<\/li>\n<li>Regulaci\u00f3n de sistema efecto succi\u00f3n con s\u00f3lo pulsar un bot\u00f3n<\/li>\n<li>USB recargable<\/li>\n<li>Limpiar con limpiador de juguetes y agua tibia.<\/li>\n<li>Con fuerte ventosa para incorporarlo firmamente\u00a0a superficies planas\u00a0con adherencia y sistema de liberaci\u00f3n de presi\u00f3n r\u00e1pidos.<\/li>\n<\/ul>\n<p style=\"text-align: center;\"><iframe loading=\"lazy\" allowfullscreen=\"\" frameborder=\"0\" height=\"400\" mozallowfullscreen=\"\" src=\"https:\/\/player.vimeo.com\/video\/216177814\" webkitallowfullscreen=\"\" width=\"700\"><\/iframe><\/p>\n","protected":false},"excerpt":{"rendered":"<p>PDX ELITE &#8211; MASTURBADOR MASCULINO CON VIBRACION Y EFECTO COMPRESOR<\/p>\n","protected":false},"featured_media":54125,"template":"","meta":[],"pwb-brand":[527,476],"product_brand":[],"product_cat":[274,902,293,306],"product_tag":[],"class_list":{"0":"post-20685","1":"product","2":"type-product","3":"status-publish","4":"has-post-thumbnail","6":"pwb-brand-pipedreams-pdx-elite","7":"pwb-brand-pipedreams","8":"product_cat-juguetes-sexuales-xxx","9":"product_cat-masturbador-hi-tech","10":"product_cat-juguetes-sexuales-xxxmasturbadores-para-ellos","11":"product_cat-juguetes-sexuales-xxxpara-el","12":"post_count_is_0","13":"boutique_post_style_4","15":"first","16":"instock","17":"taxable","18":"shipping-taxable","19":"purchasable","20":"product-type-simple","21":"boutique_image_style_2"},"brands":[{"id":527,"name":"PDX ELITE","slug":"pipedreams-pdx-elite"},{"id":476,"name":"PIPEDREAMS","slug":"pipedreams"}],"_links":{"self":[{"href":"https:\/\/www.pussycatmerida.com\/eshop\/wp-json\/wp\/v2\/product\/20685","targetHints":{"allow":["GET"]}}],"collection":[{"href":"https:\/\/www.pussycatmerida.com\/eshop\/wp-json\/wp\/v2\/product"}],"about":[{"href":"https:\/\/www.pussycatmerida.com\/eshop\/wp-json\/wp\/v2\/types\/product"}],"wp:featuredmedia":[{"embeddable":true,"href":"https:\/\/www.pussycatmerida.com\/eshop\/wp-json\/wp\/v2\/media\/54125"}],"wp:attachment":[{"href":"https:\/\/www.pussycatmerida.com\/eshop\/wp-json\/wp\/v2\/media?parent=20685"}],"wp:term":[{"taxonomy":"pwb-brand","embeddable":true,"href":"https:\/\/www.pussycatmerida.com\/eshop\/wp-json\/wp\/v2\/pwb-brand?post=20685"},{"taxonomy":"product_brand","embeddable":true,"href":"https:\/\/www.pussycatmerida.com\/eshop\/wp-json\/wp\/v2\/product_brand?post=20685"},{"taxonomy":"product_cat","embeddable":true,"href":"https:\/\/www.pussycatmerida.com\/eshop\/wp-json\/wp\/v2\/product_cat?post=20685"},{"taxonomy":"product_tag","embeddable":true,"href":"https:\/\/www.pussycatmerida.com\/eshop\/wp-json\/wp\/v2\/product_tag?post=20685"}],"curies":[{"name":"wp","href":"https:\/\/api.w.org\/{rel}","templated":true}]}}