{"id":21105,"date":"2021-03-01T11:40:15","date_gmt":"2021-03-01T09:40:15","guid":{"rendered":"https:\/\/www.pussycatmerida.com\/eshop\/product\/lelo-estimulador-clitoris-sona-rosa\/"},"modified":"2026-03-11T12:38:00","modified_gmt":"2026-03-11T11:38:00","slug":"lelo-estimulador-clitoris-sona-rosa","status":"publish","type":"product","link":"https:\/\/www.pussycatmerida.com\/eshop\/producto\/lelo-estimulador-clitoris-sona-rosa\/","title":{"rendered":"LELO ESTIMULADOR CLITORIS SONA ROSA"},"content":{"rendered":"<p>El masajeador s\u00f3nico SONA\u2122 representa un concepto de placer absolutamente nuevo: estimula todo el cl\u00edtoris, su parte externa y su parte interna, con oleadas de pulsos consistentes, para alcanzar un tipo de orgasmo distinto a trav\u00e9s del masaje con ondas s\u00f3nicas.\u00a0<\/p>\n<p>Un cl\u00edmax extendido tras una sensual excitaci\u00f3n progresiva, un orgasmo que viene de alg\u00fan sitio dentro de ti.<\/p>\n<p><strong>Caracter\u00edsticas<\/strong><\/p>\n<ul>\n<li>Completamente sumergible.<\/li>\n<li>F\u00e1cil de limpiar<\/li>\n<li>El material suave y sumergible lo hace incre\u00edblemente f\u00e1cil de limpiar.<\/li>\n<li>Recargable por USB. Con su cable de recarga por USB incluido, podr\u00e1s llevar tu SONA Cruise all\u00e1 donde vayas.<\/li>\n<li>8 modos para el placer. Una selecci\u00f3n de modos de estimulaci\u00f3n pensada para que encuentres la sensaci\u00f3n que m\u00e1s te apetezca.<\/li>\n<\/ul>\n<p><strong>C\u00f3mo se usa:<\/strong><\/p>\n<ul>\n<li>Para desbloquearlo, presiona los botones +\/- durante 3 segundos, hasta que la luz se encienda.<\/li>\n<li>Pulsa el bot\u00f3n + para encenderlo y para incrementar la intensidad de las vibraciones. Pulsa el bot\u00f3n () para probar sus 8 modos de estimulaci\u00f3n.<\/li>\n<li>Pulsa el bot\u00f3n  para reducir la intensidad de las vibraciones, y presi\u00f3nalo para apagarlo.<\/li>\n<\/ul>\n<p><strong>Especificaciones t\u00e9cnicas:\u00a0<\/strong><\/p>\n<ul>\n<li>Material: ABS y silicona<\/li>\n<li>Acabado: mate y brillante<\/li>\n<li>Tama\u00f1o: 99 x 88 x 56mm<\/li>\n<li>Peso: 116g<\/li>\n<li>Bater\u00eda: Li-Ion 530mA 3.7V<\/li>\n<li>Tiempo de carga: 2 ore a 5,0 V 100 mA<\/li>\n<li>Duraci\u00f3n: 1h<\/li>\n<li>Modos de estimulaci\u00f3n: 8<\/li>\n<li>Frecuencia: 120Hz<\/li>\n<li>M\u00e1x. nivel de ruido: <50dB<\/li>\n<li>Interfaz: 3 botones<\/li>\n<li>Color: Rosa<\/li>\n<\/ul>\n","protected":false},"excerpt":{"rendered":"<p>LELO ESTIMULADOR CLITORIS SONA ROSA<\/p>\n","protected":false},"featured_media":59541,"template":"","meta":[],"pwb-brand":[40],"product_brand":[],"product_cat":[274,885],"product_tag":[],"class_list":{"0":"post-21105","1":"product","2":"type-product","3":"status-publish","4":"has-post-thumbnail","6":"pwb-brand-lelo","7":"product_cat-juguetes-sexuales-xxx","8":"product_cat-succionadores","9":"post_count_is_0","10":"boutique_post_style_4","12":"first","13":"instock","14":"taxable","15":"shipping-taxable","16":"purchasable","17":"product-type-simple","18":"boutique_image_style_2"},"brands":[{"id":40,"name":"LELO","slug":"lelo"}],"_links":{"self":[{"href":"https:\/\/www.pussycatmerida.com\/eshop\/wp-json\/wp\/v2\/product\/21105","targetHints":{"allow":["GET"]}}],"collection":[{"href":"https:\/\/www.pussycatmerida.com\/eshop\/wp-json\/wp\/v2\/product"}],"about":[{"href":"https:\/\/www.pussycatmerida.com\/eshop\/wp-json\/wp\/v2\/types\/product"}],"wp:featuredmedia":[{"embeddable":true,"href":"https:\/\/www.pussycatmerida.com\/eshop\/wp-json\/wp\/v2\/media\/59541"}],"wp:attachment":[{"href":"https:\/\/www.pussycatmerida.com\/eshop\/wp-json\/wp\/v2\/media?parent=21105"}],"wp:term":[{"taxonomy":"pwb-brand","embeddable":true,"href":"https:\/\/www.pussycatmerida.com\/eshop\/wp-json\/wp\/v2\/pwb-brand?post=21105"},{"taxonomy":"product_brand","embeddable":true,"href":"https:\/\/www.pussycatmerida.com\/eshop\/wp-json\/wp\/v2\/product_brand?post=21105"},{"taxonomy":"product_cat","embeddable":true,"href":"https:\/\/www.pussycatmerida.com\/eshop\/wp-json\/wp\/v2\/product_cat?post=21105"},{"taxonomy":"product_tag","embeddable":true,"href":"https:\/\/www.pussycatmerida.com\/eshop\/wp-json\/wp\/v2\/product_tag?post=21105"}],"curies":[{"name":"wp","href":"https:\/\/api.w.org\/{rel}","templated":true}]}}