{"id":21125,"date":"2021-02-26T10:59:48","date_gmt":"2021-02-26T08:59:48","guid":{"rendered":"https:\/\/www.pussycatmerida.com\/eshop\/product\/bijoux-indiscrets-maze-arnes-forma-de-vestido-marron\/"},"modified":"2026-03-11T12:39:41","modified_gmt":"2026-03-11T11:39:41","slug":"bijoux-indiscrets-maze-arnes-forma-de-vestido-marron","status":"publish","type":"product","link":"https:\/\/www.pussycatmerida.com\/eshop\/producto\/bijoux-indiscrets-maze-arnes-forma-de-vestido-marron\/","title":{"rendered":"BIJOUX INDISCRETS MAZE ARN\u00c9S FORMA DE VESTIDO &#8211; MARRON"},"content":{"rendered":"<p>Este arn\u00e9s con forma de vestido inspirado en el bondage cl\u00e1sico, combina a la perfecci\u00f3n con tus mejores conjuntos de ropa, lencer\u00eda o simplemente sobre tu piel. A\u00f1ade un toque atrevido a tus conjuntos preferidos.<\/p>\n<p>Caracter\u00edsticas:\u00a0<\/p>\n<ul>\n<li>\u00a1100% ajustables a la cadera, cintura y hombros!<\/li>\n<li>\u00a1Cruzados o rectos! Los tirantes del vestido se pueden cruzar en la parte trasera.<\/li>\n<li>Inspirado en el cl\u00e1sico BDSM: la sensualidad y el poder de las sesiones bondage en un \u00fanico complemento.<\/li>\n<li>Comb\u00ednalo con unos flash o esposas.<\/li>\n<li>100% vegano: correas de poliuretano, fabricado a partir de materiales reciclados.<\/li>\n<li>APROBADO VEGANO por parte de la asociaci\u00f3n pro-animalista: PETA.<\/li>\n<li>Fashion Erotic Accessories: Fusi\u00f3n entre las \u00faltimas tendencias y el er\u00f3tismo cl\u00e1sico.<\/li>\n<li>\u00a1Festival Look! Marca tendencia esta temporada con la colecci\u00f3n de Maze.<\/li>\n<li>\u00a1NOVEDAD! Este pack contiene extensores ajustables.<\/li>\n<li>Todos los materiales tienen espacio para a\u00f1adir un agujero extra si es necesario<\/li>\n<li>Color: Marr\u00f3n<\/li>\n<li>Dise\u00f1o exclusivo por Bijoux Indiscrets<\/li>\n<li>Extras: extensiones incluidas de 2 unidades de 250 mm de largo y 20 mm de ancho de \u201ccuero vegano\u201d\u00a0<\/li>\n<\/ul>\n<p>Medidas:<\/p>\n<ul>\n<li>Cadera 102 cm de m\u00e1ximo (40.16 in), 80 cm de m\u00ednimo (31.50 in).<\/li>\n<li>Cintura 87 cm de m\u00e1ximo (34.25 in) ; 68 cm de m\u00ednimo (26.77 in).<\/li>\n<\/ul>\n<p>Limpieza:<\/p>\n<ul>\n<li>Limpia suavemente con un pa\u00f1o h\u00famedo a\u00f1adiendo una peque\u00f1a cantidad de jab\u00f3n neutro. No frotar el material para evitar da\u00f1ar la superficie del producto.<\/li>\n<\/ul>\n","protected":false},"excerpt":{"rendered":"<p>BIJOUX INDISCRETS MAZE ARN\u00c9S FORMA DE VESTIDO &#8211; MARRON<\/p>\n","protected":false},"featured_media":41455,"template":"","meta":[],"pwb-brand":[51,633],"product_brand":[],"product_cat":[313,309,478],"product_tag":[],"class_list":{"0":"post-21125","1":"product","2":"type-product","3":"status-publish","4":"has-post-thumbnail","6":"pwb-brand-bijoux-indiscrets","7":"pwb-brand-bijoux-indiscretsbijoux-maze","8":"product_cat-lenceriacomplementos-lenceria","9":"product_cat-lenceria","10":"product_cat-ofertas","11":"post_count_is_0","12":"boutique_post_style_4","14":"first","15":"instock","16":"taxable","17":"shipping-taxable","18":"purchasable","19":"product-type-simple","20":"boutique_image_style_2"},"brands":[{"id":51,"name":"BIJOUX INDISCRETS","slug":"bijoux-indiscrets"},{"id":633,"name":"BIJOUX- MAZE","slug":"bijoux-indiscretsbijoux-maze"}],"_links":{"self":[{"href":"https:\/\/www.pussycatmerida.com\/eshop\/wp-json\/wp\/v2\/product\/21125","targetHints":{"allow":["GET"]}}],"collection":[{"href":"https:\/\/www.pussycatmerida.com\/eshop\/wp-json\/wp\/v2\/product"}],"about":[{"href":"https:\/\/www.pussycatmerida.com\/eshop\/wp-json\/wp\/v2\/types\/product"}],"wp:featuredmedia":[{"embeddable":true,"href":"https:\/\/www.pussycatmerida.com\/eshop\/wp-json\/wp\/v2\/media\/41455"}],"wp:attachment":[{"href":"https:\/\/www.pussycatmerida.com\/eshop\/wp-json\/wp\/v2\/media?parent=21125"}],"wp:term":[{"taxonomy":"pwb-brand","embeddable":true,"href":"https:\/\/www.pussycatmerida.com\/eshop\/wp-json\/wp\/v2\/pwb-brand?post=21125"},{"taxonomy":"product_brand","embeddable":true,"href":"https:\/\/www.pussycatmerida.com\/eshop\/wp-json\/wp\/v2\/product_brand?post=21125"},{"taxonomy":"product_cat","embeddable":true,"href":"https:\/\/www.pussycatmerida.com\/eshop\/wp-json\/wp\/v2\/product_cat?post=21125"},{"taxonomy":"product_tag","embeddable":true,"href":"https:\/\/www.pussycatmerida.com\/eshop\/wp-json\/wp\/v2\/product_tag?post=21125"}],"curies":[{"name":"wp","href":"https:\/\/api.w.org\/{rel}","templated":true}]}}