{"id":21126,"date":"2021-02-26T10:59:50","date_gmt":"2021-02-26T08:59:50","guid":{"rendered":"https:\/\/www.pussycatmerida.com\/eshop\/product\/bijoux-indiscrets-maze-arnes-cruzado-en-pecho-negro\/"},"modified":"2026-03-11T12:39:41","modified_gmt":"2026-03-11T11:39:41","slug":"bijoux-indiscrets-maze-arnes-cruzado-en-pecho-negro","status":"publish","type":"product","link":"https:\/\/www.pussycatmerida.com\/eshop\/producto\/bijoux-indiscrets-maze-arnes-cruzado-en-pecho-negro\/","title":{"rendered":"BIJOUX INDISCRETS MAZE ARN\u00c9S CRUZADO EN PECHO NEGRO"},"content":{"rendered":"<p>El arn\u00e9s cruzado decora y estiliza la zona del pecho. Comb\u00ednalo con tus mejores conjuntos o atr\u00e9vete a llevarlo directamente sobre tu piel.<\/p>\n<p>Descripci\u00f3n:<\/p>\n<ul>\n<li>Correas 100% ajustables<\/li>\n<li>Inspirado en el cl\u00e1sico BDSM: la sensualidad y el poder de las sesiones bondage en un \u00fanico complemento<\/li>\n<li>Comb\u00ednalo con con unos flash o ligueros<\/li>\n<li>100% vegano: correas de poliuretano, fabricado a partir de materiales reciclados<\/li>\n<li>APROBADO VEGANO por parte de la asociaci\u00f3n pro-animalista: PETA<\/li>\n<li>Fashion Erotic Accessories: Fusi\u00f3n entre las \u00faltimas tendencias en moda y el er\u00f3tismo cl\u00e1sico<\/li>\n<li>\u00a1Festival Look! Marca tendencia esta temporada con la colecci\u00f3n de Maze.<\/li>\n<li>\u00a1NOVEDAD! Este pack contiene extensores ajustables.<\/li>\n<li>Todas las correas tienen espacio para a\u00f1adir un agujero extra si es necesario.<\/li>\n<li>Dise\u00f1o exclusivo por Bijoux Indiscrets.<\/li>\n<li>Extras: extensiones incluidas de 2 unidades de 250 mm de largo y 15mm de ancho de \u201ccuero vegano\u201d<\/li>\n<li>Color: Negro<\/li>\n<\/ul>\n<p>Medidas:<\/p>\n<ul>\n<li>Pecho 125 cm (49.21 in)\u00a0<\/li>\n<\/ul>\n<p>Limpieza:<\/p>\n<ul>\n<li>Limpia suavemente con un pa\u00f1o h\u00famedo a\u00f1adiendo una peque\u00f1a cantidad de jab\u00f3n neutro. No frotar el material para evitar da\u00f1ar la superficie del producto.<\/li>\n<\/ul>\n","protected":false},"excerpt":{"rendered":"<p>BIJOUX INDISCRETS MAZE ARN\u00c9S CRUZADO EN PECHO NEGRO<\/p>\n","protected":false},"featured_media":41458,"template":"","meta":[],"pwb-brand":[51,633],"product_brand":[],"product_cat":[313,309],"product_tag":[],"class_list":{"0":"post-21126","1":"product","2":"type-product","3":"status-publish","4":"has-post-thumbnail","6":"pwb-brand-bijoux-indiscrets","7":"pwb-brand-bijoux-indiscretsbijoux-maze","8":"product_cat-lenceriacomplementos-lenceria","9":"product_cat-lenceria","10":"post_count_is_0","11":"boutique_post_style_4","13":"first","14":"instock","15":"taxable","16":"shipping-taxable","17":"purchasable","18":"product-type-simple","19":"boutique_image_style_2"},"brands":[{"id":51,"name":"BIJOUX INDISCRETS","slug":"bijoux-indiscrets"},{"id":633,"name":"BIJOUX- MAZE","slug":"bijoux-indiscretsbijoux-maze"}],"_links":{"self":[{"href":"https:\/\/www.pussycatmerida.com\/eshop\/wp-json\/wp\/v2\/product\/21126","targetHints":{"allow":["GET"]}}],"collection":[{"href":"https:\/\/www.pussycatmerida.com\/eshop\/wp-json\/wp\/v2\/product"}],"about":[{"href":"https:\/\/www.pussycatmerida.com\/eshop\/wp-json\/wp\/v2\/types\/product"}],"wp:featuredmedia":[{"embeddable":true,"href":"https:\/\/www.pussycatmerida.com\/eshop\/wp-json\/wp\/v2\/media\/41458"}],"wp:attachment":[{"href":"https:\/\/www.pussycatmerida.com\/eshop\/wp-json\/wp\/v2\/media?parent=21126"}],"wp:term":[{"taxonomy":"pwb-brand","embeddable":true,"href":"https:\/\/www.pussycatmerida.com\/eshop\/wp-json\/wp\/v2\/pwb-brand?post=21126"},{"taxonomy":"product_brand","embeddable":true,"href":"https:\/\/www.pussycatmerida.com\/eshop\/wp-json\/wp\/v2\/product_brand?post=21126"},{"taxonomy":"product_cat","embeddable":true,"href":"https:\/\/www.pussycatmerida.com\/eshop\/wp-json\/wp\/v2\/product_cat?post=21126"},{"taxonomy":"product_tag","embeddable":true,"href":"https:\/\/www.pussycatmerida.com\/eshop\/wp-json\/wp\/v2\/product_tag?post=21126"}],"curies":[{"name":"wp","href":"https:\/\/api.w.org\/{rel}","templated":true}]}}