{"id":21132,"date":"2021-02-26T11:00:02","date_gmt":"2021-02-26T09:00:02","guid":{"rendered":"https:\/\/www.pussycatmerida.com\/eshop\/product\/bijoux-indiscrets-maze-cinturon-con-correa-negro\/"},"modified":"2026-03-11T12:39:41","modified_gmt":"2026-03-11T11:39:41","slug":"bijoux-indiscrets-maze-cinturon-con-correa-negro","status":"publish","type":"product","link":"https:\/\/www.pussycatmerida.com\/eshop\/producto\/bijoux-indiscrets-maze-cinturon-con-correa-negro\/","title":{"rendered":"BIJOUX INDISCRETS MAZE CINTURON CON CORREA &#8211; NEGRO"},"content":{"rendered":"<p>El accesorio m\u00e1s deseado de esta temporada esconde un doble uso. Su dise\u00f1o no solo permite llevarlo con vestidos de fiesta o con unos jeans, sino que se convierte en unas esposas con correa para desatar tus fantas\u00edas.<\/p>\n<p>C\u00f3mo se usa:<\/p>\n<p>La correa situada en el medio de este accesorio esconde un secreto: des\u00e1tala de tu cintura para descubrirlo. Comienza por soltar esta correa de tu cuerpo, como ves se divide en dos; desengancha de la correa izquierda la extensi\u00f3n. Continua desenganchando en la parte frontal del cintur\u00f3n, ambos extremos, tanto el izquierdo como el derecho, de las correas verticales.<\/p>\n<p>Dobla las correas, que ahora solamente est\u00e1n enganchadas a la anilla frontal, y p\u00e1salas por dentro de esta, de dentro hacia fuera. Engancha en las anillas de las correas, la extensi\u00f3n que has desatado al principio de la correa izquierda. Pasa tus manos por dentro de las \u2018esposas que acabas de construir y deja que gu\u00eden tus movimientos a trav\u00e9s de la correa. Acabas de convertir a tu cintur\u00f3n en un restrictor de movimientos.<\/p>\n<p>Limpieza:<\/p>\n<ul>\n<li>Limpia suavemente con un pa\u00f1o h\u00famedo a\u00f1adiendo una peque\u00f1a cantidad de jab\u00f3n neutro. No frotar el material para evitar da\u00f1ar la superficie del producto.<\/li>\n<\/ul>\n<p>Caracter\u00edsticas:<\/p>\n<ul>\n<li>\u00a1100% ajustable a la cintura!<\/li>\n<li>Inspirado en el cl\u00e1sico BDSM: la sensualidad y el poder de las sesiones bondage en un \u00fanico complemento<\/li>\n<li>Comb\u00ednalo con unos flash o con el l\u00e1tigo MAZE<\/li>\n<li>100% vegano: correas de poliuretano, fabricado a partir de materiales reciclados.<\/li>\n<li>APROBADO VEGANO por parte de la asociaci\u00f3n pro-animalista: PETA<\/li>\n<li>Fashion Erotic Accessories: Fusi\u00f3n entre las \u00faltimas tendencias en moda y el erotismo cl\u00e1sico.<\/li>\n<li>\u00a1Festival Look! Marca tendencia esta temporada con la colecci\u00f3n de Maze<\/li>\n<li>\u00a1NOVEDAD! El pack contiene extensores ajustables.<\/li>\n<li>Todos los materiales tienen espacio extra para a\u00f1adir un agujero extra si es necesario.<\/li>\n<li>Dise\u00f1o exclusivo por Bijoux Indiscrets.<\/li>\n<li>Extras: extensiones incluidas de 3 unidades de 250 mm de largo y 20mm de ancho de \u201ccuero vegano\u201d<\/li>\n<li>Color: Negro<\/li>\n<\/ul>\n<p>Medidas:\u00a0<\/p>\n<ul>\n<li>Cintura 83cm de m\u00e1ximo (32.68 in), 60 cm de m\u00ednimo (23.62 in)\u00a0<\/li>\n<\/ul>\n","protected":false},"excerpt":{"rendered":"<p>BIJOUX INDISCRETS MAZE CINTURON CON CORREA &#8211; NEGRO<\/p>\n","protected":false},"featured_media":41468,"template":"","meta":[],"pwb-brand":[51,633],"product_brand":[],"product_cat":[313,309],"product_tag":[],"class_list":{"0":"post-21132","1":"product","2":"type-product","3":"status-publish","4":"has-post-thumbnail","6":"pwb-brand-bijoux-indiscrets","7":"pwb-brand-bijoux-indiscretsbijoux-maze","8":"product_cat-lenceriacomplementos-lenceria","9":"product_cat-lenceria","10":"post_count_is_0","11":"boutique_post_style_4","13":"first","14":"instock","15":"taxable","16":"shipping-taxable","17":"purchasable","18":"product-type-simple","19":"boutique_image_style_2"},"brands":[{"id":51,"name":"BIJOUX INDISCRETS","slug":"bijoux-indiscrets"},{"id":633,"name":"BIJOUX- MAZE","slug":"bijoux-indiscretsbijoux-maze"}],"_links":{"self":[{"href":"https:\/\/www.pussycatmerida.com\/eshop\/wp-json\/wp\/v2\/product\/21132","targetHints":{"allow":["GET"]}}],"collection":[{"href":"https:\/\/www.pussycatmerida.com\/eshop\/wp-json\/wp\/v2\/product"}],"about":[{"href":"https:\/\/www.pussycatmerida.com\/eshop\/wp-json\/wp\/v2\/types\/product"}],"wp:featuredmedia":[{"embeddable":true,"href":"https:\/\/www.pussycatmerida.com\/eshop\/wp-json\/wp\/v2\/media\/41468"}],"wp:attachment":[{"href":"https:\/\/www.pussycatmerida.com\/eshop\/wp-json\/wp\/v2\/media?parent=21132"}],"wp:term":[{"taxonomy":"pwb-brand","embeddable":true,"href":"https:\/\/www.pussycatmerida.com\/eshop\/wp-json\/wp\/v2\/pwb-brand?post=21132"},{"taxonomy":"product_brand","embeddable":true,"href":"https:\/\/www.pussycatmerida.com\/eshop\/wp-json\/wp\/v2\/product_brand?post=21132"},{"taxonomy":"product_cat","embeddable":true,"href":"https:\/\/www.pussycatmerida.com\/eshop\/wp-json\/wp\/v2\/product_cat?post=21132"},{"taxonomy":"product_tag","embeddable":true,"href":"https:\/\/www.pussycatmerida.com\/eshop\/wp-json\/wp\/v2\/product_tag?post=21132"}],"curies":[{"name":"wp","href":"https:\/\/api.w.org\/{rel}","templated":true}]}}