{"id":21134,"date":"2021-02-26T11:00:08","date_gmt":"2021-02-26T09:00:08","guid":{"rendered":"https:\/\/www.pussycatmerida.com\/eshop\/product\/bijoux-indiscrets-maze-sujetador-con-correas-negro\/"},"modified":"2026-03-11T12:39:41","modified_gmt":"2026-03-11T11:39:41","slug":"bijoux-indiscrets-maze-sujetador-con-correas-negro","status":"publish","type":"product","link":"https:\/\/www.pussycatmerida.com\/eshop\/producto\/bijoux-indiscrets-maze-sujetador-con-correas-negro\/","title":{"rendered":"BIJOUX INDISCRETS MAZE SUJETADOR CON CORREAS &#8211; NEGRO"},"content":{"rendered":"<p>El sujetador con correas MAZE, combina a la perfecci\u00f3n con tus mejores conjuntos de ropa, lencer\u00eda o simplemente sobre tu piel.<\/p>\n<p>Caracter\u00edsticas:\u00a0<\/p>\n<ul>\n<li>100% ajustable a la cintura.<\/li>\n<li>Inspirado en el cl\u00e1sico BDSM: la sensualidad y el poder de las sesiones bondage en un \u00fanico complemento.<\/li>\n<li>Comb\u00ednalo con unos ligueros o unos flash.<\/li>\n<li>100% vegano: correas de poliuretano, fabricado a partir de materiales reciclado.<\/li>\n<li>APROBADO VEGANO por parte de la asociaci\u00f3n pro-animalista: PETA.<\/li>\n<li>Fashion Erotic Accessories: Fusi\u00f3n entre las \u00faltimas tendencias en moda y el erotismo cl\u00e1sico.<\/li>\n<li>\u00a1Festival Look! Marca tendencia esta temporada con la colecci\u00f3n de Maze.<\/li>\n<li>\u00a1NOVEDAD! El pack contiene extensores ajustables.<\/li>\n<li>Todos los materiales tienen espacio extra para a\u00f1adir un agujero extra si es necesario.<\/li>\n<li>Dise\u00f1o exclusivo por Bijoux Indiscrets<\/li>\n<li>Extras: extensiones incluidas de 2 unidades de 200 mm de largo y 15 mm de ancho de \u201ccuero vegano\u201d.<\/li>\n<li>Color: Negro.<\/li>\n<\/ul>\n<p>Medidas:<\/p>\n<ul>\n<li>Bajo pecho de 90cm de m\u00e1ximo (35.43 in), 72 cm de m\u00ednimo (28.35 in)\u00a0<\/li>\n<\/ul>\n<p>Limpieza:\u00a0<\/p>\n<ul>\n<li>Limpia suavemente con un pa\u00f1o h\u00famedo a\u00f1adiendo una peque\u00f1a cantidad de jab\u00f3n neutro. No frotar el material para evitar da\u00f1ar la superficie del producto.\u00a0<\/li>\n<\/ul>\n","protected":false},"excerpt":{"rendered":"<p>BIJOUX INDISCRETS MAZE SUJETADOR CON CORREAS &#8211; NEGRO<\/p>\n","protected":false},"featured_media":41474,"template":"","meta":[],"pwb-brand":[51,633],"product_brand":[],"product_cat":[313,309],"product_tag":[],"class_list":{"0":"post-21134","1":"product","2":"type-product","3":"status-publish","4":"has-post-thumbnail","6":"pwb-brand-bijoux-indiscrets","7":"pwb-brand-bijoux-indiscretsbijoux-maze","8":"product_cat-lenceriacomplementos-lenceria","9":"product_cat-lenceria","10":"post_count_is_0","11":"boutique_post_style_4","13":"first","14":"instock","15":"taxable","16":"shipping-taxable","17":"purchasable","18":"product-type-simple","19":"boutique_image_style_2"},"brands":[{"id":51,"name":"BIJOUX INDISCRETS","slug":"bijoux-indiscrets"},{"id":633,"name":"BIJOUX- MAZE","slug":"bijoux-indiscretsbijoux-maze"}],"_links":{"self":[{"href":"https:\/\/www.pussycatmerida.com\/eshop\/wp-json\/wp\/v2\/product\/21134","targetHints":{"allow":["GET"]}}],"collection":[{"href":"https:\/\/www.pussycatmerida.com\/eshop\/wp-json\/wp\/v2\/product"}],"about":[{"href":"https:\/\/www.pussycatmerida.com\/eshop\/wp-json\/wp\/v2\/types\/product"}],"wp:featuredmedia":[{"embeddable":true,"href":"https:\/\/www.pussycatmerida.com\/eshop\/wp-json\/wp\/v2\/media\/41474"}],"wp:attachment":[{"href":"https:\/\/www.pussycatmerida.com\/eshop\/wp-json\/wp\/v2\/media?parent=21134"}],"wp:term":[{"taxonomy":"pwb-brand","embeddable":true,"href":"https:\/\/www.pussycatmerida.com\/eshop\/wp-json\/wp\/v2\/pwb-brand?post=21134"},{"taxonomy":"product_brand","embeddable":true,"href":"https:\/\/www.pussycatmerida.com\/eshop\/wp-json\/wp\/v2\/product_brand?post=21134"},{"taxonomy":"product_cat","embeddable":true,"href":"https:\/\/www.pussycatmerida.com\/eshop\/wp-json\/wp\/v2\/product_cat?post=21134"},{"taxonomy":"product_tag","embeddable":true,"href":"https:\/\/www.pussycatmerida.com\/eshop\/wp-json\/wp\/v2\/product_tag?post=21134"}],"curies":[{"name":"wp","href":"https:\/\/api.w.org\/{rel}","templated":true}]}}