{"id":21143,"date":"2021-02-26T15:22:48","date_gmt":"2021-02-26T13:22:48","guid":{"rendered":"https:\/\/www.pussycatmerida.com\/eshop\/product\/bijoux-indiscrets-maze-latigo-negro\/"},"modified":"2026-03-11T12:39:14","modified_gmt":"2026-03-11T11:39:14","slug":"bijoux-indiscrets-maze-latigo-negro","status":"publish","type":"product","link":"https:\/\/www.pussycatmerida.com\/eshop\/producto\/bijoux-indiscrets-maze-latigo-negro\/","title":{"rendered":"BIJOUX INDISCRETS MAZE LATIGO NEGRO"},"content":{"rendered":"<p>El accesorio m\u00e1s provocador de esta colecci\u00f3n es el accesorio ideal para combinar con cualquier elemento de la colecci\u00f3n Maze. Acaricia la piel o castiga con placer con el l\u00e1tigo MAZE.<\/p>\n<p>Caracter\u00edsticas:<\/p>\n<ul>\n<li>100% vegano: correas de poliuretano, fabricado a partir de materiales reciclado\u00a0<\/li>\n<li>Inspirado en el cl\u00e1sico BDSM: la sensualidad y el poder de las sesiones bondage en un \u00fanico complemento\u00a0<\/li>\n<li>\u00a1Perfecto con cualquier accesorio Maze!<\/li>\n<li>APROBADO VEGANO por parte de la asociaci\u00f3n pro-animalista: PETA<\/li>\n<li>Fashion Erotic Accessories: Fusi\u00f3n entre las \u00faltimas tendencias en moda y el erotismo cl\u00e1sico.\u00a0<\/li>\n<li>Dise\u00f1o exclusivo por\u00a0Bijoux Indiscrets<\/li>\n<li>Color: Negro<\/li>\n<\/ul>\n<p>Medidas:<\/p>\n<ul>\n<li>Medida \u00fanica<\/li>\n<\/ul>\n<p>Limpieza:<\/p>\n<ul>\n<li>Limpia suavemente con un pa\u00f1o h\u00famedo a\u00f1adiendo una peque\u00f1a cantidad de jab\u00f3n neutro. No frotar el material para evitar da\u00f1ar la superficie del producto.<\/li>\n<\/ul>\n<p>\u00a0<\/p>\n","protected":false},"excerpt":{"rendered":"<p>BIJOUX INDISCRETS MAZE LATIGO NEGRO<\/p>\n","protected":false},"featured_media":51781,"template":"","meta":[],"pwb-brand":[51,633],"product_brand":[],"product_cat":[313,282,412,274,309],"product_tag":[],"class_list":{"0":"post-21143","1":"product","2":"type-product","3":"status-publish","4":"has-post-thumbnail","6":"pwb-brand-bijoux-indiscrets","7":"pwb-brand-bijoux-indiscretsbijoux-maze","8":"product_cat-lenceriacomplementos-lenceria","9":"product_cat-juguetes-sexuales-xxxfetish-bondage","10":"product_cat-juguetes-sexuales-xxxfetish-bondagefustas-palas","11":"product_cat-juguetes-sexuales-xxx","12":"product_cat-lenceria","13":"post_count_is_0","14":"boutique_post_style_4","16":"first","17":"instock","18":"taxable","19":"shipping-taxable","20":"purchasable","21":"product-type-simple","22":"boutique_image_style_2"},"brands":[{"id":51,"name":"BIJOUX INDISCRETS","slug":"bijoux-indiscrets"},{"id":633,"name":"BIJOUX- MAZE","slug":"bijoux-indiscretsbijoux-maze"}],"_links":{"self":[{"href":"https:\/\/www.pussycatmerida.com\/eshop\/wp-json\/wp\/v2\/product\/21143","targetHints":{"allow":["GET"]}}],"collection":[{"href":"https:\/\/www.pussycatmerida.com\/eshop\/wp-json\/wp\/v2\/product"}],"about":[{"href":"https:\/\/www.pussycatmerida.com\/eshop\/wp-json\/wp\/v2\/types\/product"}],"wp:featuredmedia":[{"embeddable":true,"href":"https:\/\/www.pussycatmerida.com\/eshop\/wp-json\/wp\/v2\/media\/51781"}],"wp:attachment":[{"href":"https:\/\/www.pussycatmerida.com\/eshop\/wp-json\/wp\/v2\/media?parent=21143"}],"wp:term":[{"taxonomy":"pwb-brand","embeddable":true,"href":"https:\/\/www.pussycatmerida.com\/eshop\/wp-json\/wp\/v2\/pwb-brand?post=21143"},{"taxonomy":"product_brand","embeddable":true,"href":"https:\/\/www.pussycatmerida.com\/eshop\/wp-json\/wp\/v2\/product_brand?post=21143"},{"taxonomy":"product_cat","embeddable":true,"href":"https:\/\/www.pussycatmerida.com\/eshop\/wp-json\/wp\/v2\/product_cat?post=21143"},{"taxonomy":"product_tag","embeddable":true,"href":"https:\/\/www.pussycatmerida.com\/eshop\/wp-json\/wp\/v2\/product_tag?post=21143"}],"curies":[{"name":"wp","href":"https:\/\/api.w.org\/{rel}","templated":true}]}}