{"id":21214,"date":"2021-02-26T15:43:39","date_gmt":"2021-02-26T13:43:39","guid":{"rendered":"https:\/\/www.pussycatmerida.com\/eshop\/product\/fantasy-c-ring-anillo-vibrador-de-silicona-negro\/"},"modified":"2026-03-11T12:27:36","modified_gmt":"2026-03-11T11:27:36","slug":"fantasy-c-ring-anillo-vibrador-de-silicona-negro","status":"publish","type":"product","link":"https:\/\/www.pussycatmerida.com\/eshop\/producto\/fantasy-c-ring-anillo-vibrador-de-silicona-negro\/","title":{"rendered":"FANTASY C-RING ANILLO VIBRADOR DE SILICONA NEGRO"},"content":{"rendered":"<p>Aumenta el tiempo de la erecci\u00f3n, increibles vibraciones y consigue orgasmos explosivos.<\/p>\n<p>Ahora podr\u00e1s incrementar el tiempo de tus relaciones con este super anillo vibrador. Es estrecho y hace efecto restrictor con lo que mantendr\u00e1s una erecci\u00f3n firme y el orgasmo ser\u00e1 mucho mas potente.\u00a0<\/p>\n<p>Sus vibraciones se transmiten por todo el eje con lo que las sentireis plenamente t\u00fa y tu pareja. Adem\u00e1s podr\u00e9is usarlo en la ducha o el ba\u00f1o con lo que podreis convertir el tiempo del ba\u00f1o tambi\u00e9n en tiempo para el placer.\u00a0<\/p>\n<p>Este anillo est\u00e1 listo para usarlo nada mas sacarlo del embalaje ya que incluye 3 pilas AG13\/LR44.\u00a0<\/p>\n<ul>\n<li>Super anillo vibrador<\/li>\n<li>Material: Silicona y ABS<\/li>\n<li>Color: Morado<\/li>\n<li>Anchura: 59 mm<\/li>\n<li>Altura: 59\u00a0mm<\/li>\n<li>Profundidad: 44 mm<\/li>\n<li>Peso: 28 gr<\/li>\n<\/ul>\n<p style=\"text-align: center;\"><iframe loading=\"lazy\" allowfullscreen=\"\" frameborder=\"0\" height=\"400\" mozallowfullscreen=\"\" scrolling=\"no\" src=\"https:\/\/player.vimeo.com\/video\/236096266\" webkitallowfullscreen=\"\" width=\"700\"><\/iframe><\/p>\n","protected":false},"excerpt":{"rendered":"<p>FANTASY C-RING ANILLO VIBRADOR DE SILICONA NEGRO<\/p>\n","protected":false},"featured_media":54050,"template":"","meta":[],"pwb-brand":[477,476],"product_brand":[],"product_cat":[276,945,903,274,306],"product_tag":[],"class_list":{"0":"post-21214","1":"product","2":"type-product","3":"status-publish","4":"has-post-thumbnail","6":"pwb-brand-pipedreams-fantasy-c-ringz","7":"pwb-brand-pipedreams","8":"product_cat-juguetes-sexuales-xxxaccesorios-para-el-pene","9":"product_cat-anillos-con-vibracion","10":"product_cat-anillos-para-el-pene","11":"product_cat-juguetes-sexuales-xxx","12":"product_cat-juguetes-sexuales-xxxpara-el","13":"post_count_is_0","14":"boutique_post_style_4","16":"first","17":"instock","18":"taxable","19":"shipping-taxable","20":"purchasable","21":"product-type-simple","22":"boutique_image_style_2"},"brands":[{"id":477,"name":"FANTASY C-RINGZ","slug":"pipedreams-fantasy-c-ringz"},{"id":476,"name":"PIPEDREAMS","slug":"pipedreams"}],"_links":{"self":[{"href":"https:\/\/www.pussycatmerida.com\/eshop\/wp-json\/wp\/v2\/product\/21214","targetHints":{"allow":["GET"]}}],"collection":[{"href":"https:\/\/www.pussycatmerida.com\/eshop\/wp-json\/wp\/v2\/product"}],"about":[{"href":"https:\/\/www.pussycatmerida.com\/eshop\/wp-json\/wp\/v2\/types\/product"}],"wp:featuredmedia":[{"embeddable":true,"href":"https:\/\/www.pussycatmerida.com\/eshop\/wp-json\/wp\/v2\/media\/54050"}],"wp:attachment":[{"href":"https:\/\/www.pussycatmerida.com\/eshop\/wp-json\/wp\/v2\/media?parent=21214"}],"wp:term":[{"taxonomy":"pwb-brand","embeddable":true,"href":"https:\/\/www.pussycatmerida.com\/eshop\/wp-json\/wp\/v2\/pwb-brand?post=21214"},{"taxonomy":"product_brand","embeddable":true,"href":"https:\/\/www.pussycatmerida.com\/eshop\/wp-json\/wp\/v2\/product_brand?post=21214"},{"taxonomy":"product_cat","embeddable":true,"href":"https:\/\/www.pussycatmerida.com\/eshop\/wp-json\/wp\/v2\/product_cat?post=21214"},{"taxonomy":"product_tag","embeddable":true,"href":"https:\/\/www.pussycatmerida.com\/eshop\/wp-json\/wp\/v2\/product_tag?post=21214"}],"curies":[{"name":"wp","href":"https:\/\/api.w.org\/{rel}","templated":true}]}}