{"id":21222,"date":"2021-03-01T10:24:06","date_gmt":"2021-03-01T09:24:06","guid":{"rendered":"https:\/\/www.pussycatmerida.com\/eshop\/product\/king-cock-pene-realistico-14-cm-color-natural\/"},"modified":"2026-03-11T12:27:48","modified_gmt":"2026-03-11T11:27:48","slug":"king-cock-pene-realistico-14-cm-color-natural","status":"publish","type":"product","link":"https:\/\/www.pussycatmerida.com\/eshop\/producto\/king-cock-pene-realistico-14-cm-color-natural\/","title":{"rendered":"KING COCK PENE REALISTICO 14 CM COLOR NATURAL"},"content":{"rendered":"<p>Te gustar\u00eda conocer el primer dildo que es igual a la vista y en tacto a un gran pene de verdad como los que siempre hab\u00edas so\u00f1ado?<\/p>\n<p>Para de so\u00f1ar hazte con el Rey de ellos. Cada vena por todo su gran eje,cada glande&#8230; todo est\u00e1 hecho con sumo cuidado a mano,\u00a0 con todos los detalles posibles, para darte la experiencia mas real\u00edstica posible que hayas imaginado.\u00a0<\/p>\n<p>Su ventosa en la base, hace que se adhiera a casi cualquier superficie plana y puede usarse con arneses compatibles. Fabricado en USA con lo que podr\u00e1s disfrutar de una pieza de confianza.\u00a0<\/p>\n<ul>\n<li>Libre de ftalatos<\/li>\n<li>Sin l\u00e1tex\u00a0<\/li>\n<li>Body-safe<\/li>\n<li>HIpoalerg\u00e9nico<\/li>\n<li>Longitud: 14 cm<\/li>\n<li>Anchura m\u00e1xima: 3.3 cm<\/li>\n<li>Longitud insertable: 12.7 cm<\/li>\n<li>Peso: 147.41 gr<\/li>\n<\/ul>\n","protected":false},"excerpt":{"rendered":"<p>KING COCK PENE REALISTICO 14 CM COLOR NATURAL<\/p>\n","protected":false},"featured_media":56435,"template":"","meta":[],"pwb-brand":[493,476],"product_brand":[],"product_cat":[287,274,294,302,304],"product_tag":[],"class_list":{"0":"post-21222","1":"product","2":"type-product","3":"status-publish","4":"has-post-thumbnail","6":"pwb-brand-pipedreams-king-cock","7":"pwb-brand-pipedreams","8":"product_cat-juguetes-sexuales-xxxdildos","9":"product_cat-juguetes-sexuales-xxx","10":"product_cat-juguetes-sexuales-xxxmasturbadores-para-ellas","11":"product_cat-juguetes-sexuales-xxxpenes","12":"product_cat-juguetes-sexuales-xxxpenespenes-realisticos","13":"post_count_is_0","14":"boutique_post_style_4","16":"first","17":"instock","18":"taxable","19":"shipping-taxable","20":"purchasable","21":"product-type-simple","22":"boutique_image_style_2"},"brands":[{"id":493,"name":"KING COCK","slug":"pipedreams-king-cock"},{"id":476,"name":"PIPEDREAMS","slug":"pipedreams"}],"_links":{"self":[{"href":"https:\/\/www.pussycatmerida.com\/eshop\/wp-json\/wp\/v2\/product\/21222","targetHints":{"allow":["GET"]}}],"collection":[{"href":"https:\/\/www.pussycatmerida.com\/eshop\/wp-json\/wp\/v2\/product"}],"about":[{"href":"https:\/\/www.pussycatmerida.com\/eshop\/wp-json\/wp\/v2\/types\/product"}],"wp:featuredmedia":[{"embeddable":true,"href":"https:\/\/www.pussycatmerida.com\/eshop\/wp-json\/wp\/v2\/media\/56435"}],"wp:attachment":[{"href":"https:\/\/www.pussycatmerida.com\/eshop\/wp-json\/wp\/v2\/media?parent=21222"}],"wp:term":[{"taxonomy":"pwb-brand","embeddable":true,"href":"https:\/\/www.pussycatmerida.com\/eshop\/wp-json\/wp\/v2\/pwb-brand?post=21222"},{"taxonomy":"product_brand","embeddable":true,"href":"https:\/\/www.pussycatmerida.com\/eshop\/wp-json\/wp\/v2\/product_brand?post=21222"},{"taxonomy":"product_cat","embeddable":true,"href":"https:\/\/www.pussycatmerida.com\/eshop\/wp-json\/wp\/v2\/product_cat?post=21222"},{"taxonomy":"product_tag","embeddable":true,"href":"https:\/\/www.pussycatmerida.com\/eshop\/wp-json\/wp\/v2\/product_tag?post=21222"}],"curies":[{"name":"wp","href":"https:\/\/api.w.org\/{rel}","templated":true}]}}