{"id":21250,"date":"2021-02-26T14:39:41","date_gmt":"2021-02-26T12:39:41","guid":{"rendered":"https:\/\/www.pussycatmerida.com\/eshop\/product\/womanvibe-mandy-vibrador-recargable-silicona-punto-k\/"},"modified":"2026-03-11T12:27:05","modified_gmt":"2026-03-11T11:27:05","slug":"womanvibe-mandy-vibrador-recargable-silicona-punto-k","status":"publish","type":"product","link":"https:\/\/www.pussycatmerida.com\/eshop\/producto\/womanvibe-mandy-vibrador-recargable-silicona-punto-k\/","title":{"rendered":"WOMANVIBE MANDY VIBRADOR RECARGABLE SILICONA PUNTO \u00abK\u00bb"},"content":{"rendered":"<p>Womanvibe lanza a Mandy, un vibrador con motor dual que ofrece estimulaci\u00f3n intensa, en una forma elegante y agradable. Mandy es perfecto para una masturbaci\u00f3n que te eleve al m\u00e1ximo placer. Mandy incorpora silicona libre de falatos 100% seguro para tu piel y detalles en Abs, completamente flexible se adapta tu cuerpo.<\/p>\n<ul>\n<li>Medidas; 19.9 x 3.5 cm<\/li>\n<li>Silencioso y discreto<\/li>\n<li>Potente<\/li>\n<li>10 Modos de vibraci\u00f3n.<\/li>\n<li>Especial punto \u00abK\u00bb<\/li>\n<li>Flexible<\/li>\n<li>Teclas de f\u00e1cil manejo con un solo bot\u00f3n.<\/li>\n<li>Indicador de Carga<\/li>\n<li>Materiales que no irritan la piel<\/li>\n<li>Aprox una hora de placer ininterrumpido en la intensidad m\u00e1s alta<\/li>\n<li>2 a\u00f1os de garant\u00eda.<\/li>\n<\/ul>\n<p>Mandy es vibraci\u00f3n inteligente! 10 modos vibraci\u00f3n de suave a fuerte que transmiten vibraciones de baja frecuencia potentes.<\/p>\n<ul>\n<li>Bater\u00eda 100% recargable.<\/li>\n<\/ul>\n<p>Mandy  es completamente sumergible perfecto para el uso en Spa o Ducha.<\/p>\n<p>Un vibrador perfecto juguet\u00f3n que te promete satisfacci\u00f3n inmediata.<\/p>\n<p>Instrucciones de uso; <\/p>\n<ul>\n<li>Pulsa durante 3 segundos el bot\u00f3n <img decoding=\"async\" src=\"https:\/\/dreamlove.gesio.be\/UserFiles\/images\/5%286%29.png\" style=\"width: 22px; height: 21px;\" \/> y activar\u00e1 la vibraci\u00f3n en modo 1, seguidamente pulsa de nueva para recorrer los 10 apetecibles modos de vibraci\u00f3n.<\/li>\n<\/ul>\n<p>Indicador de Luces;<\/p>\n<ul>\n<li>Cuando el vibrador est\u00e1 en funcionamiento ver\u00e1 una luz led blanco en el vibrador.<\/li>\n<li>Cuando el vibrador est\u00e1 apagado, ninguna luz led se quedar\u00e1 encendida tras los botones.<\/li>\n<li>Al introducir el cable cargador, el vibrador tendr\u00e1 una luz led blanco intermitente.<\/li>\n<li>Cuando el vibrador est\u00e1 cargado la luz se queda fija.<\/li>\n<\/ul>\n<p><strong>Cargar<\/strong><\/p>\n<p>El vibrador es recargable y permite un manejo c\u00f3modo, sin molestos cables. Antes de utilizarlo por primera vez, debes cargarlo completamente. Utiliza para ello el cable de carga USB incluido. Introducir la clavija del cable USB <img decoding=\"async\" alt=\"\" src=\"https:\/\/dreamlove.gesio.be\/UserFiles\/images\/3%282%29.png\" style=\"width: 17px; height: 20px;\" \/> en el orificio de conexi\u00f3n de carga. Enchufar a la corriente con un conector o al ordenador mediante USB. Mientras el masajeador est\u00e1 en carga una luz estar\u00e1 en modo intermitente, una vez finalizada la carga la luz led se quedar\u00e1 fija.<\/p>\n<p><strong>Advertencia<\/strong>: el primer proceso de carga puede durar hasta cinco horas.<\/p>\n<p><strong>Soluci\u00f3n de problemas<\/strong><\/p>\n<p>En caso de errores o dificultades de manejo relacionadas con el funcionamiento de Mandy  pulsa el bot\u00f3n de encendido durante 5 segundos. Si el producto siguiera sin funcionar, ponte en contacto con; <a href=\"https:\/\/dreamlove.gesio.be\/mailto:service@womanvibe-toy.es\">service@womanvibe-toy.es<\/a><\/p>\n<p><strong>Eliminaci\u00f3n<\/strong><\/p>\n<p>La eliminaci\u00f3n de aparatos electr\u00f3nicos debe realizarse seg\u00fan la normativa para residuos peligrosos vigente en la Uni\u00f3n Europea y en otros pa\u00edses europeos o seg\u00fan las reglamentaciones locales. Respeta las normativas de eliminaci\u00f3n de basuras espec\u00edficas de tu pa\u00eds y, en caso de duda, pregunta a tu distribuidor sobre las opciones de eliminaci\u00f3n.<\/p>\n<p><strong>Contenido<\/strong><\/p>\n<p>Abrir una caja de productos Womanvibe es exclusividad. Todos los productos incluyen caja de presentaci\u00f3n Deluxe en fondo dorado.<\/p>\n<p>En su interior encontrar\u00e1s<\/p>\n<ul>\n<li>Mandy vibrador<\/li>\n<li>Cargador Usb<\/li>\n<\/ul>\n","protected":false},"excerpt":{"rendered":"<p>WOMANVIBE MANDY VIBRADOR RECARGABLE SILICONA PUNTO \u00abK\u00bb<\/p>\n","protected":false},"featured_media":48149,"template":"","meta":[],"pwb-brand":[127],"product_brand":[],"product_cat":[275,274,294,307,322,299,904],"product_tag":[],"class_list":{"0":"post-21250","1":"product","2":"type-product","3":"status-publish","4":"has-post-thumbnail","6":"pwb-brand-womanvibe","7":"product_cat-juguetes-sexuales-xxxacuaticos","8":"product_cat-juguetes-sexuales-xxx","9":"product_cat-juguetes-sexuales-xxxmasturbadores-para-ellas","10":"product_cat-juguetes-sexuales-xxxpunto-g","11":"product_cat-seccion-tuppersex","12":"product_cat-juguetes-sexuales-xxxvibradores","13":"product_cat-vibradores-clasicos","14":"post_count_is_0","15":"boutique_post_style_4","17":"first","18":"instock","19":"taxable","20":"shipping-taxable","21":"purchasable","22":"product-type-simple","23":"boutique_image_style_2"},"brands":[{"id":127,"name":"WOMANVIBE","slug":"womanvibe"}],"_links":{"self":[{"href":"https:\/\/www.pussycatmerida.com\/eshop\/wp-json\/wp\/v2\/product\/21250","targetHints":{"allow":["GET"]}}],"collection":[{"href":"https:\/\/www.pussycatmerida.com\/eshop\/wp-json\/wp\/v2\/product"}],"about":[{"href":"https:\/\/www.pussycatmerida.com\/eshop\/wp-json\/wp\/v2\/types\/product"}],"wp:featuredmedia":[{"embeddable":true,"href":"https:\/\/www.pussycatmerida.com\/eshop\/wp-json\/wp\/v2\/media\/48149"}],"wp:attachment":[{"href":"https:\/\/www.pussycatmerida.com\/eshop\/wp-json\/wp\/v2\/media?parent=21250"}],"wp:term":[{"taxonomy":"pwb-brand","embeddable":true,"href":"https:\/\/www.pussycatmerida.com\/eshop\/wp-json\/wp\/v2\/pwb-brand?post=21250"},{"taxonomy":"product_brand","embeddable":true,"href":"https:\/\/www.pussycatmerida.com\/eshop\/wp-json\/wp\/v2\/product_brand?post=21250"},{"taxonomy":"product_cat","embeddable":true,"href":"https:\/\/www.pussycatmerida.com\/eshop\/wp-json\/wp\/v2\/product_cat?post=21250"},{"taxonomy":"product_tag","embeddable":true,"href":"https:\/\/www.pussycatmerida.com\/eshop\/wp-json\/wp\/v2\/product_tag?post=21250"}],"curies":[{"name":"wp","href":"https:\/\/api.w.org\/{rel}","templated":true}]}}