{"id":21251,"date":"2021-02-26T14:39:44","date_gmt":"2021-02-26T12:39:44","guid":{"rendered":"https:\/\/www.pussycatmerida.com\/eshop\/product\/womanvibe-viora-vibrador-recargable-silicona\/"},"modified":"2026-03-11T12:38:00","modified_gmt":"2026-03-11T11:38:00","slug":"womanvibe-viora-vibrador-recargable-silicona","status":"publish","type":"product","link":"https:\/\/www.pussycatmerida.com\/eshop\/producto\/womanvibe-viora-vibrador-recargable-silicona\/","title":{"rendered":"WOMANVIBE VIORA VIBRADOR RECARGABLE SILICONA"},"content":{"rendered":"<p>Womanvibe Viora, el vibrador Rabbit tiene un dise\u00f1o \u00fanico que le convierte en un aut\u00e9ntico regalo para la vista. Dise\u00f1o curvado para una estimulaci\u00f3n del punto G, estimulador rabbit clitorial, relieve que proporciona un placer adicional. Completamente elegante en color Gold y Lila, este vibrador recargable est\u00e1 fabricado en silicona suave y sedosa respetuosa con el medio ambiente libre de falatos respetuosa con tu piel.<\/p>\n<ul>\n<li>Medidas; 19.5 x 3.3 cm + Estimulador Rabbit 5.8 x 2.3 cm.<\/li>\n<li>Silencioso y discreto<\/li>\n<li>Potente<\/li>\n<li>10 Modos de vibraci\u00f3n.<\/li>\n<li>Teclas de f\u00e1cil manejo.<\/li>\n<li>Indicador de Carga<\/li>\n<li>Materiales que no irritan la piel<\/li>\n<li>Aprox una hora de placer ininterrumpido en la intensidad m\u00e1s alta<\/li>\n<li>2 a\u00f1os de garant\u00eda.<\/li>\n<\/ul>\n<p>Viora es vibraci\u00f3n inteligente! 10 modos vibraci\u00f3n de suave a fuerte que transmiten vibraciones de baja frecuencia potentes.<\/p>\n<ul>\n<li>Bater\u00eda 100% recargable.<\/li>\n<\/ul>\n<p>Viora es completamente sumergible perfecto para el uso en Spa o Ducha.<\/p>\n<p>Un vibrador elegante perfecto para el juego avanzado o de principiantes.\u00a0<\/p>\n<p>Instrucciones de uso;\u00a0<\/p>\n<ul>\n<li>Pulse durante 3 segundos el bot\u00f3n<img decoding=\"async\" alt=\"\" src=\"https:\/\/dreamlove.gesio.be\/UserFiles\/images\/1%286%29.png\" style=\"width: 20px; height: 22px;\" \/>\u00a0y activar\u00e1 la vibraci\u00f3n en modo 1, seguidamente pulsa de nuevo\u00a0<img decoding=\"async\" alt=\"\" src=\"https:\/\/dreamlove.gesio.be\/UserFiles\/images\/1%286%29.png\" style=\"width: 20px; height: 22px;\" \/>para recorrer los 10 apetecibles modos de vibraci\u00f3n.<\/li>\n<li>Pulse\u00a0<img decoding=\"async\" src=\"https:\/\/dreamlove.gesio.be\/UserFiles\/images\/2%286%29.png\" style=\"width: 22px; height: 22px;\" \/>para reducir los modos de vibraci\u00f3n. Pulse\u00a0<img decoding=\"async\" src=\"https:\/\/dreamlove.gesio.be\/UserFiles\/images\/2%286%29.png\" style=\"width: 22px; height: 22px;\" \/>\u00a0durante al menos 3 segundos para apagar el vibrador.<\/li>\n<\/ul>\n<p>Indicador de Luces;<\/p>\n<ul>\n<li>Cuando el vibrador est\u00e1 en funcionamiento ver\u00e1 una luz led blanco en el vibrador.<\/li>\n<li>Cuando el vibrador est\u00e1 apagado, ninguna luz led se quedar\u00e1 encendida tras los botones.<\/li>\n<li>Al introducir el cable cargador, el vibrador tendr\u00e1 una luz led blanco intermitente.<\/li>\n<li>Cuando el vibrador est\u00e1 cargado la luz se queda fija.<\/li>\n<\/ul>\n<p><strong>Cargar<\/strong><\/p>\n<p>El vibrador es recargable y permite un manejo c\u00f3modo, sin molestos cables. Antes de utilizarlo por primera vez, debes cargarlo completamente. Utiliza para ello el cable de carga USB incluido.\u00a0Introducir la clavija del cable USB\u00a0<img decoding=\"async\" alt=\"\" src=\"https:\/\/dreamlove.gesio.be\/UserFiles\/images\/3%282%29.png\" style=\"width: 17px; height: 20px;\" \/>\u00a0en el orificio de conexi\u00f3n de carga. Enchufar a la corriente con un conector o al ordenador mediante USB. Mientras el masajeador est\u00e1 en carga una luz estar\u00e1 en modo intermitente, una vez finalizada la carga la luz led se quedar\u00e1 fija.<\/p>\n<p><strong>Advertencia<\/strong>: el primer proceso de carga puede durar hasta cinco horas.<\/p>\n<p><strong>Soluci\u00f3n de problemas<\/strong><\/p>\n<p>En caso de errores o dificultades de manejo relacionadas con el funcionamiento de Viora pulsa el bot\u00f3n de encendido durante 5 segundos. Si el producto siguiera sin funcionar, ponte en contacto con; <a href=\"https:\/\/dreamlove.gesio.be\/mailto:service@womanvibe-toy.es\">service@womanvibe-toy.es<\/a><\/p>\n<p><strong>Eliminaci\u00f3n<\/strong><\/p>\n<p>La eliminaci\u00f3n de aparatos electr\u00f3nicos debe realizarse seg\u00fan la normativa para residuos peligrosos vigente en la Uni\u00f3n Europea y en otros pa\u00edses europeos o seg\u00fan las reglamentaciones locales. Respeta las normativas de eliminaci\u00f3n de basuras espec\u00edficas de tu pa\u00eds y, en caso de duda, pregunta a tu distribuidor sobre las opciones de eliminaci\u00f3n.<\/p>\n<p><strong>Contenido<\/strong><\/p>\n<p>Abrir una caja de productos Womanvibe es exclusividad. Todos los productos incluyen caja de presentaci\u00f3n Deluxe en fondo dorado.<\/p>\n<p>En su interior encontrar\u00e1s<\/p>\n<ul>\n<li>Viora vibrador<\/li>\n<li>Cargador Usb<\/li>\n<\/ul>\n<p style=\"text-align: center;\"><iframe loading=\"lazy\" allow=\"autoplay; encrypted-media\" allowfullscreen=\"\" frameborder=\"0\" height=\"400\" scrolling=\"no\" src=\"https:\/\/www.youtube.com\/embed\/hZm3nBFWceU\" width=\"800\"><\/iframe><\/p>\n","protected":false},"excerpt":{"rendered":"<p>WOMANVIBE VIORA VIBRADOR RECARGABLE SILICONA<\/p>\n","protected":false},"featured_media":48154,"template":"","meta":[],"pwb-brand":[127],"product_brand":[],"product_cat":[275,274,294,307,322,299,905],"product_tag":[],"class_list":{"0":"post-21251","1":"product","2":"type-product","3":"status-publish","4":"has-post-thumbnail","6":"pwb-brand-womanvibe","7":"product_cat-juguetes-sexuales-xxxacuaticos","8":"product_cat-juguetes-sexuales-xxx","9":"product_cat-juguetes-sexuales-xxxmasturbadores-para-ellas","10":"product_cat-juguetes-sexuales-xxxpunto-g","11":"product_cat-seccion-tuppersex","12":"product_cat-juguetes-sexuales-xxxvibradores","13":"product_cat-vibradores-dobles","14":"post_count_is_0","15":"boutique_post_style_4","17":"first","18":"instock","19":"taxable","20":"shipping-taxable","21":"purchasable","22":"product-type-simple","23":"boutique_image_style_2"},"brands":[{"id":127,"name":"WOMANVIBE","slug":"womanvibe"}],"_links":{"self":[{"href":"https:\/\/www.pussycatmerida.com\/eshop\/wp-json\/wp\/v2\/product\/21251","targetHints":{"allow":["GET"]}}],"collection":[{"href":"https:\/\/www.pussycatmerida.com\/eshop\/wp-json\/wp\/v2\/product"}],"about":[{"href":"https:\/\/www.pussycatmerida.com\/eshop\/wp-json\/wp\/v2\/types\/product"}],"wp:featuredmedia":[{"embeddable":true,"href":"https:\/\/www.pussycatmerida.com\/eshop\/wp-json\/wp\/v2\/media\/48154"}],"wp:attachment":[{"href":"https:\/\/www.pussycatmerida.com\/eshop\/wp-json\/wp\/v2\/media?parent=21251"}],"wp:term":[{"taxonomy":"pwb-brand","embeddable":true,"href":"https:\/\/www.pussycatmerida.com\/eshop\/wp-json\/wp\/v2\/pwb-brand?post=21251"},{"taxonomy":"product_brand","embeddable":true,"href":"https:\/\/www.pussycatmerida.com\/eshop\/wp-json\/wp\/v2\/product_brand?post=21251"},{"taxonomy":"product_cat","embeddable":true,"href":"https:\/\/www.pussycatmerida.com\/eshop\/wp-json\/wp\/v2\/product_cat?post=21251"},{"taxonomy":"product_tag","embeddable":true,"href":"https:\/\/www.pussycatmerida.com\/eshop\/wp-json\/wp\/v2\/product_tag?post=21251"}],"curies":[{"name":"wp","href":"https:\/\/api.w.org\/{rel}","templated":true}]}}