{"id":21256,"date":"2021-02-26T14:39:54","date_gmt":"2021-02-26T12:39:54","guid":{"rendered":"https:\/\/www.pussycatmerida.com\/eshop\/product\/womanvibe-bugsy-estimulador-silicona\/"},"modified":"2026-03-11T12:38:00","modified_gmt":"2026-03-11T11:38:00","slug":"womanvibe-bugsy-estimulador-silicona","status":"publish","type":"product","link":"https:\/\/www.pussycatmerida.com\/eshop\/producto\/womanvibe-bugsy-estimulador-silicona\/","title":{"rendered":"WOMANVIBE BUGSY ESTIMULADOR SILICONA"},"content":{"rendered":"<p>Womanvibe Bugsy, el vibrador rabbit que har\u00e1 enloquecer el cl\u00edtoris. Perfecto para utilizar en cualquier lugar, ll\u00e9valo contigo el bolso y enci\u00e9ndelo cuando te apetezca la emocionante sensaci\u00f3n cosquilleante de Bugsy, alcanza los 11.000 rpm de locura vibrante!!<\/p>\n<p>Desde la punta de las orejas hasta su base, su cuerpo est\u00e1 perfectamente cubierto con una suave y sedosa superficie de silicona.<\/p>\n<p>Su elegante cubierta es hipoalerg\u00e9nica y sutilmente delicada con las pieles m\u00e1s sensibles. Calidad alcanzada gracias a las silicona suave y sedosa respetuosa con tu cuerpo y el medio ambiente.<\/p>\n<p>Perfecto para el uso en el cl\u00edtoris, pezones o zonas sensibles.<\/p>\n<ul>\n<li>Medidas; 2.4 x 7.3 cm<\/li>\n<li>Silencioso y discreto<\/li>\n<li>Dise\u00f1o Ergon\u00f3mico<\/li>\n<li>1 velocidad potente.<\/li>\n<li>Flexible<\/li>\n<li>Teclas de f\u00e1cil manejo con un solo bot\u00f3n.<\/li>\n<li>Materiales que no irritan la piel<\/li>\n<li>Aprox cuarenta y cinco minutos de placer ininterrumpido en la intensidad m\u00e1s alta<\/li>\n<li>1 a\u00f1o de garant\u00eda.<\/li>\n<\/ul>\n<p>Tan f\u00e1cil como colocar las pilas incluidas ( LR44 ) y a Jugar!! Te sorprender\u00e1 la potencia y tacto.<\/p>\n<p>Este toy puede ser usado como estimulador en cualquier lugar.<\/p>\n<p>Instrucciones de uso;\u00a0<\/p>\n<ul>\n<li>Pulsa el bot\u00f3n inferior color negro para activar la vibraci\u00f3n, aseg\u00farate que las pilas est\u00e9n bien colocadas.<\/li>\n<\/ul>\n<p><strong>Eliminaci\u00f3n<\/strong><\/p>\n<p>La eliminaci\u00f3n de aparatos electr\u00f3nicos debe realizarse seg\u00fan la normativa para residuos peligrosos vigente en la Uni\u00f3n Europea y en otros pa\u00edses europeos o seg\u00fan las reglamentaciones locales. Respeta las normativas de eliminaci\u00f3n de basuras espec\u00edficas de tu pa\u00eds y, en caso de duda, pregunta a tu distribuidor sobre las opciones de eliminaci\u00f3n.<\/p>\n<p><strong>Contenido<\/strong><\/p>\n<p>Abrir una caja\u00a0de productos Womanvibe es exclusividad. Todos los productos incluyen caja de presentaci\u00f3n Deluxe en fondo dorado.<\/p>\n<p>En su interior encontrar\u00e1s<\/p>\n<ul>\n<li>Bugsy Vibrador<\/li>\n<li>Pilas<\/li>\n<\/ul>\n<p style=\"text-align: center;\"><iframe loading=\"lazy\" allow=\"autoplay; encrypted-media\" allowfullscreen=\"\" frameborder=\"0\" height=\"400\" scrolling=\"no\" src=\"https:\/\/www.youtube.com\/embed\/AMUGiuLLVHc\" width=\"800\"><\/iframe><\/p>\n","protected":false},"excerpt":{"rendered":"<p>WOMANVIBE BUGSY ESTIMULADOR SILICONA SILICONE RABBIT BUGSY ESTIMULADOR<\/p>\n","protected":false},"featured_media":48178,"template":"","meta":[],"pwb-brand":[127],"product_brand":[],"product_cat":[429,288,274,294,322],"product_tag":[],"class_list":{"0":"post-21256","1":"product","2":"type-product","3":"status-publish","4":"has-post-thumbnail","6":"pwb-brand-womanvibe","7":"product_cat-juguetes-sexuales-xxxbalas-vibradoras","8":"product_cat-juguetes-sexuales-xxxestimuladores","9":"product_cat-juguetes-sexuales-xxx","10":"product_cat-juguetes-sexuales-xxxmasturbadores-para-ellas","11":"product_cat-seccion-tuppersex","12":"post_count_is_0","13":"boutique_post_style_4","15":"first","16":"instock","17":"taxable","18":"shipping-taxable","19":"purchasable","20":"product-type-simple","21":"boutique_image_style_2"},"brands":[{"id":127,"name":"WOMANVIBE","slug":"womanvibe"}],"_links":{"self":[{"href":"https:\/\/www.pussycatmerida.com\/eshop\/wp-json\/wp\/v2\/product\/21256","targetHints":{"allow":["GET"]}}],"collection":[{"href":"https:\/\/www.pussycatmerida.com\/eshop\/wp-json\/wp\/v2\/product"}],"about":[{"href":"https:\/\/www.pussycatmerida.com\/eshop\/wp-json\/wp\/v2\/types\/product"}],"wp:featuredmedia":[{"embeddable":true,"href":"https:\/\/www.pussycatmerida.com\/eshop\/wp-json\/wp\/v2\/media\/48178"}],"wp:attachment":[{"href":"https:\/\/www.pussycatmerida.com\/eshop\/wp-json\/wp\/v2\/media?parent=21256"}],"wp:term":[{"taxonomy":"pwb-brand","embeddable":true,"href":"https:\/\/www.pussycatmerida.com\/eshop\/wp-json\/wp\/v2\/pwb-brand?post=21256"},{"taxonomy":"product_brand","embeddable":true,"href":"https:\/\/www.pussycatmerida.com\/eshop\/wp-json\/wp\/v2\/product_brand?post=21256"},{"taxonomy":"product_cat","embeddable":true,"href":"https:\/\/www.pussycatmerida.com\/eshop\/wp-json\/wp\/v2\/product_cat?post=21256"},{"taxonomy":"product_tag","embeddable":true,"href":"https:\/\/www.pussycatmerida.com\/eshop\/wp-json\/wp\/v2\/product_tag?post=21256"}],"curies":[{"name":"wp","href":"https:\/\/api.w.org\/{rel}","templated":true}]}}