{"id":21257,"date":"2021-02-26T14:39:56","date_gmt":"2021-02-26T12:39:56","guid":{"rendered":"https:\/\/www.pussycatmerida.com\/eshop\/product\/womanvibe-zeus-anillo-vibrador-silicona\/"},"modified":"2026-03-11T12:27:14","modified_gmt":"2026-03-11T11:27:14","slug":"womanvibe-zeus-anillo-vibrador-silicona","status":"publish","type":"product","link":"https:\/\/www.pussycatmerida.com\/eshop\/producto\/womanvibe-zeus-anillo-vibrador-silicona\/","title":{"rendered":"WOMANVIBE ZEUS ANILLO VIBRADOR SILICONA"},"content":{"rendered":"<p>Womanvibe presenta a Zeus, el anillo directamente al coraz\u00f3n de tu amante! , Perfectamente cubierto con una suave y sedosa superficie de silicona. Alcanza las 11.000 rpm convirti\u00e9ndolo en el gal\u00e1n de la vibraci\u00f3n, potente y silenciosa.<\/p>\n<p>Retrasar\u00e1 la eyaculaci\u00f3n y potenciar\u00e1 la erecci\u00f3n una vez introducido en la base del Pene.<\/p>\n<p>Zeus incorpora un estimulador de cl\u00edtoris en forma de coraz\u00f3n con puntas de silicona que transmite una mayor vibraci\u00f3n.<\/p>\n<p>Se adapta a todos los tama\u00f1os de pene.<\/p>\n<ul>\n<li>Medidas; 4.1 x 8.6 cm\u00a0<\/li>\n<li>Silencioso y discreto<\/li>\n<li>Dise\u00f1o Ergon\u00f3mico<\/li>\n<li>1 velocidad potente.<\/li>\n<li>Flexible<\/li>\n<li>Teclas de f\u00e1cil manejo con un solo bot\u00f3n.<\/li>\n<li>Materiales que no irritan la piel<\/li>\n<li>Aprox cuarenta y cinco minutos de placer ininterrumpido en la intensidad m\u00e1s alta<\/li>\n<li>1 a\u00f1o de garant\u00eda.<\/li>\n<\/ul>\n<p>Tan f\u00e1cil como colocar las pilas incluidas ( LR44 ) y a Jugar!! Te sorprender\u00e1 la potencia y tacto.<\/p>\n<p>Instrucciones de uso;\u00a0<\/p>\n<ul>\n<li>Pulsa el bot\u00f3n inferior color negro para activar la vibraci\u00f3n, aseg\u00farate que las pilas est\u00e9n bien colocadas.<\/li>\n<\/ul>\n<p><strong>Eliminaci\u00f3n<\/strong><\/p>\n<p>La eliminaci\u00f3n de aparatos electr\u00f3nicos debe realizarse seg\u00fan la normativa para residuos peligrosos vigente en la Uni\u00f3n Europea y en otros pa\u00edses europeos o seg\u00fan las reglamentaciones locales. Respeta las normativas de eliminaci\u00f3n de basuras espec\u00edficas de tu pa\u00eds y, en caso de duda, pregunta a tu distribuidor sobre las opciones de eliminaci\u00f3n.<\/p>\n<p><strong>Contenido<\/strong><\/p>\n<p>Abrir una caja de productos Womanvibe es exclusividad. Todos los productos incluyen caja de presentaci\u00f3n Deluxe en fondo dorado.<\/p>\n<p>En su interior encontrar\u00e1s<\/p>\n<ul>\n<li>Zeus anillo vibrador.<\/li>\n<li>Pilas<\/li>\n<\/ul>\n<p style=\"text-align: center;\"><iframe loading=\"lazy\" allow=\"autoplay; encrypted-media\" allowfullscreen=\"\" frameborder=\"0\" height=\"400\" scrolling=\"no\" src=\"https:\/\/www.youtube.com\/embed\/ugDHfzoAQQU\" width=\"800\"><\/iframe><\/p>\n","protected":false},"excerpt":{"rendered":"<p>WOMANVIBE ZEUS ANILLO VIBRADOR SILICONA<\/p>\n","protected":false},"featured_media":48183,"template":"","meta":[],"pwb-brand":[127],"product_brand":[],"product_cat":[276,903,274,322],"product_tag":[],"class_list":{"0":"post-21257","1":"product","2":"type-product","3":"status-publish","4":"has-post-thumbnail","6":"pwb-brand-womanvibe","7":"product_cat-juguetes-sexuales-xxxaccesorios-para-el-pene","8":"product_cat-anillos-para-el-pene","9":"product_cat-juguetes-sexuales-xxx","10":"product_cat-seccion-tuppersex","11":"post_count_is_0","12":"boutique_post_style_4","14":"first","15":"instock","16":"taxable","17":"shipping-taxable","18":"purchasable","19":"product-type-simple","20":"boutique_image_style_2"},"brands":[{"id":127,"name":"WOMANVIBE","slug":"womanvibe"}],"_links":{"self":[{"href":"https:\/\/www.pussycatmerida.com\/eshop\/wp-json\/wp\/v2\/product\/21257","targetHints":{"allow":["GET"]}}],"collection":[{"href":"https:\/\/www.pussycatmerida.com\/eshop\/wp-json\/wp\/v2\/product"}],"about":[{"href":"https:\/\/www.pussycatmerida.com\/eshop\/wp-json\/wp\/v2\/types\/product"}],"wp:featuredmedia":[{"embeddable":true,"href":"https:\/\/www.pussycatmerida.com\/eshop\/wp-json\/wp\/v2\/media\/48183"}],"wp:attachment":[{"href":"https:\/\/www.pussycatmerida.com\/eshop\/wp-json\/wp\/v2\/media?parent=21257"}],"wp:term":[{"taxonomy":"pwb-brand","embeddable":true,"href":"https:\/\/www.pussycatmerida.com\/eshop\/wp-json\/wp\/v2\/pwb-brand?post=21257"},{"taxonomy":"product_brand","embeddable":true,"href":"https:\/\/www.pussycatmerida.com\/eshop\/wp-json\/wp\/v2\/product_brand?post=21257"},{"taxonomy":"product_cat","embeddable":true,"href":"https:\/\/www.pussycatmerida.com\/eshop\/wp-json\/wp\/v2\/product_cat?post=21257"},{"taxonomy":"product_tag","embeddable":true,"href":"https:\/\/www.pussycatmerida.com\/eshop\/wp-json\/wp\/v2\/product_tag?post=21257"}],"curies":[{"name":"wp","href":"https:\/\/api.w.org\/{rel}","templated":true}]}}