{"id":21259,"date":"2021-03-01T11:23:28","date_gmt":"2021-03-01T09:23:28","guid":{"rendered":"https:\/\/www.pussycatmerida.com\/eshop\/product\/womanvibe-keisy-i-bola-geisha-silicona\/"},"modified":"2026-03-11T12:38:00","modified_gmt":"2026-03-11T11:38:00","slug":"womanvibe-keisy-i-bola-geisha-silicona","status":"publish","type":"product","link":"https:\/\/www.pussycatmerida.com\/eshop\/producto\/womanvibe-keisy-i-bola-geisha-silicona\/","title":{"rendered":"WOMANVIBE KEISY I BOLA GEISHA SILICONA"},"content":{"rendered":"<p>La bola Geisha Keisy I est\u00e1 fabricada de silicona ultra suave de grado. \u00a1Fortaleces tu suelo p\u00e9lvico y aumenta la sensaci\u00f3n sexual adem\u00e1s de beneficiarte de una mejora en tu salud!<\/p>\n<p>Keisy I es ligera y est\u00e1 formada por una \u00fanica bola china ideal para principiantes.<\/p>\n<ul>\n<li>100% Silicona<\/li>\n<li>Tacto Seda<\/li>\n<li>Si Ftalatos<\/li>\n<li>Medidas; 3.3 x 11.6 cm<\/li>\n<li>Peso; 35 gramos<\/li>\n<\/ul>\n<p>Instrucciones de uso;\u00a0<\/p>\n<ul>\n<li>Lavar antes y despu\u00e9s del uso con jab\u00f3n neutro.<\/li>\n<li>Util\u00edcelas m\u00e1ximo 15 minutos al d\u00eda mientras est\u00e9 en movimiento.<\/li>\n<li>Empezar\u00e1 a notar los resultados tras 7 d\u00edas de uso.<\/li>\n<\/ul>\n<p><strong>Contenido<\/strong><\/p>\n<p>Abrir una caja de productos Womanvibe es exclusividad. Todos los productos incluyen caja de presentaci\u00f3n Deluxe en fondo dorado.<\/p>\n<p>En su interior encontrar\u00e1s<\/p>\n<ul>\n<li>Keisy I bolas chinas.<\/li>\n<\/ul>\n<p style=\"text-align: center;\"><iframe loading=\"lazy\" allow=\"autoplay; encrypted-media\" allowfullscreen=\"\" frameborder=\"0\" height=\"400\" scrolling=\"no\" src=\"https:\/\/www.youtube.com\/embed\/d8kWU_Xuq6Q\" width=\"800\"><\/iframe><\/p>\n","protected":false},"excerpt":{"rendered":"<p>WOMANVIBE KEISY I BOLA GEISHA SILICONA<\/p>\n","protected":false},"featured_media":59009,"template":"","meta":[],"pwb-brand":[127],"product_brand":[],"product_cat":[430,274,322],"product_tag":[],"class_list":{"0":"post-21259","1":"product","2":"type-product","3":"status-publish","4":"has-post-thumbnail","6":"pwb-brand-womanvibe","7":"product_cat-juguetes-sexuales-xxxbolas","8":"product_cat-juguetes-sexuales-xxx","9":"product_cat-seccion-tuppersex","10":"post_count_is_0","11":"boutique_post_style_4","13":"first","14":"instock","15":"taxable","16":"shipping-taxable","17":"purchasable","18":"product-type-simple","19":"boutique_image_style_2"},"brands":[{"id":127,"name":"WOMANVIBE","slug":"womanvibe"}],"_links":{"self":[{"href":"https:\/\/www.pussycatmerida.com\/eshop\/wp-json\/wp\/v2\/product\/21259","targetHints":{"allow":["GET"]}}],"collection":[{"href":"https:\/\/www.pussycatmerida.com\/eshop\/wp-json\/wp\/v2\/product"}],"about":[{"href":"https:\/\/www.pussycatmerida.com\/eshop\/wp-json\/wp\/v2\/types\/product"}],"wp:featuredmedia":[{"embeddable":true,"href":"https:\/\/www.pussycatmerida.com\/eshop\/wp-json\/wp\/v2\/media\/59009"}],"wp:attachment":[{"href":"https:\/\/www.pussycatmerida.com\/eshop\/wp-json\/wp\/v2\/media?parent=21259"}],"wp:term":[{"taxonomy":"pwb-brand","embeddable":true,"href":"https:\/\/www.pussycatmerida.com\/eshop\/wp-json\/wp\/v2\/pwb-brand?post=21259"},{"taxonomy":"product_brand","embeddable":true,"href":"https:\/\/www.pussycatmerida.com\/eshop\/wp-json\/wp\/v2\/product_brand?post=21259"},{"taxonomy":"product_cat","embeddable":true,"href":"https:\/\/www.pussycatmerida.com\/eshop\/wp-json\/wp\/v2\/product_cat?post=21259"},{"taxonomy":"product_tag","embeddable":true,"href":"https:\/\/www.pussycatmerida.com\/eshop\/wp-json\/wp\/v2\/product_tag?post=21259"}],"curies":[{"name":"wp","href":"https:\/\/api.w.org\/{rel}","templated":true}]}}