{"id":21296,"date":"2021-03-09T11:35:08","date_gmt":"2021-03-09T09:35:08","guid":{"rendered":"https:\/\/www.pussycatmerida.com\/eshop\/producto\/molde-pene\/"},"modified":"2026-03-11T12:26:41","modified_gmt":"2026-03-11T11:26:41","slug":"molde-pene","status":"publish","type":"product","link":"https:\/\/www.pussycatmerida.com\/eshop\/producto\/molde-pene\/","title":{"rendered":"MOLDE PENE"},"content":{"rendered":"<p>Cocina de forma divertida y sorprende a amigos o a tu pareja con este divertido molde para hacer huevos fritos con forma de pene. tan s\u00f3lo has de echarlos sobre \u00e9l y los huevos se har\u00e1n con la forma de un pene. \u00a1Echa unas risas con tus amigos o con tu pareja!<\/p>\n<ul>\n<li>Molde pene para huevos fritos\u00a0<\/li>\n<li>Material: Hierro<\/li>\n<\/ul>\n<p>Spencer and Fletwood ha estado creando y vendiendo diversi\u00f3n, comestibles y regalos novedosos desde 1986 con solo materiales e ingredientes de primera calidad (productos increiblemente deliciosos), consiguiendo numerososos premios y galardones.<\/p>\n","protected":false},"excerpt":{"rendered":"<p>MOLDE PENE<\/p>\n","protected":false},"featured_media":50187,"template":"","meta":[],"pwb-brand":[759],"product_brand":[],"product_cat":[384,385,380,396,388],"product_tag":[],"class_list":{"0":"post-21296","1":"product","2":"type-product","3":"status-publish","4":"has-post-thumbnail","6":"pwb-brand-spencerfletwood-limited","7":"product_cat-articulos-variadosarticulos-comestibles","8":"product_cat-articulos-variadosarticulos-divertidos","9":"product_cat-articulos-variados","10":"product_cat-articulos-variadosarticulos-divertidoscomplementos","11":"product_cat-articulos-variadosdespedidas-de-solteros","12":"post_count_is_0","13":"boutique_post_style_4","15":"first","16":"instock","17":"taxable","18":"shipping-taxable","19":"purchasable","20":"product-type-simple","21":"boutique_image_style_2"},"brands":[{"id":759,"name":"SPENCERFLETWOOD LIMITED","slug":"spencerfletwood-limited"}],"_links":{"self":[{"href":"https:\/\/www.pussycatmerida.com\/eshop\/wp-json\/wp\/v2\/product\/21296","targetHints":{"allow":["GET"]}}],"collection":[{"href":"https:\/\/www.pussycatmerida.com\/eshop\/wp-json\/wp\/v2\/product"}],"about":[{"href":"https:\/\/www.pussycatmerida.com\/eshop\/wp-json\/wp\/v2\/types\/product"}],"wp:featuredmedia":[{"embeddable":true,"href":"https:\/\/www.pussycatmerida.com\/eshop\/wp-json\/wp\/v2\/media\/50187"}],"wp:attachment":[{"href":"https:\/\/www.pussycatmerida.com\/eshop\/wp-json\/wp\/v2\/media?parent=21296"}],"wp:term":[{"taxonomy":"pwb-brand","embeddable":true,"href":"https:\/\/www.pussycatmerida.com\/eshop\/wp-json\/wp\/v2\/pwb-brand?post=21296"},{"taxonomy":"product_brand","embeddable":true,"href":"https:\/\/www.pussycatmerida.com\/eshop\/wp-json\/wp\/v2\/product_brand?post=21296"},{"taxonomy":"product_cat","embeddable":true,"href":"https:\/\/www.pussycatmerida.com\/eshop\/wp-json\/wp\/v2\/product_cat?post=21296"},{"taxonomy":"product_tag","embeddable":true,"href":"https:\/\/www.pussycatmerida.com\/eshop\/wp-json\/wp\/v2\/product_tag?post=21296"}],"curies":[{"name":"wp","href":"https:\/\/api.w.org\/{rel}","templated":true}]}}