{"id":21447,"date":"2021-02-26T13:53:56","date_gmt":"2021-02-26T11:53:56","guid":{"rendered":"https:\/\/www.pussycatmerida.com\/eshop\/product\/secretplay-gel-retardante-masculino-endless-pleasure-15-ml\/"},"modified":"2026-03-11T12:38:44","modified_gmt":"2026-03-11T11:38:44","slug":"secretplay-gel-retardante-masculino-endless-pleasure-15-ml","status":"publish","type":"product","link":"https:\/\/www.pussycatmerida.com\/eshop\/producto\/secretplay-gel-retardante-masculino-endless-pleasure-15-ml\/","title":{"rendered":"SECRETPLAY GEL RETARDANTE MASCULINO ENDLESS PLEASURE 15 ML"},"content":{"rendered":"<p>Este gel lubricante permite retrasar la eyaculaci\u00f3n y prolongar el placer sexual para ambos. Un viaje seguro hacia un orgasmo m\u00e1s intenso y satisfactorio. Gel retardante con extractos de manzanilla, cal\u00e9ndula y menta que ayudan a retrasar el orgasmo.\u00a0<\/p>\n<p>MODO DE EMPLEO: Aplicar una peque\u00f1a cantidad sobre el glande del pene y dejar secar unos minutos. Las primeras veces, se recomienda aplicar una peque\u00f1a dosis e ir incrementando la cantidad, si es necesario, hasta llegar al efecto deseado.<\/p>\n<p>PRECAUCIONES: Producto cosm\u00e9tico de uso solo externo. No aplicar sobre los ojos o heridas. No utilizar en caso de hipersensibilidad o alergia a alguno de los ingredientes. En caso de irritaci\u00f3n suspender el uso. No ingerir. Mantener fuera del alcance de los ni\u00f1os. Conservar en lugar fresco, seco y alejado de la luz solar.<\/p>\n<p>Gel retardante con extractos de manzanilla y cal\u00e9ndula hidroglic\u00f3licos que retrasan el orgasmo y la menta que produce efecto fr\u00edo.<\/p>\n<p>Se aplica sobre el pene erecto.<\/p>\n<ul>\n<li>\u00a0Envase\u00a0 con\u00a0 sistema \u00abAirless\u00bb<\/li>\n<li>\u00a0Capacidad: 15 ml<\/li>\n<li>\u00a0Apto para veganos<\/li>\n<li>\u00a0No testado en animales<\/li>\n<li>100% natural<\/li>\n<li>Olor y sabor a menta fresca<\/li>\n<li>Hecho en Espa\u00f1a<\/li>\n<\/ul>\n","protected":false},"excerpt":{"rendered":"<p>SECRETPLAY RETARDING GEL FOR MEN ENDLESS PLEASURE 15 ML<\/p>\n","protected":false},"featured_media":45274,"template":"","meta":[],"pwb-brand":[498,682],"product_brand":[],"product_cat":[328,331],"product_tag":[],"class_list":{"0":"post-21447","1":"product","2":"type-product","3":"status-publish","4":"has-post-thumbnail","6":"pwb-brand-secretplay","7":"pwb-brand-secretplaysecretplay-cosmetic","8":"product_cat-afrodisiacos","9":"product_cat-afrodisiacosretardantes","10":"post_count_is_0","11":"boutique_post_style_4","13":"first","14":"instock","15":"taxable","16":"shipping-taxable","17":"purchasable","18":"product-type-simple","19":"boutique_image_style_2"},"brands":[{"id":498,"name":"SECRETPLAY","slug":"secretplay"},{"id":682,"name":"SECRETPLAY COSMETIC","slug":"secretplaysecretplay-cosmetic"}],"_links":{"self":[{"href":"https:\/\/www.pussycatmerida.com\/eshop\/wp-json\/wp\/v2\/product\/21447","targetHints":{"allow":["GET"]}}],"collection":[{"href":"https:\/\/www.pussycatmerida.com\/eshop\/wp-json\/wp\/v2\/product"}],"about":[{"href":"https:\/\/www.pussycatmerida.com\/eshop\/wp-json\/wp\/v2\/types\/product"}],"wp:featuredmedia":[{"embeddable":true,"href":"https:\/\/www.pussycatmerida.com\/eshop\/wp-json\/wp\/v2\/media\/45274"}],"wp:attachment":[{"href":"https:\/\/www.pussycatmerida.com\/eshop\/wp-json\/wp\/v2\/media?parent=21447"}],"wp:term":[{"taxonomy":"pwb-brand","embeddable":true,"href":"https:\/\/www.pussycatmerida.com\/eshop\/wp-json\/wp\/v2\/pwb-brand?post=21447"},{"taxonomy":"product_brand","embeddable":true,"href":"https:\/\/www.pussycatmerida.com\/eshop\/wp-json\/wp\/v2\/product_brand?post=21447"},{"taxonomy":"product_cat","embeddable":true,"href":"https:\/\/www.pussycatmerida.com\/eshop\/wp-json\/wp\/v2\/product_cat?post=21447"},{"taxonomy":"product_tag","embeddable":true,"href":"https:\/\/www.pussycatmerida.com\/eshop\/wp-json\/wp\/v2\/product_tag?post=21447"}],"curies":[{"name":"wp","href":"https:\/\/api.w.org\/{rel}","templated":true}]}}