{"id":21454,"date":"2021-02-26T14:40:16","date_gmt":"2021-02-26T12:40:16","guid":{"rendered":"https:\/\/www.pussycatmerida.com\/eshop\/product\/treasure-missouri-silicone-rosa\/"},"modified":"2026-03-11T12:38:00","modified_gmt":"2026-03-11T11:38:00","slug":"treasure-missouri-silicone-rosa","status":"publish","type":"product","link":"https:\/\/www.pussycatmerida.com\/eshop\/producto\/treasure-missouri-silicone-rosa\/","title":{"rendered":"TREASURE MISSOURI SILICONE ROSA"},"content":{"rendered":"<p>Treasure Missouri te ofrece sensaci\u00f3n updown, siente como te penetra en cada impulso. El perfecto Missouri, revoluciona la sensaci\u00f3n de los juguetes que ofrecen movimiento arriba y abajo pero el Missouri adem\u00e1s del movimiento aumenta un 200% la sensaci\u00f3n de placer gracias a su silicona suave y sedosa 100% respetuosa con el medio ambiente. Por si fuera poco, con sus dos potentes motores accionar\u00e1s el rabbit en el cl\u00edtoris y sentir\u00e1s una sensaci\u00f3n completa y \u00fanica.<\/p>\n<ul>\n<li>3 motores<\/li>\n<li>Medidas; 257 x 34 mm<\/li>\n<li>Aprox. Dos horas de placer ininterrumpido en la intensidad m\u00e1s alta<\/li>\n<li>Silencioso y discreto<\/li>\n<li>Teclas de f\u00e1cil manejo<\/li>\n<li>Indicador de Carga<\/li>\n<li>Materiales que no irritan la piel<\/li>\n<li>Resistente al agua categor\u00eda Ipx7<\/li>\n<li>2 a\u00f1os de garant\u00eda.<\/li>\n<\/ul>\n<p>Treasure Missouri es vibraci\u00f3n inteligente! 7 modos vibraci\u00f3n de suave a fuerte de f\u00e1cil uso que gracias a la silicona liquida transmite la vibraci\u00f3n m\u00e1s contin\u00faa respetando tu cuerpo y aumentando la sensaci\u00f3n.<\/p>\n<p>Bater\u00eda 100% Recargable de Polymer Lithium, tiempo de carga en 2.5h y una capacidad de 700Ah.<\/p>\n<p>Treasure Missouri es un vibrador completo y seguro con tres potentes motores, uno en su cabezal que transmitir\u00e1 la vibraci\u00f3n al Punto G y zona interna de la vagina. Un motor en el estimulador de cl\u00edtoris y un motor en la zona central que ofrecer\u00e1 una mayor sensaci\u00f3n en la estimulaci\u00f3n.<\/p>\n<p><img decoding=\"async\" src=\"https:\/\/dreamlove.gesio.be\/file:\/\/\/C:\/Users\/Mario\/AppData\/Local\/Temp\/msohtmlclip1\/01\/clip_image001.jpg\" \/>Treasure Missouri es completamente sumergible en categor\u00eda IPX7, lo que lo convierte en un vibrador de alta capacidad vibratoria bajo el agua.<\/p>\n<p><strong>Soluci\u00f3n de problemas<\/strong><\/p>\n<p>En caso de errores o dificultades de manejo relacionadas con el funcionamiento de Treasure Missouri pulsa el bot\u00f3n de encendido durante 5 segundos. Si el producto siguiera sin funcionar, ponte en contacto con; service@treasure-toys.com<\/p>\n<p><strong>Eliminaci\u00f3n<\/strong><\/p>\n<p>La eliminaci\u00f3n de aparatos electr\u00f3nicos debe realizarse seg\u00fan la normativa para residuos peligrosos vigente en la Uni\u00f3n Europea y en otros pa\u00edses europeos o seg\u00fan las reglamentaciones locales. Respeta las normativas de eliminaci\u00f3n de basuras espec\u00edficas de tu pa\u00eds y, en caso de duda, pregunta a tu distribuidor sobre las opciones de eliminaci\u00f3n.<\/p>\n<p><strong>Contenido<\/strong><\/p>\n<p>Abrir una caja de productos Treasure Toys es exclusividad. Todos los productos incluyen caja Deluxe en color negro.<\/p>\n<p>En su interior encontrar\u00e1s<\/p>\n<ul>\n<li>Treasure Missouri<\/li>\n<li>Cargador<\/li>\n<li>Manual de usuario<\/li>\n<\/ul>\n","protected":false},"excerpt":{"rendered":"<p>TREASURE MISSOURI SILICONE PINK<\/p>\n","protected":false},"featured_media":48217,"template":"","meta":[],"pwb-brand":[802],"product_brand":[],"product_cat":[274,294,307,301,322,299,905],"product_tag":[],"class_list":{"0":"post-21454","1":"product","2":"type-product","3":"status-publish","4":"has-post-thumbnail","6":"pwb-brand-treasure","7":"product_cat-juguetes-sexuales-xxx","8":"product_cat-juguetes-sexuales-xxxmasturbadores-para-ellas","9":"product_cat-juguetes-sexuales-xxxpunto-g","10":"product_cat-juguetes-sexuales-xxxrotadores-y-vibradores","11":"product_cat-seccion-tuppersex","12":"product_cat-juguetes-sexuales-xxxvibradores","13":"product_cat-vibradores-dobles","14":"post_count_is_0","15":"boutique_post_style_4","17":"first","18":"instock","19":"taxable","20":"shipping-taxable","21":"purchasable","22":"product-type-simple","23":"boutique_image_style_2"},"brands":[{"id":802,"name":"TREASURE","slug":"treasure"}],"_links":{"self":[{"href":"https:\/\/www.pussycatmerida.com\/eshop\/wp-json\/wp\/v2\/product\/21454","targetHints":{"allow":["GET"]}}],"collection":[{"href":"https:\/\/www.pussycatmerida.com\/eshop\/wp-json\/wp\/v2\/product"}],"about":[{"href":"https:\/\/www.pussycatmerida.com\/eshop\/wp-json\/wp\/v2\/types\/product"}],"wp:featuredmedia":[{"embeddable":true,"href":"https:\/\/www.pussycatmerida.com\/eshop\/wp-json\/wp\/v2\/media\/48217"}],"wp:attachment":[{"href":"https:\/\/www.pussycatmerida.com\/eshop\/wp-json\/wp\/v2\/media?parent=21454"}],"wp:term":[{"taxonomy":"pwb-brand","embeddable":true,"href":"https:\/\/www.pussycatmerida.com\/eshop\/wp-json\/wp\/v2\/pwb-brand?post=21454"},{"taxonomy":"product_brand","embeddable":true,"href":"https:\/\/www.pussycatmerida.com\/eshop\/wp-json\/wp\/v2\/product_brand?post=21454"},{"taxonomy":"product_cat","embeddable":true,"href":"https:\/\/www.pussycatmerida.com\/eshop\/wp-json\/wp\/v2\/product_cat?post=21454"},{"taxonomy":"product_tag","embeddable":true,"href":"https:\/\/www.pussycatmerida.com\/eshop\/wp-json\/wp\/v2\/product_tag?post=21454"}],"curies":[{"name":"wp","href":"https:\/\/api.w.org\/{rel}","templated":true}]}}