{"id":21469,"date":"2021-02-26T14:30:03","date_gmt":"2021-02-26T12:30:03","guid":{"rendered":"https:\/\/www.pussycatmerida.com\/eshop\/product\/uniq-free-aro-protector-preservativo-sin-latex-3uds\/"},"modified":"2026-03-11T12:40:38","modified_gmt":"2026-03-11T11:40:38","slug":"uniq-free-aro-protector-preservativo-sin-latex-3uds","status":"publish","type":"product","link":"https:\/\/www.pussycatmerida.com\/eshop\/producto\/uniq-free-aro-protector-preservativo-sin-latex-3uds\/","title":{"rendered":"UNIQ FREE ARO PROTECTOR PRESERVATIVO SIN LATEX  3UDS"},"content":{"rendered":"<p>El cond\u00f3n UNIQ FREE posee un aro en la base que facilita y agiliza la postura, ofreciendo una mayor protecci\u00f3n para quienes lo usan, de tal manera que las zonas pubianas quedan aisladas evitando el contagio de muchas enfermedades transmitidas a trav\u00e9s de los fluidos corporales.<\/p>\n<p>Beneficios:<\/p>\n<ul>\n<li>M\u00e1s resistente en presi\u00f3n, tensi\u00f3n y rozamiento.<\/li>\n<li>Sensaci\u00f3n natural (permite mayor sensibilidad).<\/li>\n<li>Hipoalerg\u00e9nico.<\/li>\n<li>Inoloro, transparente y extra suave.<\/li>\n<li>No se da\u00f1a en la billetera.<\/li>\n<li>Se adhiere a la piel.<\/li>\n<li>Con base especialmente dise\u00f1ada para ofrecer mayor protecci\u00f3n.<\/li>\n<li>Permite el uso de cualquier lubricante.<\/li>\n<\/ul>\n<p>Los preservativos sin latex fabricado en Resina sintetica ( Polietileno ) son los unicos que ofrecen un espesor de 0.01-0.02 mm, son completamente adaptables y de talla unica con\u00a0 un ancho nonimal desde 60 a\u00a0 90 mm\u00a0\u00a0y un largo de 170-190 mm completamente adaptable.<\/p>\n<p>*Contiene tres condones lubricados y tres sachets de lubricante adicionales.<\/p>\n<p style=\"text-align: center;\"><iframe loading=\"lazy\" allowfullscreen=\"\" frameborder=\"0\" gesture=\"media\" height=\"400\" src=\"https:\/\/www.youtube.com\/embed\/V0ClQ0Wt6Sw\" width=\"600\"><\/iframe><\/p>\n","protected":false},"excerpt":{"rendered":"<p>UNIQ FREE LATEX WITH RING  3UDS<\/p>\n","protected":false},"featured_media":47127,"template":"","meta":[],"pwb-brand":[781],"product_brand":[],"product_cat":[367,372,368],"product_tag":[],"class_list":{"0":"post-21469","1":"product","2":"type-product","3":"status-publish","4":"has-post-thumbnail","6":"pwb-brand-uniq","7":"product_cat-preservativos","8":"product_cat-preservativospreservativos-especiales","9":"product_cat-preservativospreservativos-sin-latex","10":"post_count_is_0","11":"boutique_post_style_4","13":"first","14":"instock","15":"taxable","16":"shipping-taxable","17":"purchasable","18":"product-type-simple","19":"boutique_image_style_2"},"brands":[{"id":781,"name":"UNIQ","slug":"uniq"}],"_links":{"self":[{"href":"https:\/\/www.pussycatmerida.com\/eshop\/wp-json\/wp\/v2\/product\/21469","targetHints":{"allow":["GET"]}}],"collection":[{"href":"https:\/\/www.pussycatmerida.com\/eshop\/wp-json\/wp\/v2\/product"}],"about":[{"href":"https:\/\/www.pussycatmerida.com\/eshop\/wp-json\/wp\/v2\/types\/product"}],"wp:featuredmedia":[{"embeddable":true,"href":"https:\/\/www.pussycatmerida.com\/eshop\/wp-json\/wp\/v2\/media\/47127"}],"wp:attachment":[{"href":"https:\/\/www.pussycatmerida.com\/eshop\/wp-json\/wp\/v2\/media?parent=21469"}],"wp:term":[{"taxonomy":"pwb-brand","embeddable":true,"href":"https:\/\/www.pussycatmerida.com\/eshop\/wp-json\/wp\/v2\/pwb-brand?post=21469"},{"taxonomy":"product_brand","embeddable":true,"href":"https:\/\/www.pussycatmerida.com\/eshop\/wp-json\/wp\/v2\/product_brand?post=21469"},{"taxonomy":"product_cat","embeddable":true,"href":"https:\/\/www.pussycatmerida.com\/eshop\/wp-json\/wp\/v2\/product_cat?post=21469"},{"taxonomy":"product_tag","embeddable":true,"href":"https:\/\/www.pussycatmerida.com\/eshop\/wp-json\/wp\/v2\/product_tag?post=21469"}],"curies":[{"name":"wp","href":"https:\/\/api.w.org\/{rel}","templated":true}]}}