{"id":21470,"date":"2021-02-26T14:30:07","date_gmt":"2021-02-26T12:30:07","guid":{"rendered":"https:\/\/www.pussycatmerida.com\/eshop\/product\/uniq-smart-pre-ereccion-preservativo-sin-latex-3uds\/"},"modified":"2026-03-11T12:40:38","modified_gmt":"2026-03-11T11:40:38","slug":"uniq-smart-pre-ereccion-preservativo-sin-latex-3uds","status":"publish","type":"product","link":"https:\/\/www.pussycatmerida.com\/eshop\/producto\/uniq-smart-pre-ereccion-preservativo-sin-latex-3uds\/","title":{"rendered":"UNIQ SMART PRE-ERECCI\u00d3N PRESERVATIVO SIN LATEX  3UDS"},"content":{"rendered":"<p>UNIQ SMART est\u00e1 especialmente dise\u00f1ado para ponerse antes de la erecci\u00f3n, permaneciendo puesto casi sin notarlo. El cond\u00f3n est\u00e1 listo cuando t\u00fa est\u00e1s listo, sin interrumpir la pasi\u00f3n.<\/p>\n<p>Beneficios:<\/p>\n<ul>\n<li>El cond\u00f3n se puede poner hasta dos horas antes de la relaci\u00f3n y despreocuparse.<\/li>\n<li>Previene las infecciones que se pueden adquirir durante el juego previo.<\/li>\n<li>No interrumpe la pasi\u00f3n entre el juego previo y la relaci\u00f3n sexual.<\/li>\n<li>Una vez con la erecci\u00f3n, se adhiere m\u00e1s al pene produciendo ultra sensibilidad.<\/li>\n<li>Material hipoalerg\u00e9nico, transparente, extra suave, inodoro.<\/li>\n<\/ul>\n<p>Los preservativos sin latex fabricado en Resina sintetica ( Polietileno ) son los unicos que ofrecen un espesor de 0.01-0.02 mm, son completamente adaptables y de talla unica con\u00a0 un ancho nonimal desde 60 a\u00a0 90 mm\u00a0\u00a0y un largo de 170-190 mm completamente adaptable.<\/p>\n<p>*Contiene tres condones y tres sachets de lubricante adicionales.<\/p>\n<p style=\"text-align: center;\"><iframe loading=\"lazy\" allowfullscreen=\"\" frameborder=\"0\" gesture=\"media\" height=\"400\" src=\"https:\/\/www.youtube.com\/embed\/V0ClQ0Wt6Sw\" width=\"600\"><\/iframe><\/p>\n","protected":false},"excerpt":{"rendered":"<p>UNIQ SMART PRE-ERECTION FREE LATEX  3UDS<\/p>\n","protected":false},"featured_media":47131,"template":"","meta":[],"pwb-brand":[781],"product_brand":[],"product_cat":[367,372,368],"product_tag":[],"class_list":{"0":"post-21470","1":"product","2":"type-product","3":"status-publish","4":"has-post-thumbnail","6":"pwb-brand-uniq","7":"product_cat-preservativos","8":"product_cat-preservativospreservativos-especiales","9":"product_cat-preservativospreservativos-sin-latex","10":"post_count_is_0","11":"boutique_post_style_4","13":"first","14":"instock","15":"taxable","16":"shipping-taxable","17":"purchasable","18":"product-type-simple","19":"boutique_image_style_2"},"brands":[{"id":781,"name":"UNIQ","slug":"uniq"}],"_links":{"self":[{"href":"https:\/\/www.pussycatmerida.com\/eshop\/wp-json\/wp\/v2\/product\/21470","targetHints":{"allow":["GET"]}}],"collection":[{"href":"https:\/\/www.pussycatmerida.com\/eshop\/wp-json\/wp\/v2\/product"}],"about":[{"href":"https:\/\/www.pussycatmerida.com\/eshop\/wp-json\/wp\/v2\/types\/product"}],"wp:featuredmedia":[{"embeddable":true,"href":"https:\/\/www.pussycatmerida.com\/eshop\/wp-json\/wp\/v2\/media\/47131"}],"wp:attachment":[{"href":"https:\/\/www.pussycatmerida.com\/eshop\/wp-json\/wp\/v2\/media?parent=21470"}],"wp:term":[{"taxonomy":"pwb-brand","embeddable":true,"href":"https:\/\/www.pussycatmerida.com\/eshop\/wp-json\/wp\/v2\/pwb-brand?post=21470"},{"taxonomy":"product_brand","embeddable":true,"href":"https:\/\/www.pussycatmerida.com\/eshop\/wp-json\/wp\/v2\/product_brand?post=21470"},{"taxonomy":"product_cat","embeddable":true,"href":"https:\/\/www.pussycatmerida.com\/eshop\/wp-json\/wp\/v2\/product_cat?post=21470"},{"taxonomy":"product_tag","embeddable":true,"href":"https:\/\/www.pussycatmerida.com\/eshop\/wp-json\/wp\/v2\/product_tag?post=21470"}],"curies":[{"name":"wp","href":"https:\/\/api.w.org\/{rel}","templated":true}]}}