{"id":21471,"date":"2021-02-26T14:30:09","date_gmt":"2021-02-26T12:30:09","guid":{"rendered":"https:\/\/www.pussycatmerida.com\/eshop\/product\/unique-condom-femenino-con-liguero-sin-latex-3uds\/"},"modified":"2026-03-11T12:40:38","modified_gmt":"2026-03-11T11:40:38","slug":"unique-condom-femenino-con-liguero-sin-latex-3uds","status":"publish","type":"product","link":"https:\/\/www.pussycatmerida.com\/eshop\/producto\/unique-condom-femenino-con-liguero-sin-latex-3uds\/","title":{"rendered":"UNIQUE CONDOM FEMENINO CON LIGUERO SIN LATEX  3UDS"},"content":{"rendered":"<p>Cond\u00f3n femenino, lubricado; con burbuja de aire como mecanismo de retenci\u00f3n interna y delicados sujetadores de encaje que simulan ligas. Muy f\u00e1cil y c\u00f3modo para insertar.<\/p>\n<p>Beneficios:<\/p>\n<ul>\n<li>\u00c9l ya no tendr\u00e1 que usar cond\u00f3n.<\/li>\n<li>\u00c9l solo ve las sensuales ligas, no ve ni siente el lady condom.<\/li>\n<li>Ofrece extra protecci\u00f3n cubriendo los genitales externos.<\/li>\n<li>Es seguro, las bandas el\u00e1sticas evitan que el cond\u00f3n se quede dentro de la vagina.<\/li>\n<li>Algunas mujeres han experimentado mayor estimulaci\u00f3n debido a la burbuja y no se siente el cond\u00f3n.<\/li>\n<li>Lo puedes usar durante el per\u00edodo.<\/li>\n<\/ul>\n<p>Los preservativos sin latex fabricado en Resina sintetica ( Polietileno ) son los unicos que ofrecen un espesor de 0.01-0.02 mm, son completamente adaptables y de talla unica con\u00a0 un ancho nonimal desde 60 a\u00a0 90 mm\u00a0\u00a0y un largo de 170-190 mm completamente adaptable.<\/p>\n<p>*Contiene tres condones y tres sachets de lubricante adicionales.<\/p>\n<p style=\"text-align: center;\"><iframe loading=\"lazy\" allowfullscreen=\"\" frameborder=\"0\" gesture=\"media\" height=\"400\" src=\"https:\/\/www.youtube.com\/embed\/V0ClQ0Wt6Sw\" width=\"600\"><\/iframe><\/p>\n","protected":false},"excerpt":{"rendered":"<p>UNIQUE LADY CONDOM FRE LATEX 3 UDS<\/p>\n","protected":false},"featured_media":47135,"template":"","meta":[],"pwb-brand":[781],"product_brand":[],"product_cat":[367,372,369,368],"product_tag":[],"class_list":{"0":"post-21471","1":"product","2":"type-product","3":"status-publish","4":"has-post-thumbnail","6":"pwb-brand-uniq","7":"product_cat-preservativos","8":"product_cat-preservativospreservativos-especiales","9":"product_cat-preservativospreservativos-femeninos","10":"product_cat-preservativospreservativos-sin-latex","11":"post_count_is_0","12":"boutique_post_style_4","14":"first","15":"instock","16":"taxable","17":"shipping-taxable","18":"purchasable","19":"product-type-simple","20":"boutique_image_style_2"},"brands":[{"id":781,"name":"UNIQ","slug":"uniq"}],"_links":{"self":[{"href":"https:\/\/www.pussycatmerida.com\/eshop\/wp-json\/wp\/v2\/product\/21471","targetHints":{"allow":["GET"]}}],"collection":[{"href":"https:\/\/www.pussycatmerida.com\/eshop\/wp-json\/wp\/v2\/product"}],"about":[{"href":"https:\/\/www.pussycatmerida.com\/eshop\/wp-json\/wp\/v2\/types\/product"}],"wp:featuredmedia":[{"embeddable":true,"href":"https:\/\/www.pussycatmerida.com\/eshop\/wp-json\/wp\/v2\/media\/47135"}],"wp:attachment":[{"href":"https:\/\/www.pussycatmerida.com\/eshop\/wp-json\/wp\/v2\/media?parent=21471"}],"wp:term":[{"taxonomy":"pwb-brand","embeddable":true,"href":"https:\/\/www.pussycatmerida.com\/eshop\/wp-json\/wp\/v2\/pwb-brand?post=21471"},{"taxonomy":"product_brand","embeddable":true,"href":"https:\/\/www.pussycatmerida.com\/eshop\/wp-json\/wp\/v2\/product_brand?post=21471"},{"taxonomy":"product_cat","embeddable":true,"href":"https:\/\/www.pussycatmerida.com\/eshop\/wp-json\/wp\/v2\/product_cat?post=21471"},{"taxonomy":"product_tag","embeddable":true,"href":"https:\/\/www.pussycatmerida.com\/eshop\/wp-json\/wp\/v2\/product_tag?post=21471"}],"curies":[{"name":"wp","href":"https:\/\/api.w.org\/{rel}","templated":true}]}}