{"id":21738,"date":"2021-02-26T14:21:58","date_gmt":"2021-02-26T12:21:58","guid":{"rendered":"https:\/\/www.pussycatmerida.com\/eshop\/product\/shunga-sales-de-bano-aromatizadas-aphrodisia-75gr\/"},"modified":"2026-03-11T12:26:33","modified_gmt":"2026-03-11T11:26:33","slug":"shunga-sales-de-bano-aromatizadas-aphrodisia-75gr","status":"publish","type":"product","link":"https:\/\/www.pussycatmerida.com\/eshop\/producto\/shunga-sales-de-bano-aromatizadas-aphrodisia-75gr\/","title":{"rendered":"SHUNGA SALES DE BA\u00d1O AROMATIZADAS APHRODISIA 75GR"},"content":{"rendered":"<p>Son unas sales de ba\u00f1o aromatizadas. Estos cristales orientales convertir\u00e1n el agua de tu ba\u00f1era en un lago Rosa intenso, proporcion\u00e1ndote a ti y a tu pareja un oasis de fantas\u00eda donde disfrutar de esos momentos de relajaci\u00f3n o excitaci\u00f3n.<\/p>\n<p>De esta forma tan simple podr\u00e1s beneficiarte de las propiedades estimulantes del agua de mar que estas sales te proporcionan.<\/p>\n<ul>\n<li>Contenido 75gr.<\/li>\n<\/ul>\n<p>Shunga es L\u00edder mundia en cosmetica Erotica, sus ingredientes naturales fusionado con principios activos logran un gran resultado<\/p>\n<p>Entrar en el mundo er\u00f3tico de Shunga es viajar al pasado. Traducido literalmente, Shunga significa \u2018imagen de primavera, una manera delicada de decir \u2018relaciones sexuales entre personas.<\/p>\n<p>Esta palabra se usaba para designar las pinturas er\u00f3ticas japonesas del siglo XVI, XVII y XVIII, un tipo llamado ukiyo-e, que no eran otra cosa que obras sobre madera o pergamino con escenas sensuales y episodios de amor carnal, siempre elaborados con mucho cuidado y buen gusto.<\/p>\n<p>El arte Shunga, aunque oculto durante siglos, marc\u00f3 el principio de la industria pornogr\u00e1fica para la clase media nipona y sirvi\u00f3 durante generaciones como ense\u00f1anza para los hijos y las hijas de muchas familias.<\/p>\n","protected":false},"excerpt":{"rendered":"<p>SHUNGA ORIENTAL CRYSTALS APHRODISIA BATH EXPERIENCE 75GR<\/p>\n","protected":false},"featured_media":46441,"template":"","meta":[],"pwb-brand":[42,761],"product_brand":[],"product_cat":[342,337,353,356,354],"product_tag":[],"class_list":{"0":"post-21738","1":"product","2":"type-product","3":"status-publish","4":"has-post-thumbnail","6":"pwb-brand-shunga","7":"pwb-brand-shungashunga-bath-experience","8":"product_cat-aceites-y-lubricantesaceites-y-cremas-de-masaje","9":"product_cat-aceites-y-lubricantes","10":"product_cat-aceites-y-lubricantesaceites-y-cremas-de-masajeclima-erotico","11":"product_cat-aceites-y-lubricantesaceites-y-cremas-de-masajeefecto-afrodisiaco","12":"product_cat-aceites-y-lubricantesaceites-y-cremas-de-masajepara-el-bano","13":"post_count_is_0","14":"boutique_post_style_4","16":"first","17":"instock","18":"taxable","19":"shipping-taxable","20":"purchasable","21":"product-type-simple","22":"boutique_image_style_2"},"brands":[{"id":42,"name":"SHUNGA","slug":"shunga"},{"id":761,"name":"SHUNGA BATH EXPERIENCE","slug":"shungashunga-bath-experience"}],"_links":{"self":[{"href":"https:\/\/www.pussycatmerida.com\/eshop\/wp-json\/wp\/v2\/product\/21738","targetHints":{"allow":["GET"]}}],"collection":[{"href":"https:\/\/www.pussycatmerida.com\/eshop\/wp-json\/wp\/v2\/product"}],"about":[{"href":"https:\/\/www.pussycatmerida.com\/eshop\/wp-json\/wp\/v2\/types\/product"}],"wp:featuredmedia":[{"embeddable":true,"href":"https:\/\/www.pussycatmerida.com\/eshop\/wp-json\/wp\/v2\/media\/46441"}],"wp:attachment":[{"href":"https:\/\/www.pussycatmerida.com\/eshop\/wp-json\/wp\/v2\/media?parent=21738"}],"wp:term":[{"taxonomy":"pwb-brand","embeddable":true,"href":"https:\/\/www.pussycatmerida.com\/eshop\/wp-json\/wp\/v2\/pwb-brand?post=21738"},{"taxonomy":"product_brand","embeddable":true,"href":"https:\/\/www.pussycatmerida.com\/eshop\/wp-json\/wp\/v2\/product_brand?post=21738"},{"taxonomy":"product_cat","embeddable":true,"href":"https:\/\/www.pussycatmerida.com\/eshop\/wp-json\/wp\/v2\/product_cat?post=21738"},{"taxonomy":"product_tag","embeddable":true,"href":"https:\/\/www.pussycatmerida.com\/eshop\/wp-json\/wp\/v2\/product_tag?post=21738"}],"curies":[{"name":"wp","href":"https:\/\/api.w.org\/{rel}","templated":true}]}}