{"id":21892,"date":"2021-02-26T14:40:44","date_gmt":"2021-02-26T12:40:44","guid":{"rendered":"https:\/\/www.pussycatmerida.com\/eshop\/product\/kiki-travel-lubricante-sabor-a-nube-50ml\/"},"modified":"2026-03-11T12:26:19","modified_gmt":"2026-03-11T11:26:19","slug":"kiki-travel-lubricante-sabor-a-nube-50ml","status":"publish","type":"product","link":"https:\/\/www.pussycatmerida.com\/eshop\/producto\/kiki-travel-lubricante-sabor-a-nube-50ml\/","title":{"rendered":"KIK\u00cd TRAVEL LUBRICANTE SABOR A NUBE 50ML"},"content":{"rendered":"<p>Kiki travel\u00a0presenta la colecci\u00f3n femenina perfecta \u201cm\u00e1ximum performance\u201d un rendimiento extremadamente duradero y un sabor a Nube \u00danico.<\/p>\n<p>Los lubricantes est\u00e1n desarrollados a base de agua y proporcionan un tacto sedoso, la formula \u00fanica fusiona sabor y sensaci\u00f3n natural.<\/p>\n<p>Al contacto con la piel, lubrica, hidrata y genera una sensaci\u00f3n de bienestar.<\/p>\n<ul>\n<li>Base de Agua<\/li>\n<li>Producto Vegano<\/li>\n<li>Sin parabenes<\/li>\n<li>Sin Azucares<\/li>\n<li>Sin GlutenCon Aloe Vera<\/li>\n<li>Sabor intenso a Nube<\/li>\n<li>Envase elegante 50ml<\/li>\n<\/ul>\n<p>Todos los productos Kiki travel son completamente compatibles con preservativos de Latex, Juguetes er\u00f3ticos de cualquier material.<\/p>\n<p>Utilice un poco de gel deslizante sobre la base de la mano y extender suavemente en las zonas er\u00f3genas.<\/p>\n<p>INGREDIENTS: AQUA, GLYCERIN, AROMA, HYDROXYETHYLCELLULOSE, SODIUM BENZOATE, POTASSIUM SORBATE, SODIUM CITRATE, SODIUM SACCHARIN, CITRIC ACID, GUAR HYDROXYPROPYLTRIMONIUM CHLORIDE, ALOE BARBADENSIS LEAF JUICE POWDER, MALTODEXTRIN.<\/p>\n<p>La colecci\u00f3n Kiki travel ha sido creada para los amantes placer. 2 a\u00f1os de desarrollo han finalizado con un resultado excelente, consiguiendo los mejores sabores y efectos en geles deslizantes basado en productos naturales, 100% vegano y libre de parabenos.<\/p>\n<p>Kiki travel es la exquisitez elevado al m\u00e1ximo, no solo es un gel deslizante, es la filosof\u00eda de la naturaleza, del buen sexo, del disfrutar, del sentir, de derretirte en el tiempo que provocar\u00e1 explosi\u00f3n en cada segundo al contacto contigo.<\/p>\n","protected":false},"excerpt":{"rendered":"<p>KIK\u00cd TRAVEL LUBRICANTE SABOR A NUBE 50ML<\/p>\n","protected":false},"featured_media":48259,"template":"","meta":[],"pwb-brand":[804],"product_brand":[],"product_cat":[337,338,346,345,322],"product_tag":[],"class_list":{"0":"post-21892","1":"product","2":"type-product","3":"status-publish","4":"has-post-thumbnail","6":"pwb-brand-kiki-travel","7":"product_cat-aceites-y-lubricantes","8":"product_cat-aceites-y-lubricanteslubricantes","9":"product_cat-aceites-y-lubricanteslubricanteslubricantes-comestibles","10":"product_cat-aceites-y-lubricanteslubricanteslubricantes-con-sabores","11":"product_cat-seccion-tuppersex","12":"post_count_is_0","13":"boutique_post_style_4","15":"first","16":"instock","17":"taxable","18":"shipping-taxable","19":"purchasable","20":"product-type-simple","21":"boutique_image_style_2"},"brands":[{"id":804,"name":"KIK\u00cd TRAVEL","slug":"kiki-travel"}],"_links":{"self":[{"href":"https:\/\/www.pussycatmerida.com\/eshop\/wp-json\/wp\/v2\/product\/21892","targetHints":{"allow":["GET"]}}],"collection":[{"href":"https:\/\/www.pussycatmerida.com\/eshop\/wp-json\/wp\/v2\/product"}],"about":[{"href":"https:\/\/www.pussycatmerida.com\/eshop\/wp-json\/wp\/v2\/types\/product"}],"wp:featuredmedia":[{"embeddable":true,"href":"https:\/\/www.pussycatmerida.com\/eshop\/wp-json\/wp\/v2\/media\/48259"}],"wp:attachment":[{"href":"https:\/\/www.pussycatmerida.com\/eshop\/wp-json\/wp\/v2\/media?parent=21892"}],"wp:term":[{"taxonomy":"pwb-brand","embeddable":true,"href":"https:\/\/www.pussycatmerida.com\/eshop\/wp-json\/wp\/v2\/pwb-brand?post=21892"},{"taxonomy":"product_brand","embeddable":true,"href":"https:\/\/www.pussycatmerida.com\/eshop\/wp-json\/wp\/v2\/product_brand?post=21892"},{"taxonomy":"product_cat","embeddable":true,"href":"https:\/\/www.pussycatmerida.com\/eshop\/wp-json\/wp\/v2\/product_cat?post=21892"},{"taxonomy":"product_tag","embeddable":true,"href":"https:\/\/www.pussycatmerida.com\/eshop\/wp-json\/wp\/v2\/product_tag?post=21892"}],"curies":[{"name":"wp","href":"https:\/\/api.w.org\/{rel}","templated":true}]}}