{"id":21895,"date":"2021-02-26T14:40:48","date_gmt":"2021-02-26T12:40:48","guid":{"rendered":"https:\/\/www.pussycatmerida.com\/eshop\/product\/kiki-travel-gel-deslizante-natural-confort-50ml\/"},"modified":"2026-03-11T12:26:15","modified_gmt":"2026-03-11T11:26:15","slug":"kiki-travel-gel-deslizante-natural-confort-50ml","status":"publish","type":"product","link":"https:\/\/www.pussycatmerida.com\/eshop\/producto\/kiki-travel-gel-deslizante-natural-confort-50ml\/","title":{"rendered":"KIK\u00cd TRAVEL GEL DESLIZANTE NATURAL CONFORT 50ML"},"content":{"rendered":"<p>Nina Kiki presenta la colecci\u00f3n femenina perfecta \u201cm\u00e1ximum performance\u201d un rendimiento extremadamente duradero sensaci\u00f3n Natural confort<\/p>\n<p>Los lubricantes est\u00e1n desarrollados a base de agua y proporcionan un tacto sedoso, la formula sensaci\u00f3n natural es confortable sin sabor ni olor<\/p>\n<p>Al contacto con la piel, lubrica, hidrata y genera una sensaci\u00f3n de bienestar.<\/p>\n<ul>\n<li>Base de Agua<\/li>\n<li>Sensaci\u00f3n natural.<\/li>\n<li>Producto Vegano<\/li>\n<li>Sin parabenes<\/li>\n<li>Con Aloe vera<\/li>\n<li>Sin Azucares<\/li>\n<li>Sin Gluten<\/li>\n<li>Envase elegante 50ml<\/li>\n<\/ul>\n<p>Todos los productos Kiki Travel son completamente compatibles con preservativos de Latex, Juguetes er\u00f3ticos de cualquier material.<\/p>\n<p>Utilice un poco de lubricante\u00a0sobre la base de la mano y extender suavemente en las zonas er\u00f3genas.<\/p>\n<p>INGREDIENTS: AQUA, GLYCERIN, AROMA, HYDROXYETHYLCELLULOSE, SODIUM BENZOATE, POTASSIUM SORBATE, SODIUM CITRATE, SODIUM SACCHARIN, CITRIC ACID, GUAR HYDROXYPROPYLTRIMONIUM CHLORIDE, LIMONENE, CITRAL, EUGENOL, ALOE BARBADENSIS LEAF JUICE POWDER, MALTODEXTRIN.<\/p>\n<p>La colecci\u00f3n Kiki Travel ha sido creada para los amantes placer. 2 a\u00f1os de desarrollo han finalizado con un resultado excelente, consiguiendo los mejores sabores y efectos en geles deslizantes basado en productos naturales, 100% vegano y libre de parabenos.<\/p>\n<p>Nina Kiki es la exquisitez elevado al m\u00e1ximo, no solo es un gel deslizante, es la filosof\u00eda de la naturaleza, del buen sexo, del disfrutar, del sentir, de derretirte en el tiempo que provocar\u00e1 explosi\u00f3n en cada segundo al contacto contigo.<\/p>\n","protected":false},"excerpt":{"rendered":"<p>KIK\u00cd TRAVEL GEL DESLIZANTE NATURAL CONFORT 50ML<\/p>\n","protected":false},"featured_media":48262,"template":"","meta":[],"pwb-brand":[804],"product_brand":[],"product_cat":[337,339,338,322],"product_tag":[],"class_list":{"0":"post-21895","1":"product","2":"type-product","3":"status-publish","4":"has-post-thumbnail","6":"pwb-brand-kiki-travel","7":"product_cat-aceites-y-lubricantes","8":"product_cat-aceites-y-lubricanteslubricantesbase-de-agua","9":"product_cat-aceites-y-lubricanteslubricantes","10":"product_cat-seccion-tuppersex","11":"post_count_is_0","12":"boutique_post_style_4","14":"first","15":"instock","16":"taxable","17":"shipping-taxable","18":"purchasable","19":"product-type-simple","20":"boutique_image_style_2"},"brands":[{"id":804,"name":"KIK\u00cd TRAVEL","slug":"kiki-travel"}],"_links":{"self":[{"href":"https:\/\/www.pussycatmerida.com\/eshop\/wp-json\/wp\/v2\/product\/21895","targetHints":{"allow":["GET"]}}],"collection":[{"href":"https:\/\/www.pussycatmerida.com\/eshop\/wp-json\/wp\/v2\/product"}],"about":[{"href":"https:\/\/www.pussycatmerida.com\/eshop\/wp-json\/wp\/v2\/types\/product"}],"wp:featuredmedia":[{"embeddable":true,"href":"https:\/\/www.pussycatmerida.com\/eshop\/wp-json\/wp\/v2\/media\/48262"}],"wp:attachment":[{"href":"https:\/\/www.pussycatmerida.com\/eshop\/wp-json\/wp\/v2\/media?parent=21895"}],"wp:term":[{"taxonomy":"pwb-brand","embeddable":true,"href":"https:\/\/www.pussycatmerida.com\/eshop\/wp-json\/wp\/v2\/pwb-brand?post=21895"},{"taxonomy":"product_brand","embeddable":true,"href":"https:\/\/www.pussycatmerida.com\/eshop\/wp-json\/wp\/v2\/product_brand?post=21895"},{"taxonomy":"product_cat","embeddable":true,"href":"https:\/\/www.pussycatmerida.com\/eshop\/wp-json\/wp\/v2\/product_cat?post=21895"},{"taxonomy":"product_tag","embeddable":true,"href":"https:\/\/www.pussycatmerida.com\/eshop\/wp-json\/wp\/v2\/product_tag?post=21895"}],"curies":[{"name":"wp","href":"https:\/\/api.w.org\/{rel}","templated":true}]}}