{"id":21932,"date":"2021-02-26T14:41:07","date_gmt":"2021-02-26T12:41:07","guid":{"rendered":"https:\/\/www.pussycatmerida.com\/eshop\/product\/intense-hilari-vibrador-rosa-silicon-luxe\/"},"modified":"2026-03-11T12:38:01","modified_gmt":"2026-03-11T11:38:01","slug":"intense-hilari-vibrador-rosa-silicon-luxe","status":"publish","type":"product","link":"https:\/\/www.pussycatmerida.com\/eshop\/producto\/intense-hilari-vibrador-rosa-silicon-luxe\/","title":{"rendered":"INTENSE HILARI VIBRADOR ROSA SILICON LUXE"},"content":{"rendered":"<p>El para\u00edso es intenso y por eso desc\u00fabrelo con Hilari, el perfecto vibrador rabbit que estimular\u00e1 cada sentido de tu cl\u00edtoris. Es un vibrador flexible y ergon\u00f3mico con 30 modos de vibraci\u00f3n, completamente flexible.<\/p>\n<p>Incorpora dos motores potentes, uno en la zona superior y otro en el rabbit.<\/p>\n<ul>\n<li>Libre de falatos<\/li>\n<li>Silicona suave<\/li>\n<li>Flexible<\/li>\n<li>30 modos de vibraci\u00f3n<\/li>\n<li>Estimulaci\u00f3n clitorial.<\/li>\n<li>Sumergible.<\/li>\n<li>Potente<\/li>\n<li>Medidas; 3.4 x 18.9 cm<\/li>\n<li>Funciona con dos pilas AAA no incluidas que puedes encontrar en la secci\u00f3n pilas.<\/li>\n<\/ul>\n<p>Todos los motores intensen son silenciosos.<\/p>\n<p>Completamente sumergible es apto para la ducha o Spa y perfecto para tus momentos de ba\u00f1o<\/p>\n<p>La silicona Intense es suave y sedosa, no porosa y compatible con lubricantes a base de agua.<\/p>\n<p>Hilari, \u00a0est\u00e1 presentado en caja elegante e incluye una bolsa para guardarlo despu\u00e9s de su uso.<\/p>\n<p>Disfruta de Intense con 1 a\u00f1o de garant\u00eda total.<\/p>\n","protected":false},"excerpt":{"rendered":"<p>INTENSE HILARI VIBRATOR SILICON PINK<\/p>\n","protected":false},"featured_media":48291,"template":"","meta":[],"pwb-brand":[146,518,465],"product_brand":[],"product_cat":[274,294,307,322,299,905],"product_tag":[],"class_list":{"0":"post-21932","1":"product","2":"type-product","3":"status-publish","4":"has-post-thumbnail","6":"pwb-brand-intense","7":"pwb-brand-intenseintense-toysintense-fun","8":"pwb-brand-intenseintense-toys","9":"product_cat-juguetes-sexuales-xxx","10":"product_cat-juguetes-sexuales-xxxmasturbadores-para-ellas","11":"product_cat-juguetes-sexuales-xxxpunto-g","12":"product_cat-seccion-tuppersex","13":"product_cat-juguetes-sexuales-xxxvibradores","14":"product_cat-vibradores-dobles","15":"post_count_is_0","16":"boutique_post_style_4","18":"first","19":"instock","20":"taxable","21":"shipping-taxable","22":"purchasable","23":"product-type-simple","24":"boutique_image_style_2"},"brands":[{"id":146,"name":"INTENSE","slug":"intense"},{"id":518,"name":"INTENSE FUN","slug":"intenseintense-toysintense-fun"},{"id":465,"name":"INTENSE TOYS","slug":"intenseintense-toys"}],"_links":{"self":[{"href":"https:\/\/www.pussycatmerida.com\/eshop\/wp-json\/wp\/v2\/product\/21932","targetHints":{"allow":["GET"]}}],"collection":[{"href":"https:\/\/www.pussycatmerida.com\/eshop\/wp-json\/wp\/v2\/product"}],"about":[{"href":"https:\/\/www.pussycatmerida.com\/eshop\/wp-json\/wp\/v2\/types\/product"}],"wp:featuredmedia":[{"embeddable":true,"href":"https:\/\/www.pussycatmerida.com\/eshop\/wp-json\/wp\/v2\/media\/48291"}],"wp:attachment":[{"href":"https:\/\/www.pussycatmerida.com\/eshop\/wp-json\/wp\/v2\/media?parent=21932"}],"wp:term":[{"taxonomy":"pwb-brand","embeddable":true,"href":"https:\/\/www.pussycatmerida.com\/eshop\/wp-json\/wp\/v2\/pwb-brand?post=21932"},{"taxonomy":"product_brand","embeddable":true,"href":"https:\/\/www.pussycatmerida.com\/eshop\/wp-json\/wp\/v2\/product_brand?post=21932"},{"taxonomy":"product_cat","embeddable":true,"href":"https:\/\/www.pussycatmerida.com\/eshop\/wp-json\/wp\/v2\/product_cat?post=21932"},{"taxonomy":"product_tag","embeddable":true,"href":"https:\/\/www.pussycatmerida.com\/eshop\/wp-json\/wp\/v2\/product_tag?post=21932"}],"curies":[{"name":"wp","href":"https:\/\/api.w.org\/{rel}","templated":true}]}}