{"id":21937,"date":"2021-02-26T14:41:17","date_gmt":"2021-02-26T12:41:17","guid":{"rendered":"https:\/\/www.pussycatmerida.com\/eshop\/product\/intense-guppy-vibrador-rotador-lila\/"},"modified":"2026-03-11T12:38:01","modified_gmt":"2026-03-11T11:38:01","slug":"intense-guppy-vibrador-rotador-lila","status":"publish","type":"product","link":"https:\/\/www.pussycatmerida.com\/eshop\/producto\/intense-guppy-vibrador-rotador-lila\/","title":{"rendered":"INTENSE GUPPY VIBRADOR ROTADOR LILA"},"content":{"rendered":"<div>El para\u00edso es intenso y por eso desc\u00fabrelo con Guppy.\u00a0 El vibrador perfecto para llegar a cualquier zona sensible. Los rotadores intense permiten una mayor sensaci\u00f3n vaginal para principiantes o expertos que, adem\u00e1s, se puede encender el rabbit que har\u00e1 vibrar el estimulador clitorial.\u00a0<\/div>\n<div>Se puede regular en 12 velocidades diferentes. Tambi\u00e9n se puede indicar la direcci\u00f3n del giro con 4 modos \u00a1Es algo realmente imprescindible!<\/div>\n<div>Estuard<\/div>\n<div>\u00a0te ofrece;<\/div>\n<ul>\n<li>12 modos de vibraci\u00f3n<\/li>\n<li>4 modos de rotaci\u00f3n<\/li>\n<li>Estimulaci\u00f3n clitorial intensa<\/li>\n<li>Ergon\u00f3mico\u00a0<\/li>\n<li>Motor potente<\/li>\n<li>Libre de falatos<\/li>\n<li>Rotaci\u00f3n m\u00faltiple<\/li>\n<li>Movimiento arriba y abajo simultaneo<\/li>\n<li>Seguro para el cuerpo.<\/li>\n<li>Medidas; 27.5 x 3.6 cm<\/li>\n<\/ul>\n<div>Funciona con 4 Pilas AAA no incluidas.<\/div>\n<div>Disfruta de Intense con 1 a\u00f1o de garant\u00eda total.<\/div>\n","protected":false},"excerpt":{"rendered":"<p>INTENSE GUPPY VIBRATOR RABBIT PURPLE<\/p>\n","protected":false},"featured_media":48316,"template":"","meta":[],"pwb-brand":[146,518,465],"product_brand":[],"product_cat":[288,274,294,307,301,322,299],"product_tag":[],"class_list":{"0":"post-21937","1":"product","2":"type-product","3":"status-publish","4":"has-post-thumbnail","6":"pwb-brand-intense","7":"pwb-brand-intenseintense-toysintense-fun","8":"pwb-brand-intenseintense-toys","9":"product_cat-juguetes-sexuales-xxxestimuladores","10":"product_cat-juguetes-sexuales-xxx","11":"product_cat-juguetes-sexuales-xxxmasturbadores-para-ellas","12":"product_cat-juguetes-sexuales-xxxpunto-g","13":"product_cat-juguetes-sexuales-xxxrotadores-y-vibradores","14":"product_cat-seccion-tuppersex","15":"product_cat-juguetes-sexuales-xxxvibradores","16":"post_count_is_0","17":"boutique_post_style_4","19":"first","20":"instock","21":"taxable","22":"shipping-taxable","23":"purchasable","24":"product-type-simple","25":"boutique_image_style_2"},"brands":[{"id":146,"name":"INTENSE","slug":"intense"},{"id":518,"name":"INTENSE FUN","slug":"intenseintense-toysintense-fun"},{"id":465,"name":"INTENSE TOYS","slug":"intenseintense-toys"}],"_links":{"self":[{"href":"https:\/\/www.pussycatmerida.com\/eshop\/wp-json\/wp\/v2\/product\/21937","targetHints":{"allow":["GET"]}}],"collection":[{"href":"https:\/\/www.pussycatmerida.com\/eshop\/wp-json\/wp\/v2\/product"}],"about":[{"href":"https:\/\/www.pussycatmerida.com\/eshop\/wp-json\/wp\/v2\/types\/product"}],"wp:featuredmedia":[{"embeddable":true,"href":"https:\/\/www.pussycatmerida.com\/eshop\/wp-json\/wp\/v2\/media\/48316"}],"wp:attachment":[{"href":"https:\/\/www.pussycatmerida.com\/eshop\/wp-json\/wp\/v2\/media?parent=21937"}],"wp:term":[{"taxonomy":"pwb-brand","embeddable":true,"href":"https:\/\/www.pussycatmerida.com\/eshop\/wp-json\/wp\/v2\/pwb-brand?post=21937"},{"taxonomy":"product_brand","embeddable":true,"href":"https:\/\/www.pussycatmerida.com\/eshop\/wp-json\/wp\/v2\/product_brand?post=21937"},{"taxonomy":"product_cat","embeddable":true,"href":"https:\/\/www.pussycatmerida.com\/eshop\/wp-json\/wp\/v2\/product_cat?post=21937"},{"taxonomy":"product_tag","embeddable":true,"href":"https:\/\/www.pussycatmerida.com\/eshop\/wp-json\/wp\/v2\/product_tag?post=21937"}],"curies":[{"name":"wp","href":"https:\/\/api.w.org\/{rel}","templated":true}]}}